{"id":378,"date":"2022-10-25T15:24:26","date_gmt":"2022-10-25T12:24:26","guid":{"rendered":"https:\/\/gruyerestories.com\/archive2022\/?page_id=378"},"modified":"2022-10-25T15:24:53","modified_gmt":"2022-10-25T12:24:53","slug":"ambassadorer_i_stockholm","status":"publish","type":"page","link":"https:\/\/gruyerestories.com\/archive2022\/no\/ambassadorer_i_stockholm\/","title":{"rendered":"Ambassad\u00f8rer i Stockholm"},"content":{"rendered":"\n<h2 class=\"wp-block-heading\">Sammen igjen<\/h2>\n\n\n\n<div class=\"wp-block-columns is-layout-flex wp-container-core-columns-is-layout-9d6595d7 wp-block-columns-is-layout-flex\">\n<div class=\"wp-block-column is-layout-flow wp-block-column-is-layout-flow\" style=\"flex-basis:58%\">\n<p>I en stadig travlere hverdag er det ikke lenger gitt at familier samles til et felles m\u00e5ltid rundt middagsbordet, og i hvert fall ikke at venner inviteres til middag. Alle er travle med sitt, og mat levert hjem p\u00e5 d\u00f8ren er stadig oftere f\u00f8rstevalget.<\/p>\n\n\n\n<p>Hva kan vi gj\u00f8re for \u00e5 bli bedre til \u00e5 tilbringe tid sammen og faktisk snakke sammen, samtidig som vi nyter deilig mat? Le Gruy\u00e8re AOP bestemte seg for \u00e5 fremme et tema for \u00e5ret. Resultatet: \u00abSamv\u00e6r\u00bb.<\/p>\n\n\n\n<p>P\u00e5 kort varsel sendte vi ambassad\u00f8rteamet v\u00e5rt, som kommer fra hele Norden, til Stockholm. Alle fikk i oppdrag \u00e5 ha med seg en oppskrift og godt hum\u00f8r. Og med de menneskene vi har i teamet v\u00e5rt er det ingen mangel p\u00e5 noen av delene.<\/p>\n<\/div>\n\n\n\n<div class=\"wp-block-column is-layout-flow wp-block-column-is-layout-flow\" style=\"flex-basis:42%\">\n<figure class=\"wp-block-image size-full\"><img loading=\"lazy\" decoding=\"async\" width=\"768\" height=\"1024\" src=\"https:\/\/gruyerestories.com\/archive2022\/wp-content\/uploads\/2022\/09\/ambassadords2.jpg\" alt=\"Le Gruy\u00e8re AOP\" class=\"wp-image-228\" srcset=\"https:\/\/gruyerestories.com\/archive2022\/wp-content\/uploads\/2022\/09\/ambassadords2.jpg 768w, https:\/\/gruyerestories.com\/archive2022\/wp-content\/uploads\/2022\/09\/ambassadords2-225x300.jpg 225w\" sizes=\"auto, (max-width: 768px) 100vw, 768px\" \/><\/figure>\n<\/div>\n<\/div>\n\n\n\n<p><strong>Le Gruy\u00e8re AOP har samarbeidet med flere nordiske matpersonligheter, og Stockholm var s\u00e5 heldig \u00e5 f\u00e5 nyte godt av tilstedev\u00e6relsen til de f\u00f8lgende:<\/strong><\/p>\n\n\n\n<p><a href=\"https:\/\/www.instagram.com\/louisalorang\/\" target=\"_blank\" rel=\"noreferrer noopener\">Louisa Lorang<\/a> er en dansk matstylist og skribent som har blitt kjent p\u00e5 flere omr\u00e5der, men hovedsakelig for sine TV-opptredener.<\/p>\n\n\n\n<p><a href=\"https:\/\/www.instagram.com\/petter_backlund\/\" target=\"_blank\" rel=\"noreferrer noopener\">Petter B\u00e4cklund<\/a> har lenge har v\u00e6rt en samarbeidspartner for Le Gruy\u00e8re AOP innen matfotografi. Han er ogs\u00e5 matjournalist og generelt en matentusiast.<\/p>\n\n\n\n<p><a href=\"https:\/\/www.instagram.com\/superfoodsweden\/\" target=\"_blank\" rel=\"noreferrer noopener\">Jenny Westman<\/a> er en helsekostspesialist, blogger, PT og en fremragende person p\u00e5 flere omr\u00e5der. Hun balanserer det gode liv med deilig mat med \u00e5 fremme god helse.<\/p>\n\n\n\n<p><a href=\"https:\/\/www.instagram.com\/systrarnaeisenman\/\" target=\"_blank\" rel=\"noreferrer noopener\">Systrarna Eisenman<\/a> er de opprinnelige matbloggerne i Sverige. De startet en kokebokkaf\u00e9 og ble siden premierte kokebokforfattere, bloggere og matstylister. De er lidenskapelige matelskere.<\/p>\n\n\n\n<p>S\u00e5 det var utgangspunktet.<\/p>\n\n\n\n<div class=\"wp-block-columns is-layout-flex wp-container-core-columns-is-layout-9d6595d7 wp-block-columns-is-layout-flex\">\n<div class=\"wp-block-column is-layout-flow wp-block-column-is-layout-flow\" style=\"flex-basis:44%\">\n<figure class=\"wp-block-image size-full\"><img loading=\"lazy\" decoding=\"async\" width=\"768\" height=\"1024\" src=\"https:\/\/gruyerestories.com\/archive2022\/wp-content\/uploads\/2022\/09\/ambassadords3.jpg\" alt=\"Le Gruy\u00e8re AOP\" class=\"wp-image-229\" srcset=\"https:\/\/gruyerestories.com\/archive2022\/wp-content\/uploads\/2022\/09\/ambassadords3.jpg 768w, https:\/\/gruyerestories.com\/archive2022\/wp-content\/uploads\/2022\/09\/ambassadords3-225x300.jpg 225w\" sizes=\"auto, (max-width: 768px) 100vw, 768px\" \/><\/figure>\n<\/div>\n\n\n\n<div class=\"wp-block-column is-layout-flow wp-block-column-is-layout-flow\" style=\"flex-basis:56%\">\n<p>Forresten, hvis du vil henge sammen med vennene dine og lage mat, akkurat som disse, m\u00e5 du huske \u00e5 bli med i <a href=\"\/no\/konkurranse\">konkurransen<\/a>. Du har muligheten til \u00e5 vinne 2,5 kg original Le Gruy\u00e8re AOP. S\u00e5 kan du invitere venner og ta den helt ut p\u00e5 kj\u00f8kkenet!<\/p>\n\n\n\n<p>Sjekk ut dette korte <a data-type=\"internal\" data-id=\"#video\" href=\"#video\">video<\/a> fra arrangementet, eller se p\u00e5 noen av de flotte bildene og <a data-type=\"internal\" data-id=\"#recipes\" href=\"#recipes\">oppskriftene<\/a>.<\/p>\n<\/div>\n<\/div>\n\n\n\n<div id=\"video\" style=\"padding:56.25% 0 0 0;margin-bottom:1rem;position:relative;\"><iframe src=\"https:\/\/player.vimeo.com\/video\/752494361?h=34c5869d5e&amp;badge=0&amp;autopause=0&amp;player_id=0&amp;app_id=58479\" frameborder=\"0\" allow=\"autoplay; fullscreen; picture-in-picture\" allowfullscreen=\"\" style=\"position:absolute;top:0;left:0;width:100%;height:100%;\" title=\"GRU_33s_eng_versio2.mp4\"><\/iframe><\/div><script src=\"https:\/\/player.vimeo.com\/api\/player.js\"><\/script>\n\n\n\n<p>Arrangementet var en suksess, med livlige og interessante diskusjoner, og ost i overflod til hele produksjonsmannskapet. Etter to intense dager med matlaging og fotografering ble arrangementet avsluttet med en fantastisk middag.<\/p>\n\n\n\n<p>For \u00e5 oppsummere det hele: Vi trenger mer tid til \u00e5 slappe av med venner, lage nydelig mat og v\u00e6re sammen med hverandre. Dette er verdier som Le Gruy\u00e8re AOP stiller seg bak.<\/p>\n","protected":false},"excerpt":{"rendered":"<p>Sammen igjen I en stadig travlere hverdag er det ikke lenger gitt at familier samles til et felles m\u00e5ltid rundt middagsbordet, og i hvert fall ikke at venner inviteres til middag. Alle er travle med sitt, og mat levert hjem p\u00e5 d\u00f8ren er stadig oftere f\u00f8rstevalget. Hva kan vi gj\u00f8re for \u00e5 bli bedre til [&hellip;]<\/p>\n","protected":false},"author":1,"featured_media":227,"parent":0,"menu_order":0,"comment_status":"closed","ping_status":"closed","template":"template-story.php","meta":{"footnotes":""},"class_list":["post-378","page","type-page","status-publish","has-post-thumbnail","hentry"],"acf":[],"yoast_head":"<!-- This site is optimized with the Yoast SEO plugin v27.3 - https:\/\/yoast.com\/product\/yoast-seo-wordpress\/ -->\n<title>Ambassad\u00f8rer i Stockholm - The Stories of Le Gruy\u00e8re AOP<\/title>\n<meta name=\"description\" content=\"Le Gruy\u00e8re AOP er p\u00e5 et oppdrag. Det \u00e5 lage mat med venner er en kunst som nesten er g\u00e5tt tapt, og som trenger nytt liv.\" \/>\n<meta name=\"robots\" content=\"index, follow, max-snippet:-1, max-image-preview:large, max-video-preview:-1\" \/>\n<link rel=\"canonical\" href=\"https:\/\/gruyerestories.com\/archive2022\/no\/ambassadorer_i_stockholm\/\" \/>\n<meta property=\"og:locale\" content=\"en_US\" \/>\n<meta property=\"og:type\" content=\"article\" \/>\n<meta property=\"og:title\" content=\"Ambassad\u00f8rer i Stockholm - The Stories of Le Gruy\u00e8re AOP\" \/>\n<meta property=\"og:description\" content=\"Le Gruy\u00e8re AOP er p\u00e5 et oppdrag. Det \u00e5 lage mat med venner er en kunst som nesten er g\u00e5tt tapt, og som trenger nytt liv.\" \/>\n<meta property=\"og:url\" content=\"https:\/\/gruyerestories.com\/archive2022\/no\/ambassadorer_i_stockholm\/\" \/>\n<meta property=\"og:site_name\" content=\"The Stories of Le Gruy\u00e8re AOP\" \/>\n<meta property=\"article:modified_time\" content=\"2022-10-25T12:24:53+00:00\" \/>\n<meta property=\"og:image\" content=\"https:\/\/gruyerestories.com\/archive2022\/wp-content\/uploads\/2022\/09\/ambassadords1.jpg\" \/>\n\t<meta property=\"og:image:width\" content=\"1920\" \/>\n\t<meta property=\"og:image:height\" content=\"1080\" \/>\n\t<meta property=\"og:image:type\" content=\"image\/jpeg\" \/>\n<meta name=\"twitter:card\" content=\"summary_large_image\" \/>\n<meta name=\"twitter:label1\" content=\"Est. reading time\" \/>\n\t<meta name=\"twitter:data1\" content=\"3 minutes\" \/>\n<script type=\"application\/ld+json\" class=\"yoast-schema-graph\">{\"@context\":\"https:\\\/\\\/schema.org\",\"@graph\":[{\"@type\":\"WebPage\",\"@id\":\"https:\\\/\\\/gruyerestories.com\\\/archive2022\\\/no\\\/ambassadorer_i_stockholm\\\/\",\"url\":\"https:\\\/\\\/gruyerestories.com\\\/archive2022\\\/no\\\/ambassadorer_i_stockholm\\\/\",\"name\":\"Ambassad\u00f8rer i Stockholm - The Stories of Le Gruy\u00e8re AOP\",\"isPartOf\":{\"@id\":\"https:\\\/\\\/gruyerestories.com\\\/archive2022\\\/#website\"},\"primaryImageOfPage\":{\"@id\":\"https:\\\/\\\/gruyerestories.com\\\/archive2022\\\/no\\\/ambassadorer_i_stockholm\\\/#primaryimage\"},\"image\":{\"@id\":\"https:\\\/\\\/gruyerestories.com\\\/archive2022\\\/no\\\/ambassadorer_i_stockholm\\\/#primaryimage\"},\"thumbnailUrl\":\"https:\\\/\\\/gruyerestories.com\\\/archive2022\\\/wp-content\\\/uploads\\\/2022\\\/09\\\/ambassadords1.jpg\",\"datePublished\":\"2022-10-25T12:24:26+00:00\",\"dateModified\":\"2022-10-25T12:24:53+00:00\",\"description\":\"Le Gruy\u00e8re AOP er p\u00e5 et oppdrag. Det \u00e5 lage mat med venner er en kunst som nesten er g\u00e5tt tapt, og som trenger nytt liv.\",\"breadcrumb\":{\"@id\":\"https:\\\/\\\/gruyerestories.com\\\/archive2022\\\/no\\\/ambassadorer_i_stockholm\\\/#breadcrumb\"},\"inLanguage\":\"en-US\",\"potentialAction\":[{\"@type\":\"ReadAction\",\"target\":[\"https:\\\/\\\/gruyerestories.com\\\/archive2022\\\/no\\\/ambassadorer_i_stockholm\\\/\"]}]},{\"@type\":\"ImageObject\",\"inLanguage\":\"en-US\",\"@id\":\"https:\\\/\\\/gruyerestories.com\\\/archive2022\\\/no\\\/ambassadorer_i_stockholm\\\/#primaryimage\",\"url\":\"https:\\\/\\\/gruyerestories.com\\\/archive2022\\\/wp-content\\\/uploads\\\/2022\\\/09\\\/ambassadords1.jpg\",\"contentUrl\":\"https:\\\/\\\/gruyerestories.com\\\/archive2022\\\/wp-content\\\/uploads\\\/2022\\\/09\\\/ambassadords1.jpg\",\"width\":1920,\"height\":1080},{\"@type\":\"BreadcrumbList\",\"@id\":\"https:\\\/\\\/gruyerestories.com\\\/archive2022\\\/no\\\/ambassadorer_i_stockholm\\\/#breadcrumb\",\"itemListElement\":[{\"@type\":\"ListItem\",\"position\":1,\"name\":\"Home\",\"item\":\"https:\\\/\\\/gruyerestories.com\\\/archive2022\\\/\"},{\"@type\":\"ListItem\",\"position\":2,\"name\":\"Ambassad\u00f8rer i Stockholm\"}]},{\"@type\":\"WebSite\",\"@id\":\"https:\\\/\\\/gruyerestories.com\\\/archive2022\\\/#website\",\"url\":\"https:\\\/\\\/gruyerestories.com\\\/archive2022\\\/\",\"name\":\"The Stories of Le Gruy\u00e8re AOP\",\"description\":\"What would you cook with your friends?\",\"potentialAction\":[{\"@type\":\"SearchAction\",\"target\":{\"@type\":\"EntryPoint\",\"urlTemplate\":\"https:\\\/\\\/gruyerestories.com\\\/archive2022\\\/?s={search_term_string}\"},\"query-input\":{\"@type\":\"PropertyValueSpecification\",\"valueRequired\":true,\"valueName\":\"search_term_string\"}}],\"inLanguage\":\"en-US\"}]}<\/script>\n<!-- \/ Yoast SEO plugin. -->","yoast_head_json":{"title":"Ambassad\u00f8rer i Stockholm - The Stories of Le Gruy\u00e8re AOP","description":"Le Gruy\u00e8re AOP er p\u00e5 et oppdrag. Det \u00e5 lage mat med venner er en kunst som nesten er g\u00e5tt tapt, og som trenger nytt liv.","robots":{"index":"index","follow":"follow","max-snippet":"max-snippet:-1","max-image-preview":"max-image-preview:large","max-video-preview":"max-video-preview:-1"},"canonical":"https:\/\/gruyerestories.com\/archive2022\/no\/ambassadorer_i_stockholm\/","og_locale":"en_US","og_type":"article","og_title":"Ambassad\u00f8rer i Stockholm - The Stories of Le Gruy\u00e8re AOP","og_description":"Le Gruy\u00e8re AOP er p\u00e5 et oppdrag. Det \u00e5 lage mat med venner er en kunst som nesten er g\u00e5tt tapt, og som trenger nytt liv.","og_url":"https:\/\/gruyerestories.com\/archive2022\/no\/ambassadorer_i_stockholm\/","og_site_name":"The Stories of Le Gruy\u00e8re AOP","article_modified_time":"2022-10-25T12:24:53+00:00","og_image":[{"width":1920,"height":1080,"url":"https:\/\/gruyerestories.com\/archive2022\/wp-content\/uploads\/2022\/09\/ambassadords1.jpg","type":"image\/jpeg"}],"twitter_card":"summary_large_image","twitter_misc":{"Est. reading time":"3 minutes"},"schema":{"@context":"https:\/\/schema.org","@graph":[{"@type":"WebPage","@id":"https:\/\/gruyerestories.com\/archive2022\/no\/ambassadorer_i_stockholm\/","url":"https:\/\/gruyerestories.com\/archive2022\/no\/ambassadorer_i_stockholm\/","name":"Ambassad\u00f8rer i Stockholm - The Stories of Le Gruy\u00e8re AOP","isPartOf":{"@id":"https:\/\/gruyerestories.com\/archive2022\/#website"},"primaryImageOfPage":{"@id":"https:\/\/gruyerestories.com\/archive2022\/no\/ambassadorer_i_stockholm\/#primaryimage"},"image":{"@id":"https:\/\/gruyerestories.com\/archive2022\/no\/ambassadorer_i_stockholm\/#primaryimage"},"thumbnailUrl":"https:\/\/gruyerestories.com\/archive2022\/wp-content\/uploads\/2022\/09\/ambassadords1.jpg","datePublished":"2022-10-25T12:24:26+00:00","dateModified":"2022-10-25T12:24:53+00:00","description":"Le Gruy\u00e8re AOP er p\u00e5 et oppdrag. Det \u00e5 lage mat med venner er en kunst som nesten er g\u00e5tt tapt, og som trenger nytt liv.","breadcrumb":{"@id":"https:\/\/gruyerestories.com\/archive2022\/no\/ambassadorer_i_stockholm\/#breadcrumb"},"inLanguage":"en-US","potentialAction":[{"@type":"ReadAction","target":["https:\/\/gruyerestories.com\/archive2022\/no\/ambassadorer_i_stockholm\/"]}]},{"@type":"ImageObject","inLanguage":"en-US","@id":"https:\/\/gruyerestories.com\/archive2022\/no\/ambassadorer_i_stockholm\/#primaryimage","url":"https:\/\/gruyerestories.com\/archive2022\/wp-content\/uploads\/2022\/09\/ambassadords1.jpg","contentUrl":"https:\/\/gruyerestories.com\/archive2022\/wp-content\/uploads\/2022\/09\/ambassadords1.jpg","width":1920,"height":1080},{"@type":"BreadcrumbList","@id":"https:\/\/gruyerestories.com\/archive2022\/no\/ambassadorer_i_stockholm\/#breadcrumb","itemListElement":[{"@type":"ListItem","position":1,"name":"Home","item":"https:\/\/gruyerestories.com\/archive2022\/"},{"@type":"ListItem","position":2,"name":"Ambassad\u00f8rer i Stockholm"}]},{"@type":"WebSite","@id":"https:\/\/gruyerestories.com\/archive2022\/#website","url":"https:\/\/gruyerestories.com\/archive2022\/","name":"The Stories of Le Gruy\u00e8re AOP","description":"What would you cook with your friends?","potentialAction":[{"@type":"SearchAction","target":{"@type":"EntryPoint","urlTemplate":"https:\/\/gruyerestories.com\/archive2022\/?s={search_term_string}"},"query-input":{"@type":"PropertyValueSpecification","valueRequired":true,"valueName":"search_term_string"}}],"inLanguage":"en-US"}]}},"_links":{"self":[{"href":"https:\/\/gruyerestories.com\/archive2022\/wp-json\/wp\/v2\/pages\/378","targetHints":{"allow":["GET"]}}],"collection":[{"href":"https:\/\/gruyerestories.com\/archive2022\/wp-json\/wp\/v2\/pages"}],"about":[{"href":"https:\/\/gruyerestories.com\/archive2022\/wp-json\/wp\/v2\/types\/page"}],"author":[{"embeddable":true,"href":"https:\/\/gruyerestories.com\/archive2022\/wp-json\/wp\/v2\/users\/1"}],"replies":[{"embeddable":true,"href":"https:\/\/gruyerestories.com\/archive2022\/wp-json\/wp\/v2\/comments?post=378"}],"version-history":[{"count":3,"href":"https:\/\/gruyerestories.com\/archive2022\/wp-json\/wp\/v2\/pages\/378\/revisions"}],"predecessor-version":[{"id":381,"href":"https:\/\/gruyerestories.com\/archive2022\/wp-json\/wp\/v2\/pages\/378\/revisions\/381"}],"wp:featuredmedia":[{"embeddable":true,"href":"https:\/\/gruyerestories.com\/archive2022\/wp-json\/wp\/v2\/media\/227"}],"wp:attachment":[{"href":"https:\/\/gruyerestories.com\/archive2022\/wp-json\/wp\/v2\/media?parent=378"}],"curies":[{"name":"wp","href":"https:\/\/api.w.org\/{rel}","templated":true}]}}