{"id":375,"date":"2022-10-25T15:19:10","date_gmt":"2022-10-25T12:19:10","guid":{"rendered":"https:\/\/gruyerestories.com\/archive2022\/?page_id=375"},"modified":"2022-10-25T15:19:10","modified_gmt":"2022-10-25T12:19:10","slug":"oppskrifter","status":"publish","type":"page","link":"https:\/\/gruyerestories.com\/archive2022\/no\/oppskrifter\/","title":{"rendered":"Oppskrifter"},"content":{"rendered":"","protected":false},"excerpt":{"rendered":"","protected":false},"author":1,"featured_media":0,"parent":0,"menu_order":0,"comment_status":"closed","ping_status":"closed","template":"template-recipes.php","meta":{"footnotes":""},"class_list":["post-375","page","type-page","status-publish","hentry"],"acf":[],"yoast_head":"<!-- This site is optimized with the Yoast SEO plugin v27.3 - https:\/\/yoast.com\/product\/yoast-seo-wordpress\/ -->\n<title>Oppskrifter - The Stories of Le Gruy\u00e8re AOP<\/title>\n<meta name=\"description\" content=\"Petters kremet mais, Systrarna Eisenmans pasta, Louisas gr\u00f8nnk\u00e5lsalat med kylling, Jennys salat med jordb\u00e6r og ost, Annas butterdeigspiroger\" \/>\n<meta name=\"robots\" content=\"index, follow, max-snippet:-1, max-image-preview:large, max-video-preview:-1\" \/>\n<link rel=\"canonical\" href=\"https:\/\/gruyerestories.com\/archive2022\/no\/oppskrifter\/\" \/>\n<meta property=\"og:locale\" content=\"en_US\" \/>\n<meta property=\"og:type\" content=\"article\" \/>\n<meta property=\"og:title\" content=\"Oppskrifter - The Stories of Le Gruy\u00e8re AOP\" \/>\n<meta property=\"og:description\" content=\"Petters kremet mais, Systrarna Eisenmans pasta, Louisas gr\u00f8nnk\u00e5lsalat med kylling, Jennys salat med jordb\u00e6r og ost, Annas butterdeigspiroger\" \/>\n<meta property=\"og:url\" content=\"https:\/\/gruyerestories.com\/archive2022\/no\/oppskrifter\/\" \/>\n<meta property=\"og:site_name\" content=\"The Stories of Le Gruy\u00e8re AOP\" \/>\n<meta name=\"twitter:card\" content=\"summary_large_image\" \/>\n<script type=\"application\/ld+json\" class=\"yoast-schema-graph\">{\"@context\":\"https:\\\/\\\/schema.org\",\"@graph\":[{\"@type\":\"WebPage\",\"@id\":\"https:\\\/\\\/gruyerestories.com\\\/archive2022\\\/no\\\/oppskrifter\\\/\",\"url\":\"https:\\\/\\\/gruyerestories.com\\\/archive2022\\\/no\\\/oppskrifter\\\/\",\"name\":\"Oppskrifter - The Stories of Le Gruy\u00e8re AOP\",\"isPartOf\":{\"@id\":\"https:\\\/\\\/gruyerestories.com\\\/archive2022\\\/#website\"},\"datePublished\":\"2022-10-25T12:19:10+00:00\",\"description\":\"Petters kremet mais, Systrarna Eisenmans pasta, Louisas gr\u00f8nnk\u00e5lsalat med kylling, Jennys salat med jordb\u00e6r og ost, Annas butterdeigspiroger\",\"breadcrumb\":{\"@id\":\"https:\\\/\\\/gruyerestories.com\\\/archive2022\\\/no\\\/oppskrifter\\\/#breadcrumb\"},\"inLanguage\":\"en-US\",\"potentialAction\":[{\"@type\":\"ReadAction\",\"target\":[\"https:\\\/\\\/gruyerestories.com\\\/archive2022\\\/no\\\/oppskrifter\\\/\"]}]},{\"@type\":\"BreadcrumbList\",\"@id\":\"https:\\\/\\\/gruyerestories.com\\\/archive2022\\\/no\\\/oppskrifter\\\/#breadcrumb\",\"itemListElement\":[{\"@type\":\"ListItem\",\"position\":1,\"name\":\"Home\",\"item\":\"https:\\\/\\\/gruyerestories.com\\\/archive2022\\\/\"},{\"@type\":\"ListItem\",\"position\":2,\"name\":\"Oppskrifter\"}]},{\"@type\":\"WebSite\",\"@id\":\"https:\\\/\\\/gruyerestories.com\\\/archive2022\\\/#website\",\"url\":\"https:\\\/\\\/gruyerestories.com\\\/archive2022\\\/\",\"name\":\"The Stories of Le Gruy\u00e8re AOP\",\"description\":\"What would you cook with your friends?\",\"potentialAction\":[{\"@type\":\"SearchAction\",\"target\":{\"@type\":\"EntryPoint\",\"urlTemplate\":\"https:\\\/\\\/gruyerestories.com\\\/archive2022\\\/?s={search_term_string}\"},\"query-input\":{\"@type\":\"PropertyValueSpecification\",\"valueRequired\":true,\"valueName\":\"search_term_string\"}}],\"inLanguage\":\"en-US\"}]}<\/script>\n<!-- \/ Yoast SEO plugin. -->","yoast_head_json":{"title":"Oppskrifter - The Stories of Le Gruy\u00e8re AOP","description":"Petters kremet mais, Systrarna Eisenmans pasta, Louisas gr\u00f8nnk\u00e5lsalat med kylling, Jennys salat med jordb\u00e6r og ost, Annas butterdeigspiroger","robots":{"index":"index","follow":"follow","max-snippet":"max-snippet:-1","max-image-preview":"max-image-preview:large","max-video-preview":"max-video-preview:-1"},"canonical":"https:\/\/gruyerestories.com\/archive2022\/no\/oppskrifter\/","og_locale":"en_US","og_type":"article","og_title":"Oppskrifter - The Stories of Le Gruy\u00e8re AOP","og_description":"Petters kremet mais, Systrarna Eisenmans pasta, Louisas gr\u00f8nnk\u00e5lsalat med kylling, Jennys salat med jordb\u00e6r og ost, Annas butterdeigspiroger","og_url":"https:\/\/gruyerestories.com\/archive2022\/no\/oppskrifter\/","og_site_name":"The Stories of Le Gruy\u00e8re AOP","twitter_card":"summary_large_image","schema":{"@context":"https:\/\/schema.org","@graph":[{"@type":"WebPage","@id":"https:\/\/gruyerestories.com\/archive2022\/no\/oppskrifter\/","url":"https:\/\/gruyerestories.com\/archive2022\/no\/oppskrifter\/","name":"Oppskrifter - The Stories of Le Gruy\u00e8re AOP","isPartOf":{"@id":"https:\/\/gruyerestories.com\/archive2022\/#website"},"datePublished":"2022-10-25T12:19:10+00:00","description":"Petters kremet mais, Systrarna Eisenmans pasta, Louisas gr\u00f8nnk\u00e5lsalat med kylling, Jennys salat med jordb\u00e6r og ost, Annas butterdeigspiroger","breadcrumb":{"@id":"https:\/\/gruyerestories.com\/archive2022\/no\/oppskrifter\/#breadcrumb"},"inLanguage":"en-US","potentialAction":[{"@type":"ReadAction","target":["https:\/\/gruyerestories.com\/archive2022\/no\/oppskrifter\/"]}]},{"@type":"BreadcrumbList","@id":"https:\/\/gruyerestories.com\/archive2022\/no\/oppskrifter\/#breadcrumb","itemListElement":[{"@type":"ListItem","position":1,"name":"Home","item":"https:\/\/gruyerestories.com\/archive2022\/"},{"@type":"ListItem","position":2,"name":"Oppskrifter"}]},{"@type":"WebSite","@id":"https:\/\/gruyerestories.com\/archive2022\/#website","url":"https:\/\/gruyerestories.com\/archive2022\/","name":"The Stories of Le Gruy\u00e8re AOP","description":"What would you cook with your friends?","potentialAction":[{"@type":"SearchAction","target":{"@type":"EntryPoint","urlTemplate":"https:\/\/gruyerestories.com\/archive2022\/?s={search_term_string}"},"query-input":{"@type":"PropertyValueSpecification","valueRequired":true,"valueName":"search_term_string"}}],"inLanguage":"en-US"}]}},"_links":{"self":[{"href":"https:\/\/gruyerestories.com\/archive2022\/wp-json\/wp\/v2\/pages\/375","targetHints":{"allow":["GET"]}}],"collection":[{"href":"https:\/\/gruyerestories.com\/archive2022\/wp-json\/wp\/v2\/pages"}],"about":[{"href":"https:\/\/gruyerestories.com\/archive2022\/wp-json\/wp\/v2\/types\/page"}],"author":[{"embeddable":true,"href":"https:\/\/gruyerestories.com\/archive2022\/wp-json\/wp\/v2\/users\/1"}],"replies":[{"embeddable":true,"href":"https:\/\/gruyerestories.com\/archive2022\/wp-json\/wp\/v2\/comments?post=375"}],"version-history":[{"count":2,"href":"https:\/\/gruyerestories.com\/archive2022\/wp-json\/wp\/v2\/pages\/375\/revisions"}],"predecessor-version":[{"id":377,"href":"https:\/\/gruyerestories.com\/archive2022\/wp-json\/wp\/v2\/pages\/375\/revisions\/377"}],"wp:attachment":[{"href":"https:\/\/gruyerestories.com\/archive2022\/wp-json\/wp\/v2\/media?parent=375"}],"curies":[{"name":"wp","href":"https:\/\/api.w.org\/{rel}","templated":true}]}}