{"id":369,"date":"2022-10-25T14:59:08","date_gmt":"2022-10-25T11:59:08","guid":{"rendered":"https:\/\/gruyerestories.com\/archive2022\/?page_id=369"},"modified":"2022-10-25T14:59:21","modified_gmt":"2022-10-25T11:59:21","slug":"konkurranse","status":"publish","type":"page","link":"https:\/\/gruyerestories.com\/archive2022\/no\/konkurranse\/","title":{"rendered":"Hva vil du lage med vennene dine?"},"content":{"rendered":"\n<p>Velg en av v\u00e5re ambassad\u00f8rers retter eller skap din egen! Hva vil du lage med vennene dine med Le Gruy\u00e8re AOP? Kanskje blir du den heldige vinneren av 2,5 kg Le Gruy\u00e8re AOP!<\/p>\n","protected":false},"excerpt":{"rendered":"<p>Velg en av v\u00e5re ambassad\u00f8rers retter eller skap din egen! Hva vil du lage med vennene dine med Le Gruy\u00e8re AOP? Kanskje blir du den heldige vinneren av 2,5 kg Le Gruy\u00e8re AOP!<\/p>\n","protected":false},"author":1,"featured_media":44,"parent":0,"menu_order":0,"comment_status":"closed","ping_status":"closed","template":"template-contest.php","meta":{"footnotes":""},"class_list":["post-369","page","type-page","status-publish","has-post-thumbnail","hentry"],"acf":[],"yoast_head":"<!-- This site is optimized with the Yoast SEO plugin v27.3 - https:\/\/yoast.com\/product\/yoast-seo-wordpress\/ -->\n<title>Hva vil du lage med vennene dine? - The Stories of Le Gruy\u00e8re AOP<\/title>\n<meta name=\"description\" content=\"Velg en av v\u00e5re ambassad\u00f8rers retter eller skap din egen! Hva vil du lage med vennene dine med Le Gruy\u00e8re AOP? Kanskje blir du den heldige vinneren av 2,5 kg Le Gruy\u00e8re AOP!\" \/>\n<meta name=\"robots\" content=\"index, follow, max-snippet:-1, max-image-preview:large, max-video-preview:-1\" \/>\n<link rel=\"canonical\" href=\"https:\/\/gruyerestories.com\/archive2022\/no\/konkurranse\/\" \/>\n<meta property=\"og:locale\" content=\"en_US\" \/>\n<meta property=\"og:type\" content=\"article\" \/>\n<meta property=\"og:title\" content=\"Hva vil du lage med vennene dine? - The Stories of Le Gruy\u00e8re AOP\" \/>\n<meta property=\"og:description\" content=\"Velg en av v\u00e5re ambassad\u00f8rers retter eller skap din egen! Hva vil du lage med vennene dine med Le Gruy\u00e8re AOP? Kanskje blir du den heldige vinneren av 2,5 kg Le Gruy\u00e8re AOP!\" \/>\n<meta property=\"og:url\" content=\"https:\/\/gruyerestories.com\/archive2022\/no\/konkurranse\/\" \/>\n<meta property=\"og:site_name\" content=\"The Stories of Le Gruy\u00e8re AOP\" \/>\n<meta property=\"article:modified_time\" content=\"2022-10-25T11:59:21+00:00\" \/>\n<meta property=\"og:image\" content=\"https:\/\/gruyerestories.com\/archive2022\/wp-content\/uploads\/2022\/06\/gruyerestories-recept-img2.jpg\" \/>\n\t<meta property=\"og:image:width\" content=\"1920\" \/>\n\t<meta property=\"og:image:height\" content=\"1080\" \/>\n\t<meta property=\"og:image:type\" content=\"image\/jpeg\" \/>\n<meta name=\"twitter:card\" content=\"summary_large_image\" \/>\n<meta name=\"twitter:label1\" content=\"Est. reading time\" \/>\n\t<meta name=\"twitter:data1\" content=\"1 minute\" \/>\n<script type=\"application\/ld+json\" class=\"yoast-schema-graph\">{\"@context\":\"https:\\\/\\\/schema.org\",\"@graph\":[{\"@type\":\"WebPage\",\"@id\":\"https:\\\/\\\/gruyerestories.com\\\/archive2022\\\/no\\\/konkurranse\\\/\",\"url\":\"https:\\\/\\\/gruyerestories.com\\\/archive2022\\\/no\\\/konkurranse\\\/\",\"name\":\"Hva vil du lage med vennene dine? - The Stories of Le Gruy\u00e8re AOP\",\"isPartOf\":{\"@id\":\"https:\\\/\\\/gruyerestories.com\\\/archive2022\\\/#website\"},\"primaryImageOfPage\":{\"@id\":\"https:\\\/\\\/gruyerestories.com\\\/archive2022\\\/no\\\/konkurranse\\\/#primaryimage\"},\"image\":{\"@id\":\"https:\\\/\\\/gruyerestories.com\\\/archive2022\\\/no\\\/konkurranse\\\/#primaryimage\"},\"thumbnailUrl\":\"https:\\\/\\\/gruyerestories.com\\\/archive2022\\\/wp-content\\\/uploads\\\/2022\\\/06\\\/gruyerestories-recept-img2.jpg\",\"datePublished\":\"2022-10-25T11:59:08+00:00\",\"dateModified\":\"2022-10-25T11:59:21+00:00\",\"description\":\"Velg en av v\u00e5re ambassad\u00f8rers retter eller skap din egen! Hva vil du lage med vennene dine med Le Gruy\u00e8re AOP? Kanskje blir du den heldige vinneren av 2,5 kg Le Gruy\u00e8re AOP!\",\"breadcrumb\":{\"@id\":\"https:\\\/\\\/gruyerestories.com\\\/archive2022\\\/no\\\/konkurranse\\\/#breadcrumb\"},\"inLanguage\":\"en-US\",\"potentialAction\":[{\"@type\":\"ReadAction\",\"target\":[\"https:\\\/\\\/gruyerestories.com\\\/archive2022\\\/no\\\/konkurranse\\\/\"]}]},{\"@type\":\"ImageObject\",\"inLanguage\":\"en-US\",\"@id\":\"https:\\\/\\\/gruyerestories.com\\\/archive2022\\\/no\\\/konkurranse\\\/#primaryimage\",\"url\":\"https:\\\/\\\/gruyerestories.com\\\/archive2022\\\/wp-content\\\/uploads\\\/2022\\\/06\\\/gruyerestories-recept-img2.jpg\",\"contentUrl\":\"https:\\\/\\\/gruyerestories.com\\\/archive2022\\\/wp-content\\\/uploads\\\/2022\\\/06\\\/gruyerestories-recept-img2.jpg\",\"width\":1920,\"height\":1080},{\"@type\":\"BreadcrumbList\",\"@id\":\"https:\\\/\\\/gruyerestories.com\\\/archive2022\\\/no\\\/konkurranse\\\/#breadcrumb\",\"itemListElement\":[{\"@type\":\"ListItem\",\"position\":1,\"name\":\"Home\",\"item\":\"https:\\\/\\\/gruyerestories.com\\\/archive2022\\\/\"},{\"@type\":\"ListItem\",\"position\":2,\"name\":\"Hva vil du lage med vennene dine?\"}]},{\"@type\":\"WebSite\",\"@id\":\"https:\\\/\\\/gruyerestories.com\\\/archive2022\\\/#website\",\"url\":\"https:\\\/\\\/gruyerestories.com\\\/archive2022\\\/\",\"name\":\"The Stories of Le Gruy\u00e8re AOP\",\"description\":\"What would you cook with your friends?\",\"potentialAction\":[{\"@type\":\"SearchAction\",\"target\":{\"@type\":\"EntryPoint\",\"urlTemplate\":\"https:\\\/\\\/gruyerestories.com\\\/archive2022\\\/?s={search_term_string}\"},\"query-input\":{\"@type\":\"PropertyValueSpecification\",\"valueRequired\":true,\"valueName\":\"search_term_string\"}}],\"inLanguage\":\"en-US\"}]}<\/script>\n<!-- \/ Yoast SEO plugin. -->","yoast_head_json":{"title":"Hva vil du lage med vennene dine? - The Stories of Le Gruy\u00e8re AOP","description":"Velg en av v\u00e5re ambassad\u00f8rers retter eller skap din egen! Hva vil du lage med vennene dine med Le Gruy\u00e8re AOP? Kanskje blir du den heldige vinneren av 2,5 kg Le Gruy\u00e8re AOP!","robots":{"index":"index","follow":"follow","max-snippet":"max-snippet:-1","max-image-preview":"max-image-preview:large","max-video-preview":"max-video-preview:-1"},"canonical":"https:\/\/gruyerestories.com\/archive2022\/no\/konkurranse\/","og_locale":"en_US","og_type":"article","og_title":"Hva vil du lage med vennene dine? - The Stories of Le Gruy\u00e8re AOP","og_description":"Velg en av v\u00e5re ambassad\u00f8rers retter eller skap din egen! Hva vil du lage med vennene dine med Le Gruy\u00e8re AOP? Kanskje blir du den heldige vinneren av 2,5 kg Le Gruy\u00e8re AOP!","og_url":"https:\/\/gruyerestories.com\/archive2022\/no\/konkurranse\/","og_site_name":"The Stories of Le Gruy\u00e8re AOP","article_modified_time":"2022-10-25T11:59:21+00:00","og_image":[{"width":1920,"height":1080,"url":"https:\/\/gruyerestories.com\/archive2022\/wp-content\/uploads\/2022\/06\/gruyerestories-recept-img2.jpg","type":"image\/jpeg"}],"twitter_card":"summary_large_image","twitter_misc":{"Est. reading time":"1 minute"},"schema":{"@context":"https:\/\/schema.org","@graph":[{"@type":"WebPage","@id":"https:\/\/gruyerestories.com\/archive2022\/no\/konkurranse\/","url":"https:\/\/gruyerestories.com\/archive2022\/no\/konkurranse\/","name":"Hva vil du lage med vennene dine? - The Stories of Le Gruy\u00e8re AOP","isPartOf":{"@id":"https:\/\/gruyerestories.com\/archive2022\/#website"},"primaryImageOfPage":{"@id":"https:\/\/gruyerestories.com\/archive2022\/no\/konkurranse\/#primaryimage"},"image":{"@id":"https:\/\/gruyerestories.com\/archive2022\/no\/konkurranse\/#primaryimage"},"thumbnailUrl":"https:\/\/gruyerestories.com\/archive2022\/wp-content\/uploads\/2022\/06\/gruyerestories-recept-img2.jpg","datePublished":"2022-10-25T11:59:08+00:00","dateModified":"2022-10-25T11:59:21+00:00","description":"Velg en av v\u00e5re ambassad\u00f8rers retter eller skap din egen! Hva vil du lage med vennene dine med Le Gruy\u00e8re AOP? Kanskje blir du den heldige vinneren av 2,5 kg Le Gruy\u00e8re AOP!","breadcrumb":{"@id":"https:\/\/gruyerestories.com\/archive2022\/no\/konkurranse\/#breadcrumb"},"inLanguage":"en-US","potentialAction":[{"@type":"ReadAction","target":["https:\/\/gruyerestories.com\/archive2022\/no\/konkurranse\/"]}]},{"@type":"ImageObject","inLanguage":"en-US","@id":"https:\/\/gruyerestories.com\/archive2022\/no\/konkurranse\/#primaryimage","url":"https:\/\/gruyerestories.com\/archive2022\/wp-content\/uploads\/2022\/06\/gruyerestories-recept-img2.jpg","contentUrl":"https:\/\/gruyerestories.com\/archive2022\/wp-content\/uploads\/2022\/06\/gruyerestories-recept-img2.jpg","width":1920,"height":1080},{"@type":"BreadcrumbList","@id":"https:\/\/gruyerestories.com\/archive2022\/no\/konkurranse\/#breadcrumb","itemListElement":[{"@type":"ListItem","position":1,"name":"Home","item":"https:\/\/gruyerestories.com\/archive2022\/"},{"@type":"ListItem","position":2,"name":"Hva vil du lage med vennene dine?"}]},{"@type":"WebSite","@id":"https:\/\/gruyerestories.com\/archive2022\/#website","url":"https:\/\/gruyerestories.com\/archive2022\/","name":"The Stories of Le Gruy\u00e8re AOP","description":"What would you cook with your friends?","potentialAction":[{"@type":"SearchAction","target":{"@type":"EntryPoint","urlTemplate":"https:\/\/gruyerestories.com\/archive2022\/?s={search_term_string}"},"query-input":{"@type":"PropertyValueSpecification","valueRequired":true,"valueName":"search_term_string"}}],"inLanguage":"en-US"}]}},"_links":{"self":[{"href":"https:\/\/gruyerestories.com\/archive2022\/wp-json\/wp\/v2\/pages\/369","targetHints":{"allow":["GET"]}}],"collection":[{"href":"https:\/\/gruyerestories.com\/archive2022\/wp-json\/wp\/v2\/pages"}],"about":[{"href":"https:\/\/gruyerestories.com\/archive2022\/wp-json\/wp\/v2\/types\/page"}],"author":[{"embeddable":true,"href":"https:\/\/gruyerestories.com\/archive2022\/wp-json\/wp\/v2\/users\/1"}],"replies":[{"embeddable":true,"href":"https:\/\/gruyerestories.com\/archive2022\/wp-json\/wp\/v2\/comments?post=369"}],"version-history":[{"count":2,"href":"https:\/\/gruyerestories.com\/archive2022\/wp-json\/wp\/v2\/pages\/369\/revisions"}],"predecessor-version":[{"id":371,"href":"https:\/\/gruyerestories.com\/archive2022\/wp-json\/wp\/v2\/pages\/369\/revisions\/371"}],"wp:featuredmedia":[{"embeddable":true,"href":"https:\/\/gruyerestories.com\/archive2022\/wp-json\/wp\/v2\/media\/44"}],"wp:attachment":[{"href":"https:\/\/gruyerestories.com\/archive2022\/wp-json\/wp\/v2\/media?parent=369"}],"curies":[{"name":"wp","href":"https:\/\/api.w.org\/{rel}","templated":true}]}}