{"id":354,"date":"2022-10-06T15:58:32","date_gmt":"2022-10-06T12:58:32","guid":{"rendered":"https:\/\/gruyerestories.com\/archive2022\/?page_id=354"},"modified":"2022-10-06T16:04:36","modified_gmt":"2022-10-06T13:04:36","slug":"ambassadorer_i-stockholm","status":"publish","type":"page","link":"https:\/\/gruyerestories.com\/archive2022\/da\/ambassadorer_i-stockholm\/","title":{"rendered":"Ambassad\u00f8rer i Stockholm"},"content":{"rendered":"\n<h2 class=\"wp-block-heading\">Sammen igen<\/h2>\n\n\n\n<div class=\"wp-block-columns is-layout-flex wp-container-core-columns-is-layout-9d6595d7 wp-block-columns-is-layout-flex\">\n<div class=\"wp-block-column is-layout-flow wp-block-column-is-layout-flow\" style=\"flex-basis:58%\">\n<p>I en mere og mere travl hverdag er det ikke l\u00e6ngere en selvf\u00f8lge, at familier samles omkring spisebordet til aftensmad, og endnu mindre at man inviterer venner til middag. Alle har travlt med noget, og takeaway bliver ofte f\u00f8rstevalget.<\/p>\n\n\n\n<p>Hvordan kan vi tilbringe mere tid sammen og faktisk tale med hinanden, mens vi samtidig nyder et l\u00e6kkert m\u00e5ltid? Le Gruy\u00e8re AOP besluttede sig for at promovere et tema i \u00e5r, nemlig \u201dtogetherness\u201d \u2013 at v\u00e6re sammen.<\/p>\n\n\n\n<p>Kort efter sendte vi vores team af ambassad\u00f8rer fra hele Norden til Stockholm. Alle blev bedt om at medbringe en opskrift og godt hum\u00f8r. Med disse personer som en del af teamet, var der ingen mangel p\u00e5 nogen af delene.<\/p>\n<\/div>\n\n\n\n<div class=\"wp-block-column is-layout-flow wp-block-column-is-layout-flow\" style=\"flex-basis:42%\">\n<figure class=\"wp-block-image size-full\"><img loading=\"lazy\" decoding=\"async\" width=\"768\" height=\"1024\" src=\"https:\/\/gruyerestories.com\/archive2022\/wp-content\/uploads\/2022\/09\/ambassadords2.jpg\" alt=\"Le Gruy\u00e8re AOP\" class=\"wp-image-228\" srcset=\"https:\/\/gruyerestories.com\/archive2022\/wp-content\/uploads\/2022\/09\/ambassadords2.jpg 768w, https:\/\/gruyerestories.com\/archive2022\/wp-content\/uploads\/2022\/09\/ambassadords2-225x300.jpg 225w\" sizes=\"auto, (max-width: 768px) 100vw, 768px\" \/><\/figure>\n<\/div>\n<\/div>\n\n\n\n<p><strong>Le Gruy\u00e8re AOP har samarbejdet med flere nordiske madeksperter, og vi var s\u00e5 heldige at f\u00e5 bes\u00f8g af de f\u00f8lgende personer i Stockholm:<\/strong><\/p>\n\n\n\n<p><a href=\"https:\/\/www.instagram.com\/louisalorang\/\" target=\"_blank\" rel=\"noreferrer noopener\">Louisa Lorang<\/a> er en dansk madstylist og kogebogsforfatter, som bl.a. er kendt fra TV.<\/p>\n\n\n\n<p><a href=\"https:\/\/www.instagram.com\/petter_backlund\/\" target=\"_blank\" rel=\"noreferrer noopener\">Petter B\u00e4cklund<\/a> er madfotograf, madjournalist og mad-aficionado og har samarbejdet med Le Gruy\u00e8re AOP gennem l\u00e6ngere tid.<\/p>\n\n\n\n<p><a href=\"https:\/\/www.instagram.com\/superfoodsweden\/\" target=\"_blank\" rel=\"noreferrer noopener\">Jenny Westman<\/a> er en helsekostekspert, blogger og personlig tr\u00e6ner \u2013 blandt andet \u2013 som skaber et godt liv i balance med l\u00e6kker mad kombineret med en sund livsstil.<\/p>\n\n\n\n<p><a href=\"https:\/\/www.instagram.com\/systrarnaeisenman\/\" target=\"_blank\" rel=\"noreferrer noopener\">Systrarna Eisenman<\/a> st\u00e5r bag en af de mest kendte madblogs i Sverige. De er passionerede madelskere og har tidligere haft en kogebogscaf\u00e9 og er med \u00e5rene blevet prisvindende kogebogsforfattere, bloggere og madstylister.<\/p>\n\n\n\n<p>S\u00e5 det var holdopstillingen.<\/p>\n\n\n\n<div class=\"wp-block-columns is-layout-flex wp-container-core-columns-is-layout-9d6595d7 wp-block-columns-is-layout-flex\">\n<div class=\"wp-block-column is-layout-flow wp-block-column-is-layout-flow\" style=\"flex-basis:44%\">\n<figure class=\"wp-block-image size-full\"><img loading=\"lazy\" decoding=\"async\" width=\"768\" height=\"1024\" src=\"https:\/\/gruyerestories.com\/archive2022\/wp-content\/uploads\/2022\/09\/ambassadords3.jpg\" alt=\"Le Gruy\u00e8re AOP\" class=\"wp-image-229\" srcset=\"https:\/\/gruyerestories.com\/archive2022\/wp-content\/uploads\/2022\/09\/ambassadords3.jpg 768w, https:\/\/gruyerestories.com\/archive2022\/wp-content\/uploads\/2022\/09\/ambassadords3-225x300.jpg 225w\" sizes=\"auto, (max-width: 768px) 100vw, 768px\" \/><\/figure>\n<\/div>\n\n\n\n<div class=\"wp-block-column is-layout-flow wp-block-column-is-layout-flow\" style=\"flex-basis:56%\">\n<p>Hvis du har lyst til at h\u00e6nge ud og lave mad sammen med dine venner ligesom dem, b\u00f8r du huske at deltage i vores <a href=\"\/da\/konkurrence\">konkurrence<\/a>. Du kan vinde et stykke af vores originale Le Gruy\u00e8re AOP p\u00e5 2,5 kg. S\u00e5 kan du og dine venner virkelig sl\u00e5 jer l\u00f8s i k\u00f8kkenet!<\/p>\n\n\n\n<p>Se denne korte <a data-type=\"internal\" data-id=\"#video\" href=\"#video\">video<\/a> fra eventet, eller kast et blik p\u00e5 nogle af de fine billeder og <a href=\"\/da\/opskrifter\">opskrifter<\/a>.<\/p>\n<\/div>\n<\/div>\n\n\n\n<div id=\"video\" style=\"padding:56.25% 0 0 0;margin-bottom:1rem;position:relative;\"><iframe src=\"https:\/\/player.vimeo.com\/video\/752494361?h=34c5869d5e&amp;badge=0&amp;autopause=0&amp;player_id=0&amp;app_id=58479\" frameborder=\"0\" allow=\"autoplay; fullscreen; picture-in-picture\" allowfullscreen=\"\" style=\"position:absolute;top:0;left:0;width:100%;height:100%;\" title=\"GRU_33s_eng_versio2.mp4\"><\/iframe><\/div><script src=\"https:\/\/player.vimeo.com\/api\/player.js\"><\/script>\n\n\n\n<p>Arrangementet var en succes \u2013 livlige og interessante diskussioner og masser af ost til hele produktionsholdet. Efter to travle dage med madlavning og fotografering sluttede arrangementet med en fantastisk middag.<\/p>\n\n\n\n<p>Kort sagt: Vi har brug for mere tid til at slappe af med gode venner, lave fantastisk mad og v\u00e6re sammen. Det er v\u00e6rdier, som Le Gruy\u00e8re AOP kan st\u00e5 ved.<\/p>\n","protected":false},"excerpt":{"rendered":"<p>Sammen igen I en mere og mere travl hverdag er det ikke l\u00e6ngere en selvf\u00f8lge, at familier samles omkring spisebordet til aftensmad, og endnu mindre at man inviterer venner til middag. Alle har travlt med noget, og takeaway bliver ofte f\u00f8rstevalget. Hvordan kan vi tilbringe mere tid sammen og faktisk tale med hinanden, mens vi [&hellip;]<\/p>\n","protected":false},"author":1,"featured_media":227,"parent":0,"menu_order":0,"comment_status":"closed","ping_status":"closed","template":"template-story.php","meta":{"footnotes":""},"class_list":["post-354","page","type-page","status-publish","has-post-thumbnail","hentry"],"acf":[],"yoast_head":"<!-- This site is optimized with the Yoast SEO plugin v27.3 - https:\/\/yoast.com\/product\/yoast-seo-wordpress\/ -->\n<title>Ambassad\u00f8rer i Stockholm - The Stories of Le Gruy\u00e8re AOP<\/title>\n<meta name=\"description\" content=\"Le Gruy\u00e8re AOP er p\u00e5 en mission. Kunsten at lave mad med sine venner er n\u00e6sten g\u00e5et i glemmebogen og har brug for at blive genoplivet. Her er historien.\" \/>\n<meta name=\"robots\" content=\"index, follow, max-snippet:-1, max-image-preview:large, max-video-preview:-1\" \/>\n<link rel=\"canonical\" href=\"https:\/\/gruyerestories.com\/archive2022\/da\/ambassadorer_i-stockholm\/\" \/>\n<meta property=\"og:locale\" content=\"en_US\" \/>\n<meta property=\"og:type\" content=\"article\" \/>\n<meta property=\"og:title\" content=\"Ambassad\u00f8rer i Stockholm - The Stories of Le Gruy\u00e8re AOP\" \/>\n<meta property=\"og:description\" content=\"Le Gruy\u00e8re AOP er p\u00e5 en mission. Kunsten at lave mad med sine venner er n\u00e6sten g\u00e5et i glemmebogen og har brug for at blive genoplivet. Her er historien.\" \/>\n<meta property=\"og:url\" content=\"https:\/\/gruyerestories.com\/archive2022\/da\/ambassadorer_i-stockholm\/\" \/>\n<meta property=\"og:site_name\" content=\"The Stories of Le Gruy\u00e8re AOP\" \/>\n<meta property=\"article:modified_time\" content=\"2022-10-06T13:04:36+00:00\" \/>\n<meta property=\"og:image\" content=\"https:\/\/gruyerestories.com\/archive2022\/wp-content\/uploads\/2022\/09\/ambassadords1.jpg\" \/>\n\t<meta property=\"og:image:width\" content=\"1920\" \/>\n\t<meta property=\"og:image:height\" content=\"1080\" \/>\n\t<meta property=\"og:image:type\" content=\"image\/jpeg\" \/>\n<meta name=\"twitter:card\" content=\"summary_large_image\" \/>\n<meta name=\"twitter:label1\" content=\"Est. reading time\" \/>\n\t<meta name=\"twitter:data1\" content=\"2 minutes\" \/>\n<script type=\"application\/ld+json\" class=\"yoast-schema-graph\">{\"@context\":\"https:\\\/\\\/schema.org\",\"@graph\":[{\"@type\":\"WebPage\",\"@id\":\"https:\\\/\\\/gruyerestories.com\\\/archive2022\\\/da\\\/ambassadorer_i-stockholm\\\/\",\"url\":\"https:\\\/\\\/gruyerestories.com\\\/archive2022\\\/da\\\/ambassadorer_i-stockholm\\\/\",\"name\":\"Ambassad\u00f8rer i Stockholm - The Stories of Le Gruy\u00e8re AOP\",\"isPartOf\":{\"@id\":\"https:\\\/\\\/gruyerestories.com\\\/archive2022\\\/#website\"},\"primaryImageOfPage\":{\"@id\":\"https:\\\/\\\/gruyerestories.com\\\/archive2022\\\/da\\\/ambassadorer_i-stockholm\\\/#primaryimage\"},\"image\":{\"@id\":\"https:\\\/\\\/gruyerestories.com\\\/archive2022\\\/da\\\/ambassadorer_i-stockholm\\\/#primaryimage\"},\"thumbnailUrl\":\"https:\\\/\\\/gruyerestories.com\\\/archive2022\\\/wp-content\\\/uploads\\\/2022\\\/09\\\/ambassadords1.jpg\",\"datePublished\":\"2022-10-06T12:58:32+00:00\",\"dateModified\":\"2022-10-06T13:04:36+00:00\",\"description\":\"Le Gruy\u00e8re AOP er p\u00e5 en mission. Kunsten at lave mad med sine venner er n\u00e6sten g\u00e5et i glemmebogen og har brug for at blive genoplivet. Her er historien.\",\"breadcrumb\":{\"@id\":\"https:\\\/\\\/gruyerestories.com\\\/archive2022\\\/da\\\/ambassadorer_i-stockholm\\\/#breadcrumb\"},\"inLanguage\":\"en-US\",\"potentialAction\":[{\"@type\":\"ReadAction\",\"target\":[\"https:\\\/\\\/gruyerestories.com\\\/archive2022\\\/da\\\/ambassadorer_i-stockholm\\\/\"]}]},{\"@type\":\"ImageObject\",\"inLanguage\":\"en-US\",\"@id\":\"https:\\\/\\\/gruyerestories.com\\\/archive2022\\\/da\\\/ambassadorer_i-stockholm\\\/#primaryimage\",\"url\":\"https:\\\/\\\/gruyerestories.com\\\/archive2022\\\/wp-content\\\/uploads\\\/2022\\\/09\\\/ambassadords1.jpg\",\"contentUrl\":\"https:\\\/\\\/gruyerestories.com\\\/archive2022\\\/wp-content\\\/uploads\\\/2022\\\/09\\\/ambassadords1.jpg\",\"width\":1920,\"height\":1080},{\"@type\":\"BreadcrumbList\",\"@id\":\"https:\\\/\\\/gruyerestories.com\\\/archive2022\\\/da\\\/ambassadorer_i-stockholm\\\/#breadcrumb\",\"itemListElement\":[{\"@type\":\"ListItem\",\"position\":1,\"name\":\"Home\",\"item\":\"https:\\\/\\\/gruyerestories.com\\\/archive2022\\\/\"},{\"@type\":\"ListItem\",\"position\":2,\"name\":\"Ambassad\u00f8rer i Stockholm\"}]},{\"@type\":\"WebSite\",\"@id\":\"https:\\\/\\\/gruyerestories.com\\\/archive2022\\\/#website\",\"url\":\"https:\\\/\\\/gruyerestories.com\\\/archive2022\\\/\",\"name\":\"The Stories of Le Gruy\u00e8re AOP\",\"description\":\"What would you cook with your friends?\",\"potentialAction\":[{\"@type\":\"SearchAction\",\"target\":{\"@type\":\"EntryPoint\",\"urlTemplate\":\"https:\\\/\\\/gruyerestories.com\\\/archive2022\\\/?s={search_term_string}\"},\"query-input\":{\"@type\":\"PropertyValueSpecification\",\"valueRequired\":true,\"valueName\":\"search_term_string\"}}],\"inLanguage\":\"en-US\"}]}<\/script>\n<!-- \/ Yoast SEO plugin. -->","yoast_head_json":{"title":"Ambassad\u00f8rer i Stockholm - The Stories of Le Gruy\u00e8re AOP","description":"Le Gruy\u00e8re AOP er p\u00e5 en mission. Kunsten at lave mad med sine venner er n\u00e6sten g\u00e5et i glemmebogen og har brug for at blive genoplivet. Her er historien.","robots":{"index":"index","follow":"follow","max-snippet":"max-snippet:-1","max-image-preview":"max-image-preview:large","max-video-preview":"max-video-preview:-1"},"canonical":"https:\/\/gruyerestories.com\/archive2022\/da\/ambassadorer_i-stockholm\/","og_locale":"en_US","og_type":"article","og_title":"Ambassad\u00f8rer i Stockholm - The Stories of Le Gruy\u00e8re AOP","og_description":"Le Gruy\u00e8re AOP er p\u00e5 en mission. Kunsten at lave mad med sine venner er n\u00e6sten g\u00e5et i glemmebogen og har brug for at blive genoplivet. Her er historien.","og_url":"https:\/\/gruyerestories.com\/archive2022\/da\/ambassadorer_i-stockholm\/","og_site_name":"The Stories of Le Gruy\u00e8re AOP","article_modified_time":"2022-10-06T13:04:36+00:00","og_image":[{"width":1920,"height":1080,"url":"https:\/\/gruyerestories.com\/archive2022\/wp-content\/uploads\/2022\/09\/ambassadords1.jpg","type":"image\/jpeg"}],"twitter_card":"summary_large_image","twitter_misc":{"Est. reading time":"2 minutes"},"schema":{"@context":"https:\/\/schema.org","@graph":[{"@type":"WebPage","@id":"https:\/\/gruyerestories.com\/archive2022\/da\/ambassadorer_i-stockholm\/","url":"https:\/\/gruyerestories.com\/archive2022\/da\/ambassadorer_i-stockholm\/","name":"Ambassad\u00f8rer i Stockholm - The Stories of Le Gruy\u00e8re AOP","isPartOf":{"@id":"https:\/\/gruyerestories.com\/archive2022\/#website"},"primaryImageOfPage":{"@id":"https:\/\/gruyerestories.com\/archive2022\/da\/ambassadorer_i-stockholm\/#primaryimage"},"image":{"@id":"https:\/\/gruyerestories.com\/archive2022\/da\/ambassadorer_i-stockholm\/#primaryimage"},"thumbnailUrl":"https:\/\/gruyerestories.com\/archive2022\/wp-content\/uploads\/2022\/09\/ambassadords1.jpg","datePublished":"2022-10-06T12:58:32+00:00","dateModified":"2022-10-06T13:04:36+00:00","description":"Le Gruy\u00e8re AOP er p\u00e5 en mission. Kunsten at lave mad med sine venner er n\u00e6sten g\u00e5et i glemmebogen og har brug for at blive genoplivet. Her er historien.","breadcrumb":{"@id":"https:\/\/gruyerestories.com\/archive2022\/da\/ambassadorer_i-stockholm\/#breadcrumb"},"inLanguage":"en-US","potentialAction":[{"@type":"ReadAction","target":["https:\/\/gruyerestories.com\/archive2022\/da\/ambassadorer_i-stockholm\/"]}]},{"@type":"ImageObject","inLanguage":"en-US","@id":"https:\/\/gruyerestories.com\/archive2022\/da\/ambassadorer_i-stockholm\/#primaryimage","url":"https:\/\/gruyerestories.com\/archive2022\/wp-content\/uploads\/2022\/09\/ambassadords1.jpg","contentUrl":"https:\/\/gruyerestories.com\/archive2022\/wp-content\/uploads\/2022\/09\/ambassadords1.jpg","width":1920,"height":1080},{"@type":"BreadcrumbList","@id":"https:\/\/gruyerestories.com\/archive2022\/da\/ambassadorer_i-stockholm\/#breadcrumb","itemListElement":[{"@type":"ListItem","position":1,"name":"Home","item":"https:\/\/gruyerestories.com\/archive2022\/"},{"@type":"ListItem","position":2,"name":"Ambassad\u00f8rer i Stockholm"}]},{"@type":"WebSite","@id":"https:\/\/gruyerestories.com\/archive2022\/#website","url":"https:\/\/gruyerestories.com\/archive2022\/","name":"The Stories of Le Gruy\u00e8re AOP","description":"What would you cook with your friends?","potentialAction":[{"@type":"SearchAction","target":{"@type":"EntryPoint","urlTemplate":"https:\/\/gruyerestories.com\/archive2022\/?s={search_term_string}"},"query-input":{"@type":"PropertyValueSpecification","valueRequired":true,"valueName":"search_term_string"}}],"inLanguage":"en-US"}]}},"_links":{"self":[{"href":"https:\/\/gruyerestories.com\/archive2022\/wp-json\/wp\/v2\/pages\/354","targetHints":{"allow":["GET"]}}],"collection":[{"href":"https:\/\/gruyerestories.com\/archive2022\/wp-json\/wp\/v2\/pages"}],"about":[{"href":"https:\/\/gruyerestories.com\/archive2022\/wp-json\/wp\/v2\/types\/page"}],"author":[{"embeddable":true,"href":"https:\/\/gruyerestories.com\/archive2022\/wp-json\/wp\/v2\/users\/1"}],"replies":[{"embeddable":true,"href":"https:\/\/gruyerestories.com\/archive2022\/wp-json\/wp\/v2\/comments?post=354"}],"version-history":[{"count":3,"href":"https:\/\/gruyerestories.com\/archive2022\/wp-json\/wp\/v2\/pages\/354\/revisions"}],"predecessor-version":[{"id":358,"href":"https:\/\/gruyerestories.com\/archive2022\/wp-json\/wp\/v2\/pages\/354\/revisions\/358"}],"wp:featuredmedia":[{"embeddable":true,"href":"https:\/\/gruyerestories.com\/archive2022\/wp-json\/wp\/v2\/media\/227"}],"wp:attachment":[{"href":"https:\/\/gruyerestories.com\/archive2022\/wp-json\/wp\/v2\/media?parent=354"}],"curies":[{"name":"wp","href":"https:\/\/api.w.org\/{rel}","templated":true}]}}