{"id":326,"date":"2022-10-06T15:18:53","date_gmt":"2022-10-06T12:18:53","guid":{"rendered":"https:\/\/gruyerestories.com\/archive2022\/?page_id=326"},"modified":"2022-10-06T15:19:34","modified_gmt":"2022-10-06T12:19:34","slug":"konkurrence","status":"publish","type":"page","link":"https:\/\/gruyerestories.com\/archive2022\/da\/konkurrence\/","title":{"rendered":"Hvilken ret vil du gerne lave sammen med dine venner?"},"content":{"rendered":"\n<p>V\u00e6lg en af vores ambassad\u00f8rers retter, eller lav din egen! Hvilken ret med Le Gruy\u00e8re AOP vil du gerne lave sammen med dine venner? M\u00e5ske bliver du den heldige vinder af et stykke Le Gruy\u00e8re AOP p\u00e5 2,5 kg!<\/p>\n","protected":false},"excerpt":{"rendered":"<p>V\u00e6lg en af vores ambassad\u00f8rers retter, eller lav din egen! Hvilken ret med Le Gruy\u00e8re AOP vil du gerne lave sammen med dine venner? M\u00e5ske bliver du den heldige vinder af et stykke Le Gruy\u00e8re AOP p\u00e5 2,5 kg!<\/p>\n","protected":false},"author":1,"featured_media":44,"parent":0,"menu_order":0,"comment_status":"closed","ping_status":"closed","template":"template-contest.php","meta":{"footnotes":""},"class_list":["post-326","page","type-page","status-publish","has-post-thumbnail","hentry"],"acf":[],"yoast_head":"<!-- This site is optimized with the Yoast SEO plugin v27.3 - https:\/\/yoast.com\/product\/yoast-seo-wordpress\/ -->\n<title>Hvilken ret vil du gerne lave sammen med dine venner? - The Stories of Le Gruy\u00e8re AOP<\/title>\n<meta name=\"description\" content=\"Hvilken ret med Le Gruy\u00e8re AOP vil du gerne lave sammen med dine venner? M\u00e5ske bliver du den heldige vinder af et stykke Le Gruy\u00e8re AOP p\u00e5 2,5 kg!\" \/>\n<meta name=\"robots\" content=\"index, follow, max-snippet:-1, max-image-preview:large, max-video-preview:-1\" \/>\n<link rel=\"canonical\" href=\"https:\/\/gruyerestories.com\/archive2022\/da\/konkurrence\/\" \/>\n<meta property=\"og:locale\" content=\"en_US\" \/>\n<meta property=\"og:type\" content=\"article\" \/>\n<meta property=\"og:title\" content=\"Hvilken ret vil du gerne lave sammen med dine venner? - The Stories of Le Gruy\u00e8re AOP\" \/>\n<meta property=\"og:description\" content=\"Hvilken ret med Le Gruy\u00e8re AOP vil du gerne lave sammen med dine venner? M\u00e5ske bliver du den heldige vinder af et stykke Le Gruy\u00e8re AOP p\u00e5 2,5 kg!\" \/>\n<meta property=\"og:url\" content=\"https:\/\/gruyerestories.com\/archive2022\/da\/konkurrence\/\" \/>\n<meta property=\"og:site_name\" content=\"The Stories of Le Gruy\u00e8re AOP\" \/>\n<meta property=\"article:modified_time\" content=\"2022-10-06T12:19:34+00:00\" \/>\n<meta property=\"og:image\" content=\"https:\/\/gruyerestories.com\/archive2022\/wp-content\/uploads\/2022\/06\/gruyerestories-recept-img2.jpg\" \/>\n\t<meta property=\"og:image:width\" content=\"1920\" \/>\n\t<meta property=\"og:image:height\" content=\"1080\" \/>\n\t<meta property=\"og:image:type\" content=\"image\/jpeg\" \/>\n<meta name=\"twitter:card\" content=\"summary_large_image\" \/>\n<meta name=\"twitter:label1\" content=\"Est. reading time\" \/>\n\t<meta name=\"twitter:data1\" content=\"1 minute\" \/>\n<script type=\"application\/ld+json\" class=\"yoast-schema-graph\">{\"@context\":\"https:\\\/\\\/schema.org\",\"@graph\":[{\"@type\":\"WebPage\",\"@id\":\"https:\\\/\\\/gruyerestories.com\\\/archive2022\\\/da\\\/konkurrence\\\/\",\"url\":\"https:\\\/\\\/gruyerestories.com\\\/archive2022\\\/da\\\/konkurrence\\\/\",\"name\":\"Hvilken ret vil du gerne lave sammen med dine venner? - The Stories of Le Gruy\u00e8re AOP\",\"isPartOf\":{\"@id\":\"https:\\\/\\\/gruyerestories.com\\\/archive2022\\\/#website\"},\"primaryImageOfPage\":{\"@id\":\"https:\\\/\\\/gruyerestories.com\\\/archive2022\\\/da\\\/konkurrence\\\/#primaryimage\"},\"image\":{\"@id\":\"https:\\\/\\\/gruyerestories.com\\\/archive2022\\\/da\\\/konkurrence\\\/#primaryimage\"},\"thumbnailUrl\":\"https:\\\/\\\/gruyerestories.com\\\/archive2022\\\/wp-content\\\/uploads\\\/2022\\\/06\\\/gruyerestories-recept-img2.jpg\",\"datePublished\":\"2022-10-06T12:18:53+00:00\",\"dateModified\":\"2022-10-06T12:19:34+00:00\",\"description\":\"Hvilken ret med Le Gruy\u00e8re AOP vil du gerne lave sammen med dine venner? M\u00e5ske bliver du den heldige vinder af et stykke Le Gruy\u00e8re AOP p\u00e5 2,5 kg!\",\"breadcrumb\":{\"@id\":\"https:\\\/\\\/gruyerestories.com\\\/archive2022\\\/da\\\/konkurrence\\\/#breadcrumb\"},\"inLanguage\":\"en-US\",\"potentialAction\":[{\"@type\":\"ReadAction\",\"target\":[\"https:\\\/\\\/gruyerestories.com\\\/archive2022\\\/da\\\/konkurrence\\\/\"]}]},{\"@type\":\"ImageObject\",\"inLanguage\":\"en-US\",\"@id\":\"https:\\\/\\\/gruyerestories.com\\\/archive2022\\\/da\\\/konkurrence\\\/#primaryimage\",\"url\":\"https:\\\/\\\/gruyerestories.com\\\/archive2022\\\/wp-content\\\/uploads\\\/2022\\\/06\\\/gruyerestories-recept-img2.jpg\",\"contentUrl\":\"https:\\\/\\\/gruyerestories.com\\\/archive2022\\\/wp-content\\\/uploads\\\/2022\\\/06\\\/gruyerestories-recept-img2.jpg\",\"width\":1920,\"height\":1080},{\"@type\":\"BreadcrumbList\",\"@id\":\"https:\\\/\\\/gruyerestories.com\\\/archive2022\\\/da\\\/konkurrence\\\/#breadcrumb\",\"itemListElement\":[{\"@type\":\"ListItem\",\"position\":1,\"name\":\"Home\",\"item\":\"https:\\\/\\\/gruyerestories.com\\\/archive2022\\\/\"},{\"@type\":\"ListItem\",\"position\":2,\"name\":\"Hvilken ret vil du gerne lave sammen med dine venner?\"}]},{\"@type\":\"WebSite\",\"@id\":\"https:\\\/\\\/gruyerestories.com\\\/archive2022\\\/#website\",\"url\":\"https:\\\/\\\/gruyerestories.com\\\/archive2022\\\/\",\"name\":\"The Stories of Le Gruy\u00e8re AOP\",\"description\":\"What would you cook with your friends?\",\"potentialAction\":[{\"@type\":\"SearchAction\",\"target\":{\"@type\":\"EntryPoint\",\"urlTemplate\":\"https:\\\/\\\/gruyerestories.com\\\/archive2022\\\/?s={search_term_string}\"},\"query-input\":{\"@type\":\"PropertyValueSpecification\",\"valueRequired\":true,\"valueName\":\"search_term_string\"}}],\"inLanguage\":\"en-US\"}]}<\/script>\n<!-- \/ Yoast SEO plugin. -->","yoast_head_json":{"title":"Hvilken ret vil du gerne lave sammen med dine venner? - The Stories of Le Gruy\u00e8re AOP","description":"Hvilken ret med Le Gruy\u00e8re AOP vil du gerne lave sammen med dine venner? M\u00e5ske bliver du den heldige vinder af et stykke Le Gruy\u00e8re AOP p\u00e5 2,5 kg!","robots":{"index":"index","follow":"follow","max-snippet":"max-snippet:-1","max-image-preview":"max-image-preview:large","max-video-preview":"max-video-preview:-1"},"canonical":"https:\/\/gruyerestories.com\/archive2022\/da\/konkurrence\/","og_locale":"en_US","og_type":"article","og_title":"Hvilken ret vil du gerne lave sammen med dine venner? - The Stories of Le Gruy\u00e8re AOP","og_description":"Hvilken ret med Le Gruy\u00e8re AOP vil du gerne lave sammen med dine venner? M\u00e5ske bliver du den heldige vinder af et stykke Le Gruy\u00e8re AOP p\u00e5 2,5 kg!","og_url":"https:\/\/gruyerestories.com\/archive2022\/da\/konkurrence\/","og_site_name":"The Stories of Le Gruy\u00e8re AOP","article_modified_time":"2022-10-06T12:19:34+00:00","og_image":[{"width":1920,"height":1080,"url":"https:\/\/gruyerestories.com\/archive2022\/wp-content\/uploads\/2022\/06\/gruyerestories-recept-img2.jpg","type":"image\/jpeg"}],"twitter_card":"summary_large_image","twitter_misc":{"Est. reading time":"1 minute"},"schema":{"@context":"https:\/\/schema.org","@graph":[{"@type":"WebPage","@id":"https:\/\/gruyerestories.com\/archive2022\/da\/konkurrence\/","url":"https:\/\/gruyerestories.com\/archive2022\/da\/konkurrence\/","name":"Hvilken ret vil du gerne lave sammen med dine venner? - The Stories of Le Gruy\u00e8re AOP","isPartOf":{"@id":"https:\/\/gruyerestories.com\/archive2022\/#website"},"primaryImageOfPage":{"@id":"https:\/\/gruyerestories.com\/archive2022\/da\/konkurrence\/#primaryimage"},"image":{"@id":"https:\/\/gruyerestories.com\/archive2022\/da\/konkurrence\/#primaryimage"},"thumbnailUrl":"https:\/\/gruyerestories.com\/archive2022\/wp-content\/uploads\/2022\/06\/gruyerestories-recept-img2.jpg","datePublished":"2022-10-06T12:18:53+00:00","dateModified":"2022-10-06T12:19:34+00:00","description":"Hvilken ret med Le Gruy\u00e8re AOP vil du gerne lave sammen med dine venner? M\u00e5ske bliver du den heldige vinder af et stykke Le Gruy\u00e8re AOP p\u00e5 2,5 kg!","breadcrumb":{"@id":"https:\/\/gruyerestories.com\/archive2022\/da\/konkurrence\/#breadcrumb"},"inLanguage":"en-US","potentialAction":[{"@type":"ReadAction","target":["https:\/\/gruyerestories.com\/archive2022\/da\/konkurrence\/"]}]},{"@type":"ImageObject","inLanguage":"en-US","@id":"https:\/\/gruyerestories.com\/archive2022\/da\/konkurrence\/#primaryimage","url":"https:\/\/gruyerestories.com\/archive2022\/wp-content\/uploads\/2022\/06\/gruyerestories-recept-img2.jpg","contentUrl":"https:\/\/gruyerestories.com\/archive2022\/wp-content\/uploads\/2022\/06\/gruyerestories-recept-img2.jpg","width":1920,"height":1080},{"@type":"BreadcrumbList","@id":"https:\/\/gruyerestories.com\/archive2022\/da\/konkurrence\/#breadcrumb","itemListElement":[{"@type":"ListItem","position":1,"name":"Home","item":"https:\/\/gruyerestories.com\/archive2022\/"},{"@type":"ListItem","position":2,"name":"Hvilken ret vil du gerne lave sammen med dine venner?"}]},{"@type":"WebSite","@id":"https:\/\/gruyerestories.com\/archive2022\/#website","url":"https:\/\/gruyerestories.com\/archive2022\/","name":"The Stories of Le Gruy\u00e8re AOP","description":"What would you cook with your friends?","potentialAction":[{"@type":"SearchAction","target":{"@type":"EntryPoint","urlTemplate":"https:\/\/gruyerestories.com\/archive2022\/?s={search_term_string}"},"query-input":{"@type":"PropertyValueSpecification","valueRequired":true,"valueName":"search_term_string"}}],"inLanguage":"en-US"}]}},"_links":{"self":[{"href":"https:\/\/gruyerestories.com\/archive2022\/wp-json\/wp\/v2\/pages\/326","targetHints":{"allow":["GET"]}}],"collection":[{"href":"https:\/\/gruyerestories.com\/archive2022\/wp-json\/wp\/v2\/pages"}],"about":[{"href":"https:\/\/gruyerestories.com\/archive2022\/wp-json\/wp\/v2\/types\/page"}],"author":[{"embeddable":true,"href":"https:\/\/gruyerestories.com\/archive2022\/wp-json\/wp\/v2\/users\/1"}],"replies":[{"embeddable":true,"href":"https:\/\/gruyerestories.com\/archive2022\/wp-json\/wp\/v2\/comments?post=326"}],"version-history":[{"count":1,"href":"https:\/\/gruyerestories.com\/archive2022\/wp-json\/wp\/v2\/pages\/326\/revisions"}],"predecessor-version":[{"id":327,"href":"https:\/\/gruyerestories.com\/archive2022\/wp-json\/wp\/v2\/pages\/326\/revisions\/327"}],"wp:featuredmedia":[{"embeddable":true,"href":"https:\/\/gruyerestories.com\/archive2022\/wp-json\/wp\/v2\/media\/44"}],"wp:attachment":[{"href":"https:\/\/gruyerestories.com\/archive2022\/wp-json\/wp\/v2\/media?parent=326"}],"curies":[{"name":"wp","href":"https:\/\/api.w.org\/{rel}","templated":true}]}}