{"id":291,"date":"2022-10-03T20:20:19","date_gmt":"2022-10-03T17:20:19","guid":{"rendered":"https:\/\/gruyerestories.com\/archive2022\/?page_id=291"},"modified":"2022-10-03T21:12:16","modified_gmt":"2022-10-03T18:12:16","slug":"ambassadorer-i-stockholm","status":"publish","type":"page","link":"https:\/\/gruyerestories.com\/archive2022\/sv\/ambassadorer-i-stockholm\/","title":{"rendered":"Ambassad\u00f6rer i Stockholm"},"content":{"rendered":"\n<h2 class=\"wp-block-heading\">Tillsammans igen<\/h2>\n\n\n\n<div class=\"wp-block-columns is-layout-flex wp-container-core-columns-is-layout-9d6595d7 wp-block-columns-is-layout-flex\">\n<div class=\"wp-block-column is-layout-flow wp-block-column-is-layout-flow\" style=\"flex-basis:58%\">\n<p>Att familjer samlas runt middagsbordet f\u00f6r att \u00e4ta tillsammans \u00e4r inte l\u00e4ngre en sj\u00e4lvklarhet i v\u00e5r alltmer fullsp\u00e4ckade vardag. Numera har man s\u00e4llan tid att bjuda hem v\u00e4nner p\u00e5 middag. Alla \u00e4r st\u00e4ndigt upptagna och h\u00e4mtmat blir alltmer f\u00f6rstahandsvalet.<\/p>\n\n\n\n<p>Hur kan vi spendera mer tid tillsammans n\u00e4r vi faktiskt pratar med varandra, samtidigt som vi njuter av god mat? Le Gruy\u00e8re AOP beslutade sig om ett tema f\u00f6r \u00e5ret \u2013 n\u00e4mligen \u201dtogetherness\u201d, att vara tillsammans.<\/p>\n\n\n\n<p>Snabbt skickade vi v\u00e5ra nordiska ambassad\u00f6rer till Stockholm. Alla skulle ta med ett recept och en positiv inst\u00e4llning. Det var definitivt ingen brist p\u00e5 det i v\u00e5rt team av dessa individer.<\/p>\n<\/div>\n\n\n\n<div class=\"wp-block-column is-layout-flow wp-block-column-is-layout-flow\" style=\"flex-basis:42%\">\n<figure class=\"wp-block-image size-full\"><img loading=\"lazy\" decoding=\"async\" width=\"768\" height=\"1024\" src=\"https:\/\/gruyerestories.com\/archive2022\/wp-content\/uploads\/2022\/09\/ambassadords2.jpg\" alt=\"Le Gruy\u00e8re AOP\" class=\"wp-image-228\" srcset=\"https:\/\/gruyerestories.com\/archive2022\/wp-content\/uploads\/2022\/09\/ambassadords2.jpg 768w, https:\/\/gruyerestories.com\/archive2022\/wp-content\/uploads\/2022\/09\/ambassadords2-225x300.jpg 225w\" sizes=\"auto, (max-width: 768px) 100vw, 768px\" \/><\/figure>\n<\/div>\n<\/div>\n\n\n\n<p><strong>Le Gruy\u00e8re AOP har tidigare samarbetat med flera matpersonligheter fr\u00e5n Norden och Stockholm hade \u00e4ran att f\u00e5 bes\u00f6k av dessa:<\/strong><\/p>\n\n\n\n<p><a href=\"https:\/\/www.instagram.com\/louisalorang\/\" target=\"_blank\" rel=\"noreferrer noopener\">Louisa Lorang<\/a> \u00e4r en v\u00e4lk\u00e4nd dansk matstylist och skribent, fr\u00e4mst k\u00e4nd fr\u00e5n TV.<\/p>\n\n\n\n<p><a href=\"https:\/\/www.instagram.com\/petter_backlund\/\" target=\"_blank\" rel=\"noreferrer noopener\">Petter B\u00e4cklund<\/a> \u00e4r en \u201dlongtime partner in crime\u201d med Le Gruy\u00e8re AOP som matfotograf, en mat-aficionado och matjournalist.<\/p>\n\n\n\n<p><a href=\"https:\/\/www.instagram.com\/superfoodsweden\/\" target=\"_blank\" rel=\"noreferrer noopener\">Jenny Westman<\/a> \u00e4r h\u00e4lsopedagog, PT och bloggerska som balanserar en h\u00e4lsosam livsstil med smakrik och n\u00e4ringsrik mat.<\/p>\n\n\n\n<p><a href=\"https:\/\/www.instagram.com\/systrarnaeisenman\/\" target=\"_blank\" rel=\"noreferrer noopener\">Systrarna Eisenman<\/a> &#8211; de svenska \u201dOG\u201d matbloggerskorna. F\u00f6r m\u00e5nga \u00e5r sedan startade de en caf\u00e9- och kokbokshandel. Sedan dess har de blivit prisbel\u00f6nta kokbokf\u00f6rfattarinnor, bloggerskor och matstylister med en genuin passion f\u00f6r mat.<\/p>\n\n\n\n<p>Det var uppst\u00e4llningen.<\/p>\n\n\n\n<div class=\"wp-block-columns is-layout-flex wp-container-core-columns-is-layout-9d6595d7 wp-block-columns-is-layout-flex\">\n<div class=\"wp-block-column is-layout-flow wp-block-column-is-layout-flow\" style=\"flex-basis:44%\">\n<figure class=\"wp-block-image size-full\"><img loading=\"lazy\" decoding=\"async\" width=\"768\" height=\"1024\" src=\"https:\/\/gruyerestories.com\/archive2022\/wp-content\/uploads\/2022\/09\/ambassadords3.jpg\" alt=\"Le Gruy\u00e8re AOP\" class=\"wp-image-229\" srcset=\"https:\/\/gruyerestories.com\/archive2022\/wp-content\/uploads\/2022\/09\/ambassadords3.jpg 768w, https:\/\/gruyerestories.com\/archive2022\/wp-content\/uploads\/2022\/09\/ambassadords3-225x300.jpg 225w\" sizes=\"auto, (max-width: 768px) 100vw, 768px\" \/><\/figure>\n<\/div>\n\n\n\n<div class=\"wp-block-column is-layout-flow wp-block-column-is-layout-flow\" style=\"flex-basis:56%\">\n<p>F\u00f6rresten, om du vill tr\u00e4ffa dina v\u00e4nner och laga mat tillsammans med dem s\u00e5som v\u00e5ra ambassad\u00f6rer, se till att delta i v\u00e5r <a href=\"\/sv\/tavling\">tavling<\/a> d\u00e4r du har chansen att vinna en stor bit 2,5 kg Le Gruy\u00e8re AOP. D\u00e5 kan ni bjuda \u00f6ver era v\u00e4nner och \u201dgo wild\u201d i k\u00f6ket!<\/p>\n\n\n\n<p>Kolla in denna korta <a data-type=\"internal\" data-id=\"#video\" href=\"#video\">video<\/a> fr\u00e5n eventet eller kika p\u00e5 n\u00e5gra av de h\u00e4rliga fotona och <a data-type=\"internal\" data-id=\"#recipes\" href=\"#recipes\">recepten<\/a>.<\/p>\n<\/div>\n<\/div>\n\n\n\n<div id=\"video\" style=\"padding:56.25% 0 0 0;margin-bottom:1rem;position:relative;\"><iframe src=\"https:\/\/player.vimeo.com\/video\/752494361?h=34c5869d5e&amp;badge=0&amp;autopause=0&amp;player_id=0&amp;app_id=58479\" frameborder=\"0\" allow=\"autoplay; fullscreen; picture-in-picture\" allowfullscreen=\"\" style=\"position:absolute;top:0;left:0;width:100%;height:100%;\" title=\"GRU_33s_eng_versio2.mp4\"><\/iframe><\/div><script src=\"https:\/\/player.vimeo.com\/api\/player.js\"><\/script>\n\n\n\n<p>Tillst\u00e4llningen var en succ\u00e9 &#8211; livliga och intressanta diskussioner med ost i \u00f6verfl\u00f6d till hela produktionsteamet. Efter tv\u00e5 intensiva dagar med matlagning och fotograferingar avslutades eventet med en fantastisk middag.<\/p>\n\n\n\n<p>Sammanfattningsvis, vi beh\u00f6ver mer tid att i lugn och ro umg\u00e5s med varandra och laga fantastisk god mat tillsammans. Dessa v\u00e4rderingar kan Le Gruy\u00e9re AOP st\u00e5 f\u00f6r.<\/p>\n","protected":false},"excerpt":{"rendered":"<p>Tillsammans igen Att familjer samlas runt middagsbordet f\u00f6r att \u00e4ta tillsammans \u00e4r inte l\u00e4ngre en sj\u00e4lvklarhet i v\u00e5r alltmer fullsp\u00e4ckade vardag. Numera har man s\u00e4llan tid att bjuda hem v\u00e4nner p\u00e5 middag. Alla \u00e4r st\u00e4ndigt upptagna och h\u00e4mtmat blir alltmer f\u00f6rstahandsvalet. Hur kan vi spendera mer tid tillsammans n\u00e4r vi faktiskt pratar med varandra, samtidigt [&hellip;]<\/p>\n","protected":false},"author":1,"featured_media":227,"parent":0,"menu_order":0,"comment_status":"closed","ping_status":"closed","template":"template-story.php","meta":{"footnotes":""},"class_list":["post-291","page","type-page","status-publish","has-post-thumbnail","hentry"],"acf":[],"yoast_head":"<!-- This site is optimized with the Yoast SEO plugin v27.3 - https:\/\/yoast.com\/product\/yoast-seo-wordpress\/ -->\n<title>Ambassad\u00f6rer i Stockholm - The Stories of Le Gruy\u00e8re AOP<\/title>\n<meta name=\"description\" content=\"Le Gruy\u00e8re AOP \u00e4r p\u00e5 ett uppdrag. Att samlas och laga mat tillsammans med sina v\u00e4nner har n\u00e4stan blivit en bortgl\u00f6md konstform. H\u00e4r \u00e4r ber\u00e4ttelsen.\" \/>\n<meta name=\"robots\" content=\"index, follow, max-snippet:-1, max-image-preview:large, max-video-preview:-1\" \/>\n<link rel=\"canonical\" href=\"https:\/\/gruyerestories.com\/archive2022\/sv\/ambassadorer-i-stockholm\/\" \/>\n<meta property=\"og:locale\" content=\"en_US\" \/>\n<meta property=\"og:type\" content=\"article\" \/>\n<meta property=\"og:title\" content=\"Ambassad\u00f6rer i Stockholm - The Stories of Le Gruy\u00e8re AOP\" \/>\n<meta property=\"og:description\" content=\"Le Gruy\u00e8re AOP \u00e4r p\u00e5 ett uppdrag. Att samlas och laga mat tillsammans med sina v\u00e4nner har n\u00e4stan blivit en bortgl\u00f6md konstform. H\u00e4r \u00e4r ber\u00e4ttelsen.\" \/>\n<meta property=\"og:url\" content=\"https:\/\/gruyerestories.com\/archive2022\/sv\/ambassadorer-i-stockholm\/\" \/>\n<meta property=\"og:site_name\" content=\"The Stories of Le Gruy\u00e8re AOP\" \/>\n<meta property=\"article:modified_time\" content=\"2022-10-03T18:12:16+00:00\" \/>\n<meta property=\"og:image\" content=\"https:\/\/gruyerestories.com\/archive2022\/wp-content\/uploads\/2022\/09\/ambassadords1.jpg\" \/>\n\t<meta property=\"og:image:width\" content=\"1920\" \/>\n\t<meta property=\"og:image:height\" content=\"1080\" \/>\n\t<meta property=\"og:image:type\" content=\"image\/jpeg\" \/>\n<meta name=\"twitter:card\" content=\"summary_large_image\" \/>\n<meta name=\"twitter:label1\" content=\"Est. reading time\" \/>\n\t<meta name=\"twitter:data1\" content=\"2 minutes\" \/>\n<script type=\"application\/ld+json\" class=\"yoast-schema-graph\">{\"@context\":\"https:\\\/\\\/schema.org\",\"@graph\":[{\"@type\":\"WebPage\",\"@id\":\"https:\\\/\\\/gruyerestories.com\\\/archive2022\\\/sv\\\/ambassadorer-i-stockholm\\\/\",\"url\":\"https:\\\/\\\/gruyerestories.com\\\/archive2022\\\/sv\\\/ambassadorer-i-stockholm\\\/\",\"name\":\"Ambassad\u00f6rer i Stockholm - The Stories of Le Gruy\u00e8re AOP\",\"isPartOf\":{\"@id\":\"https:\\\/\\\/gruyerestories.com\\\/archive2022\\\/#website\"},\"primaryImageOfPage\":{\"@id\":\"https:\\\/\\\/gruyerestories.com\\\/archive2022\\\/sv\\\/ambassadorer-i-stockholm\\\/#primaryimage\"},\"image\":{\"@id\":\"https:\\\/\\\/gruyerestories.com\\\/archive2022\\\/sv\\\/ambassadorer-i-stockholm\\\/#primaryimage\"},\"thumbnailUrl\":\"https:\\\/\\\/gruyerestories.com\\\/archive2022\\\/wp-content\\\/uploads\\\/2022\\\/09\\\/ambassadords1.jpg\",\"datePublished\":\"2022-10-03T17:20:19+00:00\",\"dateModified\":\"2022-10-03T18:12:16+00:00\",\"description\":\"Le Gruy\u00e8re AOP \u00e4r p\u00e5 ett uppdrag. Att samlas och laga mat tillsammans med sina v\u00e4nner har n\u00e4stan blivit en bortgl\u00f6md konstform. H\u00e4r \u00e4r ber\u00e4ttelsen.\",\"breadcrumb\":{\"@id\":\"https:\\\/\\\/gruyerestories.com\\\/archive2022\\\/sv\\\/ambassadorer-i-stockholm\\\/#breadcrumb\"},\"inLanguage\":\"en-US\",\"potentialAction\":[{\"@type\":\"ReadAction\",\"target\":[\"https:\\\/\\\/gruyerestories.com\\\/archive2022\\\/sv\\\/ambassadorer-i-stockholm\\\/\"]}]},{\"@type\":\"ImageObject\",\"inLanguage\":\"en-US\",\"@id\":\"https:\\\/\\\/gruyerestories.com\\\/archive2022\\\/sv\\\/ambassadorer-i-stockholm\\\/#primaryimage\",\"url\":\"https:\\\/\\\/gruyerestories.com\\\/archive2022\\\/wp-content\\\/uploads\\\/2022\\\/09\\\/ambassadords1.jpg\",\"contentUrl\":\"https:\\\/\\\/gruyerestories.com\\\/archive2022\\\/wp-content\\\/uploads\\\/2022\\\/09\\\/ambassadords1.jpg\",\"width\":1920,\"height\":1080},{\"@type\":\"BreadcrumbList\",\"@id\":\"https:\\\/\\\/gruyerestories.com\\\/archive2022\\\/sv\\\/ambassadorer-i-stockholm\\\/#breadcrumb\",\"itemListElement\":[{\"@type\":\"ListItem\",\"position\":1,\"name\":\"Home\",\"item\":\"https:\\\/\\\/gruyerestories.com\\\/archive2022\\\/\"},{\"@type\":\"ListItem\",\"position\":2,\"name\":\"Ambassad\u00f6rer i Stockholm\"}]},{\"@type\":\"WebSite\",\"@id\":\"https:\\\/\\\/gruyerestories.com\\\/archive2022\\\/#website\",\"url\":\"https:\\\/\\\/gruyerestories.com\\\/archive2022\\\/\",\"name\":\"The Stories of Le Gruy\u00e8re AOP\",\"description\":\"What would you cook with your friends?\",\"potentialAction\":[{\"@type\":\"SearchAction\",\"target\":{\"@type\":\"EntryPoint\",\"urlTemplate\":\"https:\\\/\\\/gruyerestories.com\\\/archive2022\\\/?s={search_term_string}\"},\"query-input\":{\"@type\":\"PropertyValueSpecification\",\"valueRequired\":true,\"valueName\":\"search_term_string\"}}],\"inLanguage\":\"en-US\"}]}<\/script>\n<!-- \/ Yoast SEO plugin. -->","yoast_head_json":{"title":"Ambassad\u00f6rer i Stockholm - The Stories of Le Gruy\u00e8re AOP","description":"Le Gruy\u00e8re AOP \u00e4r p\u00e5 ett uppdrag. Att samlas och laga mat tillsammans med sina v\u00e4nner har n\u00e4stan blivit en bortgl\u00f6md konstform. H\u00e4r \u00e4r ber\u00e4ttelsen.","robots":{"index":"index","follow":"follow","max-snippet":"max-snippet:-1","max-image-preview":"max-image-preview:large","max-video-preview":"max-video-preview:-1"},"canonical":"https:\/\/gruyerestories.com\/archive2022\/sv\/ambassadorer-i-stockholm\/","og_locale":"en_US","og_type":"article","og_title":"Ambassad\u00f6rer i Stockholm - The Stories of Le Gruy\u00e8re AOP","og_description":"Le Gruy\u00e8re AOP \u00e4r p\u00e5 ett uppdrag. Att samlas och laga mat tillsammans med sina v\u00e4nner har n\u00e4stan blivit en bortgl\u00f6md konstform. H\u00e4r \u00e4r ber\u00e4ttelsen.","og_url":"https:\/\/gruyerestories.com\/archive2022\/sv\/ambassadorer-i-stockholm\/","og_site_name":"The Stories of Le Gruy\u00e8re AOP","article_modified_time":"2022-10-03T18:12:16+00:00","og_image":[{"width":1920,"height":1080,"url":"https:\/\/gruyerestories.com\/archive2022\/wp-content\/uploads\/2022\/09\/ambassadords1.jpg","type":"image\/jpeg"}],"twitter_card":"summary_large_image","twitter_misc":{"Est. reading time":"2 minutes"},"schema":{"@context":"https:\/\/schema.org","@graph":[{"@type":"WebPage","@id":"https:\/\/gruyerestories.com\/archive2022\/sv\/ambassadorer-i-stockholm\/","url":"https:\/\/gruyerestories.com\/archive2022\/sv\/ambassadorer-i-stockholm\/","name":"Ambassad\u00f6rer i Stockholm - The Stories of Le Gruy\u00e8re AOP","isPartOf":{"@id":"https:\/\/gruyerestories.com\/archive2022\/#website"},"primaryImageOfPage":{"@id":"https:\/\/gruyerestories.com\/archive2022\/sv\/ambassadorer-i-stockholm\/#primaryimage"},"image":{"@id":"https:\/\/gruyerestories.com\/archive2022\/sv\/ambassadorer-i-stockholm\/#primaryimage"},"thumbnailUrl":"https:\/\/gruyerestories.com\/archive2022\/wp-content\/uploads\/2022\/09\/ambassadords1.jpg","datePublished":"2022-10-03T17:20:19+00:00","dateModified":"2022-10-03T18:12:16+00:00","description":"Le Gruy\u00e8re AOP \u00e4r p\u00e5 ett uppdrag. Att samlas och laga mat tillsammans med sina v\u00e4nner har n\u00e4stan blivit en bortgl\u00f6md konstform. H\u00e4r \u00e4r ber\u00e4ttelsen.","breadcrumb":{"@id":"https:\/\/gruyerestories.com\/archive2022\/sv\/ambassadorer-i-stockholm\/#breadcrumb"},"inLanguage":"en-US","potentialAction":[{"@type":"ReadAction","target":["https:\/\/gruyerestories.com\/archive2022\/sv\/ambassadorer-i-stockholm\/"]}]},{"@type":"ImageObject","inLanguage":"en-US","@id":"https:\/\/gruyerestories.com\/archive2022\/sv\/ambassadorer-i-stockholm\/#primaryimage","url":"https:\/\/gruyerestories.com\/archive2022\/wp-content\/uploads\/2022\/09\/ambassadords1.jpg","contentUrl":"https:\/\/gruyerestories.com\/archive2022\/wp-content\/uploads\/2022\/09\/ambassadords1.jpg","width":1920,"height":1080},{"@type":"BreadcrumbList","@id":"https:\/\/gruyerestories.com\/archive2022\/sv\/ambassadorer-i-stockholm\/#breadcrumb","itemListElement":[{"@type":"ListItem","position":1,"name":"Home","item":"https:\/\/gruyerestories.com\/archive2022\/"},{"@type":"ListItem","position":2,"name":"Ambassad\u00f6rer i Stockholm"}]},{"@type":"WebSite","@id":"https:\/\/gruyerestories.com\/archive2022\/#website","url":"https:\/\/gruyerestories.com\/archive2022\/","name":"The Stories of Le Gruy\u00e8re AOP","description":"What would you cook with your friends?","potentialAction":[{"@type":"SearchAction","target":{"@type":"EntryPoint","urlTemplate":"https:\/\/gruyerestories.com\/archive2022\/?s={search_term_string}"},"query-input":{"@type":"PropertyValueSpecification","valueRequired":true,"valueName":"search_term_string"}}],"inLanguage":"en-US"}]}},"_links":{"self":[{"href":"https:\/\/gruyerestories.com\/archive2022\/wp-json\/wp\/v2\/pages\/291","targetHints":{"allow":["GET"]}}],"collection":[{"href":"https:\/\/gruyerestories.com\/archive2022\/wp-json\/wp\/v2\/pages"}],"about":[{"href":"https:\/\/gruyerestories.com\/archive2022\/wp-json\/wp\/v2\/types\/page"}],"author":[{"embeddable":true,"href":"https:\/\/gruyerestories.com\/archive2022\/wp-json\/wp\/v2\/users\/1"}],"replies":[{"embeddable":true,"href":"https:\/\/gruyerestories.com\/archive2022\/wp-json\/wp\/v2\/comments?post=291"}],"version-history":[{"count":4,"href":"https:\/\/gruyerestories.com\/archive2022\/wp-json\/wp\/v2\/pages\/291\/revisions"}],"predecessor-version":[{"id":305,"href":"https:\/\/gruyerestories.com\/archive2022\/wp-json\/wp\/v2\/pages\/291\/revisions\/305"}],"wp:featuredmedia":[{"embeddable":true,"href":"https:\/\/gruyerestories.com\/archive2022\/wp-json\/wp\/v2\/media\/227"}],"wp:attachment":[{"href":"https:\/\/gruyerestories.com\/archive2022\/wp-json\/wp\/v2\/media?parent=291"}],"curies":[{"name":"wp","href":"https:\/\/api.w.org\/{rel}","templated":true}]}}