{"id":283,"date":"2022-10-03T20:14:50","date_gmt":"2022-10-03T17:14:50","guid":{"rendered":"https:\/\/gruyerestories.com\/archive2022\/?page_id=283"},"modified":"2022-10-03T20:51:23","modified_gmt":"2022-10-03T17:51:23","slug":"storyn-om-le-gruyere-aop","status":"publish","type":"page","link":"https:\/\/gruyerestories.com\/archive2022\/sv\/","title":{"rendered":"Storyn om Le Gruy\u00e8re AOP"},"content":{"rendered":"\n<p>Vad skulle du helst vilja laga med dina v\u00e4nner? <br>Ta chansen att vinna 2,5 kg Le Gruy\u00e9re AOP!<\/p>\n","protected":false},"excerpt":{"rendered":"<p>Vad skulle du helst vilja laga med dina v\u00e4nner? Ta chansen att vinna 2,5 kg Le Gruy\u00e9re AOP!<\/p>\n","protected":false},"author":1,"featured_media":45,"parent":0,"menu_order":0,"comment_status":"closed","ping_status":"closed","template":"","meta":{"footnotes":""},"class_list":["post-283","page","type-page","status-publish","has-post-thumbnail","hentry"],"acf":[],"yoast_head":"<!-- This site is optimized with the Yoast SEO plugin v27.3 - https:\/\/yoast.com\/product\/yoast-seo-wordpress\/ -->\n<title>The Stories of Le Gruy\u00e8re AOP<\/title>\n<meta name=\"description\" content=\"Vad skulle du helst vilja laga med dina v\u00e4nner? Ta chansen att vinna 2,5 kg Le Gruy\u00e9re AOP!\" \/>\n<meta name=\"robots\" content=\"index, follow, max-snippet:-1, max-image-preview:large, max-video-preview:-1\" \/>\n<link rel=\"canonical\" href=\"https:\/\/gruyerestories.com\/archive2022\/sv\/\" \/>\n<meta property=\"og:locale\" content=\"en_US\" \/>\n<meta property=\"og:type\" content=\"article\" \/>\n<meta property=\"og:title\" content=\"The Stories of Le Gruy\u00e8re AOP\" \/>\n<meta property=\"og:description\" content=\"Vad skulle du helst vilja laga med dina v\u00e4nner? Ta chansen att vinna 2,5 kg Le Gruy\u00e9re AOP!\" \/>\n<meta property=\"og:url\" content=\"https:\/\/gruyerestories.com\/archive2022\/sv\/\" \/>\n<meta property=\"og:site_name\" content=\"The Stories of Le Gruy\u00e8re AOP\" \/>\n<meta property=\"article:modified_time\" content=\"2022-10-03T17:51:23+00:00\" \/>\n<meta property=\"og:image\" content=\"https:\/\/gruyerestories.com\/archive2022\/wp-content\/uploads\/2022\/06\/gruyerestories-main-img.jpg\" \/>\n\t<meta property=\"og:image:width\" content=\"1920\" \/>\n\t<meta property=\"og:image:height\" content=\"1080\" \/>\n\t<meta property=\"og:image:type\" content=\"image\/jpeg\" \/>\n<meta name=\"twitter:card\" content=\"summary_large_image\" \/>\n<meta name=\"twitter:label1\" content=\"Est. reading time\" \/>\n\t<meta name=\"twitter:data1\" content=\"1 minute\" \/>\n<script type=\"application\/ld+json\" class=\"yoast-schema-graph\">{\"@context\":\"https:\\\/\\\/schema.org\",\"@graph\":[{\"@type\":\"WebPage\",\"@id\":\"https:\\\/\\\/gruyerestories.com\\\/archive2022\\\/sv\\\/\",\"url\":\"https:\\\/\\\/gruyerestories.com\\\/archive2022\\\/sv\\\/\",\"name\":\"The Stories of Le Gruy\u00e8re AOP\",\"isPartOf\":{\"@id\":\"https:\\\/\\\/gruyerestories.com\\\/archive2022\\\/#website\"},\"primaryImageOfPage\":{\"@id\":\"https:\\\/\\\/gruyerestories.com\\\/archive2022\\\/sv\\\/#primaryimage\"},\"image\":{\"@id\":\"https:\\\/\\\/gruyerestories.com\\\/archive2022\\\/sv\\\/#primaryimage\"},\"thumbnailUrl\":\"https:\\\/\\\/gruyerestories.com\\\/archive2022\\\/wp-content\\\/uploads\\\/2022\\\/06\\\/gruyerestories-main-img.jpg\",\"datePublished\":\"2022-10-03T17:14:50+00:00\",\"dateModified\":\"2022-10-03T17:51:23+00:00\",\"description\":\"Vad skulle du helst vilja laga med dina v\u00e4nner? Ta chansen att vinna 2,5 kg Le Gruy\u00e9re AOP!\",\"breadcrumb\":{\"@id\":\"https:\\\/\\\/gruyerestories.com\\\/archive2022\\\/sv\\\/#breadcrumb\"},\"inLanguage\":\"en-US\",\"potentialAction\":[{\"@type\":\"ReadAction\",\"target\":[\"https:\\\/\\\/gruyerestories.com\\\/archive2022\\\/sv\\\/\"]}]},{\"@type\":\"ImageObject\",\"inLanguage\":\"en-US\",\"@id\":\"https:\\\/\\\/gruyerestories.com\\\/archive2022\\\/sv\\\/#primaryimage\",\"url\":\"https:\\\/\\\/gruyerestories.com\\\/archive2022\\\/wp-content\\\/uploads\\\/2022\\\/06\\\/gruyerestories-main-img.jpg\",\"contentUrl\":\"https:\\\/\\\/gruyerestories.com\\\/archive2022\\\/wp-content\\\/uploads\\\/2022\\\/06\\\/gruyerestories-main-img.jpg\",\"width\":1920,\"height\":1080},{\"@type\":\"BreadcrumbList\",\"@id\":\"https:\\\/\\\/gruyerestories.com\\\/archive2022\\\/sv\\\/#breadcrumb\",\"itemListElement\":[{\"@type\":\"ListItem\",\"position\":1,\"name\":\"Home\",\"item\":\"https:\\\/\\\/gruyerestories.com\\\/archive2022\\\/\"},{\"@type\":\"ListItem\",\"position\":2,\"name\":\"Storyn om Le Gruy\u00e8re AOP\"}]},{\"@type\":\"WebSite\",\"@id\":\"https:\\\/\\\/gruyerestories.com\\\/archive2022\\\/#website\",\"url\":\"https:\\\/\\\/gruyerestories.com\\\/archive2022\\\/\",\"name\":\"The Stories of Le Gruy\u00e8re AOP\",\"description\":\"What would you cook with your friends?\",\"potentialAction\":[{\"@type\":\"SearchAction\",\"target\":{\"@type\":\"EntryPoint\",\"urlTemplate\":\"https:\\\/\\\/gruyerestories.com\\\/archive2022\\\/?s={search_term_string}\"},\"query-input\":{\"@type\":\"PropertyValueSpecification\",\"valueRequired\":true,\"valueName\":\"search_term_string\"}}],\"inLanguage\":\"en-US\"}]}<\/script>\n<!-- \/ Yoast SEO plugin. -->","yoast_head_json":{"title":"The Stories of Le Gruy\u00e8re AOP","description":"Vad skulle du helst vilja laga med dina v\u00e4nner? Ta chansen att vinna 2,5 kg Le Gruy\u00e9re AOP!","robots":{"index":"index","follow":"follow","max-snippet":"max-snippet:-1","max-image-preview":"max-image-preview:large","max-video-preview":"max-video-preview:-1"},"canonical":"https:\/\/gruyerestories.com\/archive2022\/sv\/","og_locale":"en_US","og_type":"article","og_title":"The Stories of Le Gruy\u00e8re AOP","og_description":"Vad skulle du helst vilja laga med dina v\u00e4nner? Ta chansen att vinna 2,5 kg Le Gruy\u00e9re AOP!","og_url":"https:\/\/gruyerestories.com\/archive2022\/sv\/","og_site_name":"The Stories of Le Gruy\u00e8re AOP","article_modified_time":"2022-10-03T17:51:23+00:00","og_image":[{"width":1920,"height":1080,"url":"https:\/\/gruyerestories.com\/archive2022\/wp-content\/uploads\/2022\/06\/gruyerestories-main-img.jpg","type":"image\/jpeg"}],"twitter_card":"summary_large_image","twitter_misc":{"Est. reading time":"1 minute"},"schema":{"@context":"https:\/\/schema.org","@graph":[{"@type":"WebPage","@id":"https:\/\/gruyerestories.com\/archive2022\/sv\/","url":"https:\/\/gruyerestories.com\/archive2022\/sv\/","name":"The Stories of Le Gruy\u00e8re AOP","isPartOf":{"@id":"https:\/\/gruyerestories.com\/archive2022\/#website"},"primaryImageOfPage":{"@id":"https:\/\/gruyerestories.com\/archive2022\/sv\/#primaryimage"},"image":{"@id":"https:\/\/gruyerestories.com\/archive2022\/sv\/#primaryimage"},"thumbnailUrl":"https:\/\/gruyerestories.com\/archive2022\/wp-content\/uploads\/2022\/06\/gruyerestories-main-img.jpg","datePublished":"2022-10-03T17:14:50+00:00","dateModified":"2022-10-03T17:51:23+00:00","description":"Vad skulle du helst vilja laga med dina v\u00e4nner? Ta chansen att vinna 2,5 kg Le Gruy\u00e9re AOP!","breadcrumb":{"@id":"https:\/\/gruyerestories.com\/archive2022\/sv\/#breadcrumb"},"inLanguage":"en-US","potentialAction":[{"@type":"ReadAction","target":["https:\/\/gruyerestories.com\/archive2022\/sv\/"]}]},{"@type":"ImageObject","inLanguage":"en-US","@id":"https:\/\/gruyerestories.com\/archive2022\/sv\/#primaryimage","url":"https:\/\/gruyerestories.com\/archive2022\/wp-content\/uploads\/2022\/06\/gruyerestories-main-img.jpg","contentUrl":"https:\/\/gruyerestories.com\/archive2022\/wp-content\/uploads\/2022\/06\/gruyerestories-main-img.jpg","width":1920,"height":1080},{"@type":"BreadcrumbList","@id":"https:\/\/gruyerestories.com\/archive2022\/sv\/#breadcrumb","itemListElement":[{"@type":"ListItem","position":1,"name":"Home","item":"https:\/\/gruyerestories.com\/archive2022\/"},{"@type":"ListItem","position":2,"name":"Storyn om Le Gruy\u00e8re AOP"}]},{"@type":"WebSite","@id":"https:\/\/gruyerestories.com\/archive2022\/#website","url":"https:\/\/gruyerestories.com\/archive2022\/","name":"The Stories of Le Gruy\u00e8re AOP","description":"What would you cook with your friends?","potentialAction":[{"@type":"SearchAction","target":{"@type":"EntryPoint","urlTemplate":"https:\/\/gruyerestories.com\/archive2022\/?s={search_term_string}"},"query-input":{"@type":"PropertyValueSpecification","valueRequired":true,"valueName":"search_term_string"}}],"inLanguage":"en-US"}]}},"_links":{"self":[{"href":"https:\/\/gruyerestories.com\/archive2022\/wp-json\/wp\/v2\/pages\/283","targetHints":{"allow":["GET"]}}],"collection":[{"href":"https:\/\/gruyerestories.com\/archive2022\/wp-json\/wp\/v2\/pages"}],"about":[{"href":"https:\/\/gruyerestories.com\/archive2022\/wp-json\/wp\/v2\/types\/page"}],"author":[{"embeddable":true,"href":"https:\/\/gruyerestories.com\/archive2022\/wp-json\/wp\/v2\/users\/1"}],"replies":[{"embeddable":true,"href":"https:\/\/gruyerestories.com\/archive2022\/wp-json\/wp\/v2\/comments?post=283"}],"version-history":[{"count":3,"href":"https:\/\/gruyerestories.com\/archive2022\/wp-json\/wp\/v2\/pages\/283\/revisions"}],"predecessor-version":[{"id":296,"href":"https:\/\/gruyerestories.com\/archive2022\/wp-json\/wp\/v2\/pages\/283\/revisions\/296"}],"wp:featuredmedia":[{"embeddable":true,"href":"https:\/\/gruyerestories.com\/archive2022\/wp-json\/wp\/v2\/media\/45"}],"wp:attachment":[{"href":"https:\/\/gruyerestories.com\/archive2022\/wp-json\/wp\/v2\/media?parent=283"}],"curies":[{"name":"wp","href":"https:\/\/api.w.org\/{rel}","templated":true}]}}