{"id":281,"date":"2022-10-03T20:14:22","date_gmt":"2022-10-03T17:14:22","guid":{"rendered":"https:\/\/gruyerestories.com\/archive2022\/?page_id=281"},"modified":"2022-10-03T21:21:48","modified_gmt":"2022-10-03T18:21:48","slug":"jennys-jordgubbs-och-ostsallad","status":"publish","type":"page","link":"https:\/\/gruyerestories.com\/archive2022\/sv\/jennys-jordgubbs-och-ostsallad\/","title":{"rendered":"Jennys jordgubbs- och ostsallad"},"content":{"rendered":"\n<p>Jenny lagade en somrig h\u00e4lsosallad med m\u00e2che, jordgubbar, socker\u00e4rtor, citron, Le Gruy\u00e8re AOP och hampafr\u00f6n n\u00e4r hon samlades med sina v\u00e4nner.<\/p>\n","protected":false},"excerpt":{"rendered":"<p>Jenny lagade en somrig h\u00e4lsosallad med m\u00e2che, jordgubbar, socker\u00e4rtor, citron, Le Gruy\u00e8re AOP och hampafr\u00f6n n\u00e4r hon samlades med sina v\u00e4nner.<\/p>\n","protected":false},"author":1,"featured_media":166,"parent":0,"menu_order":0,"comment_status":"closed","ping_status":"closed","template":"template-recept.php","meta":{"footnotes":""},"class_list":["post-281","page","type-page","status-publish","has-post-thumbnail","hentry"],"acf":[],"yoast_head":"<!-- This site is optimized with the Yoast SEO plugin v27.3 - https:\/\/yoast.com\/product\/yoast-seo-wordpress\/ -->\n<title>Jennys jordgubbs- och ostsallad - The Stories of Le Gruy\u00e8re AOP<\/title>\n<meta name=\"description\" content=\"Jenny lagade en somrig h\u00e4lsosallad med m\u00e2che, jordgubbar, socker\u00e4rtor, citron, Le Gruy\u00e8re AOP och hampafr\u00f6n n\u00e4r hon samlades med sina v\u00e4nner.\" \/>\n<meta name=\"robots\" content=\"index, follow, max-snippet:-1, max-image-preview:large, max-video-preview:-1\" \/>\n<link rel=\"canonical\" href=\"https:\/\/gruyerestories.com\/archive2022\/sv\/jennys-jordgubbs-och-ostsallad\/\" \/>\n<meta property=\"og:locale\" content=\"en_US\" \/>\n<meta property=\"og:type\" content=\"article\" \/>\n<meta property=\"og:title\" content=\"Jennys jordgubbs- och ostsallad - The Stories of Le Gruy\u00e8re AOP\" \/>\n<meta property=\"og:description\" content=\"Jenny lagade en somrig h\u00e4lsosallad med m\u00e2che, jordgubbar, socker\u00e4rtor, citron, Le Gruy\u00e8re AOP och hampafr\u00f6n n\u00e4r hon samlades med sina v\u00e4nner.\" \/>\n<meta property=\"og:url\" content=\"https:\/\/gruyerestories.com\/archive2022\/sv\/jennys-jordgubbs-och-ostsallad\/\" \/>\n<meta property=\"og:site_name\" content=\"The Stories of Le Gruy\u00e8re AOP\" \/>\n<meta property=\"article:modified_time\" content=\"2022-10-03T18:21:48+00:00\" \/>\n<meta property=\"og:image\" content=\"https:\/\/gruyerestories.com\/archive2022\/wp-content\/uploads\/2022\/06\/jennys-strawberry-cheese-salad-img.jpg\" \/>\n\t<meta property=\"og:image:width\" content=\"800\" \/>\n\t<meta property=\"og:image:height\" content=\"943\" \/>\n\t<meta property=\"og:image:type\" content=\"image\/jpeg\" \/>\n<meta name=\"twitter:card\" content=\"summary_large_image\" \/>\n<meta name=\"twitter:label1\" content=\"Est. reading time\" \/>\n\t<meta name=\"twitter:data1\" content=\"1 minute\" \/>\n<script type=\"application\/ld+json\" class=\"yoast-schema-graph\">{\"@context\":\"https:\\\/\\\/schema.org\",\"@graph\":[{\"@type\":\"WebPage\",\"@id\":\"https:\\\/\\\/gruyerestories.com\\\/archive2022\\\/sv\\\/jennys-jordgubbs-och-ostsallad\\\/\",\"url\":\"https:\\\/\\\/gruyerestories.com\\\/archive2022\\\/sv\\\/jennys-jordgubbs-och-ostsallad\\\/\",\"name\":\"Jennys jordgubbs- och ostsallad - The Stories of Le Gruy\u00e8re AOP\",\"isPartOf\":{\"@id\":\"https:\\\/\\\/gruyerestories.com\\\/archive2022\\\/#website\"},\"primaryImageOfPage\":{\"@id\":\"https:\\\/\\\/gruyerestories.com\\\/archive2022\\\/sv\\\/jennys-jordgubbs-och-ostsallad\\\/#primaryimage\"},\"image\":{\"@id\":\"https:\\\/\\\/gruyerestories.com\\\/archive2022\\\/sv\\\/jennys-jordgubbs-och-ostsallad\\\/#primaryimage\"},\"thumbnailUrl\":\"https:\\\/\\\/gruyerestories.com\\\/archive2022\\\/wp-content\\\/uploads\\\/2022\\\/06\\\/jennys-strawberry-cheese-salad-img.jpg\",\"datePublished\":\"2022-10-03T17:14:22+00:00\",\"dateModified\":\"2022-10-03T18:21:48+00:00\",\"description\":\"Jenny lagade en somrig h\u00e4lsosallad med m\u00e2che, jordgubbar, socker\u00e4rtor, citron, Le Gruy\u00e8re AOP och hampafr\u00f6n n\u00e4r hon samlades med sina v\u00e4nner.\",\"breadcrumb\":{\"@id\":\"https:\\\/\\\/gruyerestories.com\\\/archive2022\\\/sv\\\/jennys-jordgubbs-och-ostsallad\\\/#breadcrumb\"},\"inLanguage\":\"en-US\",\"potentialAction\":[{\"@type\":\"ReadAction\",\"target\":[\"https:\\\/\\\/gruyerestories.com\\\/archive2022\\\/sv\\\/jennys-jordgubbs-och-ostsallad\\\/\"]}]},{\"@type\":\"ImageObject\",\"inLanguage\":\"en-US\",\"@id\":\"https:\\\/\\\/gruyerestories.com\\\/archive2022\\\/sv\\\/jennys-jordgubbs-och-ostsallad\\\/#primaryimage\",\"url\":\"https:\\\/\\\/gruyerestories.com\\\/archive2022\\\/wp-content\\\/uploads\\\/2022\\\/06\\\/jennys-strawberry-cheese-salad-img.jpg\",\"contentUrl\":\"https:\\\/\\\/gruyerestories.com\\\/archive2022\\\/wp-content\\\/uploads\\\/2022\\\/06\\\/jennys-strawberry-cheese-salad-img.jpg\",\"width\":800,\"height\":943},{\"@type\":\"BreadcrumbList\",\"@id\":\"https:\\\/\\\/gruyerestories.com\\\/archive2022\\\/sv\\\/jennys-jordgubbs-och-ostsallad\\\/#breadcrumb\",\"itemListElement\":[{\"@type\":\"ListItem\",\"position\":1,\"name\":\"Home\",\"item\":\"https:\\\/\\\/gruyerestories.com\\\/archive2022\\\/\"},{\"@type\":\"ListItem\",\"position\":2,\"name\":\"Jennys jordgubbs- och ostsallad\"}]},{\"@type\":\"WebSite\",\"@id\":\"https:\\\/\\\/gruyerestories.com\\\/archive2022\\\/#website\",\"url\":\"https:\\\/\\\/gruyerestories.com\\\/archive2022\\\/\",\"name\":\"The Stories of Le Gruy\u00e8re AOP\",\"description\":\"What would you cook with your friends?\",\"potentialAction\":[{\"@type\":\"SearchAction\",\"target\":{\"@type\":\"EntryPoint\",\"urlTemplate\":\"https:\\\/\\\/gruyerestories.com\\\/archive2022\\\/?s={search_term_string}\"},\"query-input\":{\"@type\":\"PropertyValueSpecification\",\"valueRequired\":true,\"valueName\":\"search_term_string\"}}],\"inLanguage\":\"en-US\"}]}<\/script>\n<!-- \/ Yoast SEO plugin. -->","yoast_head_json":{"title":"Jennys jordgubbs- och ostsallad - The Stories of Le Gruy\u00e8re AOP","description":"Jenny lagade en somrig h\u00e4lsosallad med m\u00e2che, jordgubbar, socker\u00e4rtor, citron, Le Gruy\u00e8re AOP och hampafr\u00f6n n\u00e4r hon samlades med sina v\u00e4nner.","robots":{"index":"index","follow":"follow","max-snippet":"max-snippet:-1","max-image-preview":"max-image-preview:large","max-video-preview":"max-video-preview:-1"},"canonical":"https:\/\/gruyerestories.com\/archive2022\/sv\/jennys-jordgubbs-och-ostsallad\/","og_locale":"en_US","og_type":"article","og_title":"Jennys jordgubbs- och ostsallad - The Stories of Le Gruy\u00e8re AOP","og_description":"Jenny lagade en somrig h\u00e4lsosallad med m\u00e2che, jordgubbar, socker\u00e4rtor, citron, Le Gruy\u00e8re AOP och hampafr\u00f6n n\u00e4r hon samlades med sina v\u00e4nner.","og_url":"https:\/\/gruyerestories.com\/archive2022\/sv\/jennys-jordgubbs-och-ostsallad\/","og_site_name":"The Stories of Le Gruy\u00e8re AOP","article_modified_time":"2022-10-03T18:21:48+00:00","og_image":[{"width":800,"height":943,"url":"https:\/\/gruyerestories.com\/archive2022\/wp-content\/uploads\/2022\/06\/jennys-strawberry-cheese-salad-img.jpg","type":"image\/jpeg"}],"twitter_card":"summary_large_image","twitter_misc":{"Est. reading time":"1 minute"},"schema":{"@context":"https:\/\/schema.org","@graph":[{"@type":"WebPage","@id":"https:\/\/gruyerestories.com\/archive2022\/sv\/jennys-jordgubbs-och-ostsallad\/","url":"https:\/\/gruyerestories.com\/archive2022\/sv\/jennys-jordgubbs-och-ostsallad\/","name":"Jennys jordgubbs- och ostsallad - The Stories of Le Gruy\u00e8re AOP","isPartOf":{"@id":"https:\/\/gruyerestories.com\/archive2022\/#website"},"primaryImageOfPage":{"@id":"https:\/\/gruyerestories.com\/archive2022\/sv\/jennys-jordgubbs-och-ostsallad\/#primaryimage"},"image":{"@id":"https:\/\/gruyerestories.com\/archive2022\/sv\/jennys-jordgubbs-och-ostsallad\/#primaryimage"},"thumbnailUrl":"https:\/\/gruyerestories.com\/archive2022\/wp-content\/uploads\/2022\/06\/jennys-strawberry-cheese-salad-img.jpg","datePublished":"2022-10-03T17:14:22+00:00","dateModified":"2022-10-03T18:21:48+00:00","description":"Jenny lagade en somrig h\u00e4lsosallad med m\u00e2che, jordgubbar, socker\u00e4rtor, citron, Le Gruy\u00e8re AOP och hampafr\u00f6n n\u00e4r hon samlades med sina v\u00e4nner.","breadcrumb":{"@id":"https:\/\/gruyerestories.com\/archive2022\/sv\/jennys-jordgubbs-och-ostsallad\/#breadcrumb"},"inLanguage":"en-US","potentialAction":[{"@type":"ReadAction","target":["https:\/\/gruyerestories.com\/archive2022\/sv\/jennys-jordgubbs-och-ostsallad\/"]}]},{"@type":"ImageObject","inLanguage":"en-US","@id":"https:\/\/gruyerestories.com\/archive2022\/sv\/jennys-jordgubbs-och-ostsallad\/#primaryimage","url":"https:\/\/gruyerestories.com\/archive2022\/wp-content\/uploads\/2022\/06\/jennys-strawberry-cheese-salad-img.jpg","contentUrl":"https:\/\/gruyerestories.com\/archive2022\/wp-content\/uploads\/2022\/06\/jennys-strawberry-cheese-salad-img.jpg","width":800,"height":943},{"@type":"BreadcrumbList","@id":"https:\/\/gruyerestories.com\/archive2022\/sv\/jennys-jordgubbs-och-ostsallad\/#breadcrumb","itemListElement":[{"@type":"ListItem","position":1,"name":"Home","item":"https:\/\/gruyerestories.com\/archive2022\/"},{"@type":"ListItem","position":2,"name":"Jennys jordgubbs- och ostsallad"}]},{"@type":"WebSite","@id":"https:\/\/gruyerestories.com\/archive2022\/#website","url":"https:\/\/gruyerestories.com\/archive2022\/","name":"The Stories of Le Gruy\u00e8re AOP","description":"What would you cook with your friends?","potentialAction":[{"@type":"SearchAction","target":{"@type":"EntryPoint","urlTemplate":"https:\/\/gruyerestories.com\/archive2022\/?s={search_term_string}"},"query-input":{"@type":"PropertyValueSpecification","valueRequired":true,"valueName":"search_term_string"}}],"inLanguage":"en-US"}]}},"_links":{"self":[{"href":"https:\/\/gruyerestories.com\/archive2022\/wp-json\/wp\/v2\/pages\/281","targetHints":{"allow":["GET"]}}],"collection":[{"href":"https:\/\/gruyerestories.com\/archive2022\/wp-json\/wp\/v2\/pages"}],"about":[{"href":"https:\/\/gruyerestories.com\/archive2022\/wp-json\/wp\/v2\/types\/page"}],"author":[{"embeddable":true,"href":"https:\/\/gruyerestories.com\/archive2022\/wp-json\/wp\/v2\/users\/1"}],"replies":[{"embeddable":true,"href":"https:\/\/gruyerestories.com\/archive2022\/wp-json\/wp\/v2\/comments?post=281"}],"version-history":[{"count":3,"href":"https:\/\/gruyerestories.com\/archive2022\/wp-json\/wp\/v2\/pages\/281\/revisions"}],"predecessor-version":[{"id":314,"href":"https:\/\/gruyerestories.com\/archive2022\/wp-json\/wp\/v2\/pages\/281\/revisions\/314"}],"wp:featuredmedia":[{"embeddable":true,"href":"https:\/\/gruyerestories.com\/archive2022\/wp-json\/wp\/v2\/media\/166"}],"wp:attachment":[{"href":"https:\/\/gruyerestories.com\/archive2022\/wp-json\/wp\/v2\/media?parent=281"}],"curies":[{"name":"wp","href":"https:\/\/api.w.org\/{rel}","templated":true}]}}