{"id":530,"date":"2020-04-28T22:44:10","date_gmt":"2020-04-28T19:44:10","guid":{"rendered":"https:\/\/gruyerestories.com\/archive\/?page_id=530"},"modified":"2021-10-14T15:15:11","modified_gmt":"2021-10-14T12:15:11","slug":"picnic-in-the-gruyeres-village","status":"publish","type":"page","link":"https:\/\/gruyerestories.com\/archive\/picnic-in-the-gruyeres-village\/","title":{"rendered":"Picnic in the Gruy\u00e8res village"},"content":{"rendered":"\n\n[et_pb_section fb_built=&#8221;1&#8243; custom_padding_last_edited=&#8221;on|phone&#8221; admin_label=&#8221;Section&#8221; module_id=&#8221;videohero&#8221; _builder_version=&#8221;4.9.7&#8243; background_color=&#8221;#343434&#8243; background_color_gradient_direction=&#8221;248deg&#8221; background_enable_image=&#8221;off&#8221; background_size=&#8221;contain&#8221; background_position=&#8221;bottom_center&#8221; custom_padding=&#8221;109px|||||&#8221; custom_padding_tablet=&#8221;60px||||false|false&#8221; custom_padding_phone=&#8221;30px||||false|false&#8221; da_popup_slug=&#8221;videohero&#8221; da_disable_devices=&#8221;off|off|off&#8221; global_colors_info=&#8221;{}&#8221; da_is_popup=&#8221;off&#8221; da_exit_intent=&#8221;off&#8221; da_has_close=&#8221;on&#8221; da_alt_close=&#8221;off&#8221; da_dark_close=&#8221;off&#8221; da_not_modal=&#8221;on&#8221; da_is_singular=&#8221;off&#8221; da_with_loader=&#8221;off&#8221; da_has_shadow=&#8221;on&#8221;][et_pb_row column_structure=&#8221;1_2,1_2&#8243; make_equal=&#8221;on&#8221; custom_padding_last_edited=&#8221;on|phone&#8221; _builder_version=&#8221;4.4.4&#8243; custom_padding=&#8221;49px||180px|||&#8221; custom_padding_tablet=&#8221;||0px||false|false&#8221; custom_padding_phone=&#8221;&#8221; global_colors_info=&#8221;{}&#8221;][et_pb_column type=&#8221;1_2&#8243; _builder_version=&#8221;4.4.2&#8243; animation_style=&#8221;slide&#8221; animation_direction=&#8221;left&#8221; custom_css_main_element=&#8221;margin:auto;&#8221; global_colors_info=&#8221;{}&#8221;][et_pb_post_title meta=&#8221;off&#8221; featured_image=&#8221;off&#8221; _builder_version=&#8221;4.4.4&#8243; title_text_align=&#8221;right&#8221; title_text_color=&#8221;#ffe0bc&#8221; title_font_size=&#8221;29px&#8221; text_orientation=&#8221;center&#8221; custom_margin=&#8221;-40px||5px||false|false&#8221; custom_margin_tablet=&#8221;&#8221; custom_margin_phone=&#8221;&#8221; custom_margin_last_edited=&#8221;on|phone&#8221; title_text_align_tablet=&#8221;center&#8221; title_text_align_phone=&#8221;&#8221; title_text_align_last_edited=&#8221;on|phone&#8221; title_font_size_tablet=&#8221;35px&#8221; title_font_size_phone=&#8221;27px&#8221; title_font_size_last_edited=&#8221;on|desktop&#8221; global_colors_info=&#8221;{}&#8221;][\/et_pb_post_title][et_pb_text _builder_version=&#8221;4.4.7&#8243; text_orientation=&#8221;right&#8221; background_layout=&#8221;dark&#8221; text_orientation_tablet=&#8221;center&#8221; text_orientation_phone=&#8221;&#8221; text_orientation_last_edited=&#8221;on|tablet&#8221; global_colors_info=&#8221;{}&#8221;]The sisters on a cheese picnic in the village of Gruy\u00e8res. No better company for a picnic than Le Gruy\u00e8re AOP cheese and other local delicacies.[\/et_pb_text][et_pb_button button_url=&#8221;https:\/\/www.youtube.com\/watch?v=WM4tE3UwYsA&#8221; url_new_window=&#8221;on&#8221; button_text=&#8221;WATCH THE VIDEO!&#8221; button_alignment=&#8221;right&#8221; button_alignment_tablet=&#8221;center&#8221; button_alignment_phone=&#8221;&#8221; button_alignment_last_edited=&#8221;on|phone&#8221; module_class=&#8221;wplightbox&#8221; _builder_version=&#8221;4.4.7&#8243; background_layout=&#8221;dark&#8221; custom_margin=&#8221;20px||30px||false|false&#8221; custom_margin_tablet=&#8221;&#8221; custom_margin_phone=&#8221;&#8221; custom_margin_last_edited=&#8221;on|desktop&#8221; global_colors_info=&#8221;{}&#8221;][\/et_pb_button][\/et_pb_column][et_pb_column type=&#8221;1_2&#8243; _builder_version=&#8221;4.4.4&#8243; global_colors_info=&#8221;{}&#8221;][et_pb_image src=&#8221;https:\/\/gruyerestories.com\/archive\/wp-content\/uploads\/2020\/04\/episode2.jpg&#8221; title_text=&#8221;episode2&#8243; url=&#8221;https:\/\/www.youtube.com\/watch?v=WM4tE3UwYsA&#8221; url_new_window=&#8221;on&#8221; align=&#8221;center&#8221; module_id=&#8221;playvideo&#8221; module_class=&#8221;wplightbox&#8221; _builder_version=&#8221;4.4.4&#8243; animation_style=&#8221;slide&#8221; animation_direction=&#8221;bottom&#8221; box_shadow_style=&#8221;preset3&#8243; global_colors_info=&#8221;{}&#8221;][\/et_pb_image][\/et_pb_column][\/et_pb_row][\/et_pb_section][et_pb_section fb_built=&#8221;1&#8243; admin_label=&#8221;Section&#8221; _builder_version=&#8221;4.10.5&#8243; use_background_color_gradient=&#8221;on&#8221; background_color_gradient_start=&#8221;#ddd6c2&#8243; background_color_gradient_end=&#8221;#ffffff&#8221; custom_padding=&#8221;31px|||||&#8221; hover_enabled=&#8221;0&#8243; da_disable_devices=&#8221;off|off|off&#8221; global_colors_info=&#8221;{}&#8221; module_id=&#8221;pagesection&#8221; da_is_popup=&#8221;off&#8221; da_popup_slug=&#8221;pagesection&#8221; da_exit_intent=&#8221;off&#8221; da_has_close=&#8221;on&#8221; da_alt_close=&#8221;off&#8221; da_dark_close=&#8221;off&#8221; da_not_modal=&#8221;on&#8221; da_is_singular=&#8221;off&#8221; da_with_loader=&#8221;off&#8221; da_has_shadow=&#8221;on&#8221; sticky_enabled=&#8221;0&#8243;][et_pb_row column_structure=&#8221;1_5,1_5,1_5,1_5,1_5&#8243; use_custom_gutter=&#8221;on&#8221; gutter_width=&#8221;2&#8243; module_id=&#8221;episodes&#8221; _builder_version=&#8221;4.9.7&#8243; max_width=&#8221;100vw&#8221; custom_margin=&#8221;3rem|auto||auto|false|false&#8221; custom_padding=&#8221;0px|||||&#8221; animation_style=&#8221;slide&#8221; global_module=&#8221;468&#8243; saved_tabs=&#8221;all&#8221; global_colors_info=&#8221;{}&#8221;][et_pb_column type=&#8221;1_5&#8243; _builder_version=&#8221;4.4.4&#8243; global_colors_info=&#8221;{}&#8221;][et_pb_blurb title=&#8221;Visit to the M\u00e9zi\u00e8res creamery&#8221; image=&#8221;https:\/\/gruyerestories.com\/archive\/wp-content\/uploads\/2020\/04\/videobg1-300&#215;207.jpg&#8221; content_max_width=&#8221;1100px&#8221; _builder_version=&#8221;4.9.7&#8243; text_orientation=&#8221;center&#8221; animation=&#8221;off&#8221; link_option_url=&#8221;\/en\/visit-to-the-mezieres-creamery&#8221; global_colors_info=&#8221;{}&#8221;]<p>#1<\/p>[\/et_pb_blurb][\/et_pb_column][et_pb_column type=&#8221;1_5&#8243; _builder_version=&#8221;4.4.4&#8243; global_colors_info=&#8221;{}&#8221;][et_pb_blurb title=&#8221;Picnic in the Gruy\u00e8res village&#8221; image=&#8221;https:\/\/gruyerestories.com\/archive\/wp-content\/uploads\/2020\/04\/episode2-300&#215;207.jpg&#8221; _builder_version=&#8221;4.4.7&#8243; text_orientation=&#8221;center&#8221; animation=&#8221;off&#8221; link_option_url=&#8221;\/en\/picnic-in-the-gruyeres-village&#8221; global_colors_info=&#8221;{}&#8221;]#2[\/et_pb_blurb][\/et_pb_column][et_pb_column type=&#8221;1_5&#8243; _builder_version=&#8221;4.4.4&#8243; global_colors_info=&#8221;{}&#8221;][et_pb_blurb title=&#8221;Visit to the producer of Le Gruy\u00e8re AOP Alpage in the mountains&#8221; image=&#8221;https:\/\/gruyerestories.com\/archive\/wp-content\/uploads\/2020\/04\/episode3-300&#215;207.jpg&#8221; _builder_version=&#8221;4.4.7&#8243; text_orientation=&#8221;center&#8221; animation=&#8221;off&#8221; link_option_url=&#8221;\/en\/visit-to-the-producer-of-le-gruyere-aop-alpage-in-the-mountains&#8221; global_colors_info=&#8221;{}&#8221;]#3[\/et_pb_blurb][\/et_pb_column][et_pb_column type=&#8221;1_5&#8243; _builder_version=&#8221;4.4.4&#8243; global_colors_info=&#8221;{}&#8221;][et_pb_blurb title=&#8221;How Malakoffs are made&#8221; image=&#8221;https:\/\/gruyerestories.com\/archive\/wp-content\/uploads\/2020\/04\/episode4-300&#215;207.jpg&#8221; _builder_version=&#8221;4.4.7&#8243; text_orientation=&#8221;center&#8221; animation=&#8221;off&#8221; link_option_url=&#8221;\/en\/how-malakoffs-are-made&#8221; global_colors_info=&#8221;{}&#8221;]#4[\/et_pb_blurb][\/et_pb_column][et_pb_column type=&#8221;1_5&#8243; _builder_version=&#8221;4.4.4&#8243; global_colors_info=&#8221;{}&#8221;][et_pb_blurb title=&#8221;What impressed us the most?&#8221; image=&#8221;https:\/\/gruyerestories.com\/archive\/wp-content\/uploads\/2020\/04\/episode5-300&#215;207.jpg&#8221; _builder_version=&#8221;4.4.7&#8243; text_orientation=&#8221;center&#8221; animation=&#8221;off&#8221; link_option_url=&#8221;\/en\/what-impressed-us-the-most&#8221; global_colors_info=&#8221;{}&#8221;]#5[\/et_pb_blurb][\/et_pb_column][\/et_pb_row][et_pb_row _builder_version=&#8221;4.4.4&#8243; global_colors_info=&#8221;{}&#8221;][et_pb_column type=&#8221;4_4&#8243; _builder_version=&#8221;4.4.4&#8243; global_colors_info=&#8221;{}&#8221;][et_pb_divider show_divider=&#8221;off&#8221; _builder_version=&#8221;4.4.4&#8243; global_colors_info=&#8221;{}&#8221;][\/et_pb_divider][\/et_pb_column][\/et_pb_row][et_pb_row column_structure=&#8221;1_4,1_4,1_4,1_4&#8243; use_custom_gutter=&#8221;on&#8221; gutter_width=&#8221;2&#8243; module_id=&#8221;episodes&#8221; _builder_version=&#8221;4.4.4&#8243; max_width=&#8221;100vw&#8221; custom_margin=&#8221;3rem|auto||auto|false|false&#8221; custom_padding=&#8221;0px|||||&#8221; animation_style=&#8221;slide&#8221; global_module=&#8221;500&#8243; saved_tabs=&#8221;all&#8221; global_colors_info=&#8221;{}&#8221;][et_pb_column type=&#8221;1_4&#8243; _builder_version=&#8221;4.4.4&#8243; global_colors_info=&#8221;{}&#8221;][et_pb_blurb title=&#8221;The cheese journey starts from Bern&#8221; image=&#8221;https:\/\/gruyerestories.com\/archive\/wp-content\/uploads\/2020\/04\/behind-the-scenes-300&#215;207.jpg&#8221; _builder_version=&#8221;4.4.7&#8243; text_orientation=&#8221;center&#8221; animation=&#8221;off&#8221; link_option_url=&#8221;\/en\/the-cheese-journey-starts-from-bern&#8221; global_colors_info=&#8221;{}&#8221;]#1[\/et_pb_blurb][\/et_pb_column][et_pb_column type=&#8221;1_4&#8243; _builder_version=&#8221;4.4.4&#8243; global_colors_info=&#8221;{}&#8221;][et_pb_blurb title=&#8221;Anatomy of a good food photo&#8221; image=&#8221;https:\/\/gruyerestories.com\/archive\/wp-content\/uploads\/2020\/04\/petter-episode2-300&#215;207.jpg&#8221; _builder_version=&#8221;4.4.7&#8243; text_orientation=&#8221;center&#8221; animation=&#8221;off&#8221; link_option_url=&#8221;\/en\/anatomy-of-a-good-food-photo&#8221; global_colors_info=&#8221;{}&#8221;]#2[\/et_pb_blurb][\/et_pb_column][et_pb_column type=&#8221;1_4&#8243; _builder_version=&#8221;4.4.4&#8243; global_colors_info=&#8221;{}&#8221;][et_pb_blurb title=&#8221;Photography equipment on the road&#8221; image=&#8221;https:\/\/gruyerestories.com\/archive\/wp-content\/uploads\/2020\/04\/petter-episode3-300&#215;207.jpg&#8221; _builder_version=&#8221;4.4.7&#8243; text_orientation=&#8221;center&#8221; animation=&#8221;off&#8221; link_option_url=&#8221;\/en\/photography-equipment-on-the-road&#8221; global_colors_info=&#8221;{}&#8221;]#3[\/et_pb_blurb][\/et_pb_column][et_pb_column type=&#8221;1_4&#8243; _builder_version=&#8221;4.4.4&#8243; global_colors_info=&#8221;{}&#8221;][et_pb_blurb title=&#8221;Mountains and cellar maturation&#8221; image=&#8221;https:\/\/gruyerestories.com\/archive\/wp-content\/uploads\/2020\/04\/petter-episode4-300&#215;207.jpg&#8221; _builder_version=&#8221;4.4.7&#8243; text_orientation=&#8221;center&#8221; animation=&#8221;off&#8221; link_option_url=&#8221;\/en\/mountains-and-cellar-maturation&#8221; global_colors_info=&#8221;{}&#8221;]#4[\/et_pb_blurb][\/et_pb_column][\/et_pb_row][\/et_pb_section]\n\n","protected":false},"excerpt":{"rendered":"<p>The sisters on a cheese picnic in the village of Gruy\u00e8res. No better company for a picnic than Le Gruy\u00e8re AOP cheese and other local delicacies.#1#2#3#4#5#1#2#3#4<\/p>\n","protected":false},"author":1,"featured_media":0,"parent":0,"menu_order":0,"comment_status":"closed","ping_status":"closed","template":"","meta":{"_et_pb_use_builder":"on","_et_pb_old_content":"","_et_gb_content_width":""},"yoast_head":"<!-- This site is optimized with the Yoast SEO plugin v20.6 - https:\/\/yoast.com\/wordpress\/plugins\/seo\/ -->\n<title>Picnic in the Gruy\u00e8res village - The Stories of Le Gruy\u00e9re AOP<\/title>\n<meta name=\"robots\" content=\"index, follow, max-snippet:-1, max-image-preview:large, max-video-preview:-1\" \/>\n<link rel=\"canonical\" href=\"https:\/\/gruyerestories.com\/archive\/picnic-in-the-gruyeres-village\/\" \/>\n<meta property=\"og:locale\" content=\"en_US\" \/>\n<meta property=\"og:type\" content=\"article\" \/>\n<meta property=\"og:title\" content=\"Picnic in the Gruy\u00e8res village - The Stories of Le Gruy\u00e9re AOP\" \/>\n<meta property=\"og:description\" content=\"The sisters on a cheese picnic in the village of Gruy\u00e8res. No better company for a picnic than Le Gruy\u00e8re AOP cheese and other local delicacies.#1#2#3#4#5#1#2#3#4\" \/>\n<meta property=\"og:url\" content=\"https:\/\/gruyerestories.com\/archive\/picnic-in-the-gruyeres-village\/\" \/>\n<meta property=\"og:site_name\" content=\"The Stories of Le Gruy\u00e9re AOP\" \/>\n<meta property=\"article:modified_time\" content=\"2021-10-14T12:15:11+00:00\" \/>\n<meta property=\"og:image\" content=\"https:\/\/gruyerestories.com\/archive\/wp-content\/uploads\/2021\/09\/gruyerestories-post-image-2021.jpg\" \/>\n\t<meta property=\"og:image:width\" content=\"1200\" \/>\n\t<meta property=\"og:image:height\" content=\"628\" \/>\n\t<meta property=\"og:image:type\" content=\"image\/jpeg\" \/>\n<meta name=\"twitter:card\" content=\"summary_large_image\" \/>\n<meta name=\"twitter:label1\" content=\"Est. reading time\" \/>\n\t<meta name=\"twitter:data1\" content=\"2 minutes\" \/>\n<script type=\"application\/ld+json\" class=\"yoast-schema-graph\">{\"@context\":\"https:\/\/schema.org\",\"@graph\":[{\"@type\":\"WebPage\",\"@id\":\"https:\/\/gruyerestories.com\/archive\/picnic-in-the-gruyeres-village\/\",\"url\":\"https:\/\/gruyerestories.com\/archive\/picnic-in-the-gruyeres-village\/\",\"name\":\"Picnic in the Gruy\u00e8res village - The Stories of Le Gruy\u00e9re AOP\",\"isPartOf\":{\"@id\":\"https:\/\/gruyerestories.com\/archive\/#website\"},\"datePublished\":\"2020-04-28T19:44:10+00:00\",\"dateModified\":\"2021-10-14T12:15:11+00:00\",\"breadcrumb\":{\"@id\":\"https:\/\/gruyerestories.com\/archive\/picnic-in-the-gruyeres-village\/#breadcrumb\"},\"inLanguage\":\"en-US\",\"potentialAction\":[{\"@type\":\"ReadAction\",\"target\":[\"https:\/\/gruyerestories.com\/archive\/picnic-in-the-gruyeres-village\/\"]}]},{\"@type\":\"BreadcrumbList\",\"@id\":\"https:\/\/gruyerestories.com\/archive\/picnic-in-the-gruyeres-village\/#breadcrumb\",\"itemListElement\":[{\"@type\":\"ListItem\",\"position\":1,\"name\":\"Home\",\"item\":\"https:\/\/gruyerestories.com\/archive\/\"},{\"@type\":\"ListItem\",\"position\":2,\"name\":\"Picnic in the Gruy\u00e8res village\"}]},{\"@type\":\"WebSite\",\"@id\":\"https:\/\/gruyerestories.com\/archive\/#website\",\"url\":\"https:\/\/gruyerestories.com\/archive\/\",\"name\":\"The Stories of Le Gruy\u00e9re AOP\",\"description\":\"Share your story about Le Gruy\u00e8re AOP for a chance to win!\",\"publisher\":{\"@id\":\"https:\/\/gruyerestories.com\/archive\/#organization\"},\"potentialAction\":[{\"@type\":\"SearchAction\",\"target\":{\"@type\":\"EntryPoint\",\"urlTemplate\":\"https:\/\/gruyerestories.com\/archive\/?s={search_term_string}\"},\"query-input\":\"required name=search_term_string\"}],\"inLanguage\":\"en-US\"},{\"@type\":\"Organization\",\"@id\":\"https:\/\/gruyerestories.com\/archive\/#organization\",\"name\":\"The Stories of Le Gruy\u00e9re AOP\",\"url\":\"https:\/\/gruyerestories.com\/archive\/\",\"logo\":{\"@type\":\"ImageObject\",\"inLanguage\":\"en-US\",\"@id\":\"https:\/\/gruyerestories.com\/archive\/#\/schema\/logo\/image\/\",\"url\":\"https:\/\/gruyerestories.com\/archive\/wp-content\/uploads\/2020\/04\/le-gruyere-logo.svg\",\"contentUrl\":\"https:\/\/gruyerestories.com\/archive\/wp-content\/uploads\/2020\/04\/le-gruyere-logo.svg\",\"width\":1,\"height\":1,\"caption\":\"The Stories of Le Gruy\u00e9re AOP\"},\"image\":{\"@id\":\"https:\/\/gruyerestories.com\/archive\/#\/schema\/logo\/image\/\"}}]}<\/script>\n<!-- \/ Yoast SEO plugin. -->","yoast_head_json":{"title":"Picnic in the Gruy\u00e8res village - The Stories of Le Gruy\u00e9re AOP","robots":{"index":"index","follow":"follow","max-snippet":"max-snippet:-1","max-image-preview":"max-image-preview:large","max-video-preview":"max-video-preview:-1"},"canonical":"https:\/\/gruyerestories.com\/archive\/picnic-in-the-gruyeres-village\/","og_locale":"en_US","og_type":"article","og_title":"Picnic in the Gruy\u00e8res village - The Stories of Le Gruy\u00e9re AOP","og_description":"The sisters on a cheese picnic in the village of Gruy\u00e8res. No better company for a picnic than Le Gruy\u00e8re AOP cheese and other local delicacies.#1#2#3#4#5#1#2#3#4","og_url":"https:\/\/gruyerestories.com\/archive\/picnic-in-the-gruyeres-village\/","og_site_name":"The Stories of Le Gruy\u00e9re AOP","article_modified_time":"2021-10-14T12:15:11+00:00","og_image":[{"width":1200,"height":628,"url":"https:\/\/gruyerestories.com\/archive\/wp-content\/uploads\/2021\/09\/gruyerestories-post-image-2021.jpg","type":"image\/jpeg"}],"twitter_card":"summary_large_image","twitter_misc":{"Est. reading time":"2 minutes"},"schema":{"@context":"https:\/\/schema.org","@graph":[{"@type":"WebPage","@id":"https:\/\/gruyerestories.com\/archive\/picnic-in-the-gruyeres-village\/","url":"https:\/\/gruyerestories.com\/archive\/picnic-in-the-gruyeres-village\/","name":"Picnic in the Gruy\u00e8res village - The Stories of Le Gruy\u00e9re AOP","isPartOf":{"@id":"https:\/\/gruyerestories.com\/archive\/#website"},"datePublished":"2020-04-28T19:44:10+00:00","dateModified":"2021-10-14T12:15:11+00:00","breadcrumb":{"@id":"https:\/\/gruyerestories.com\/archive\/picnic-in-the-gruyeres-village\/#breadcrumb"},"inLanguage":"en-US","potentialAction":[{"@type":"ReadAction","target":["https:\/\/gruyerestories.com\/archive\/picnic-in-the-gruyeres-village\/"]}]},{"@type":"BreadcrumbList","@id":"https:\/\/gruyerestories.com\/archive\/picnic-in-the-gruyeres-village\/#breadcrumb","itemListElement":[{"@type":"ListItem","position":1,"name":"Home","item":"https:\/\/gruyerestories.com\/archive\/"},{"@type":"ListItem","position":2,"name":"Picnic in the Gruy\u00e8res village"}]},{"@type":"WebSite","@id":"https:\/\/gruyerestories.com\/archive\/#website","url":"https:\/\/gruyerestories.com\/archive\/","name":"The Stories of Le Gruy\u00e9re AOP","description":"Share your story about Le Gruy\u00e8re AOP for a chance to win!","publisher":{"@id":"https:\/\/gruyerestories.com\/archive\/#organization"},"potentialAction":[{"@type":"SearchAction","target":{"@type":"EntryPoint","urlTemplate":"https:\/\/gruyerestories.com\/archive\/?s={search_term_string}"},"query-input":"required name=search_term_string"}],"inLanguage":"en-US"},{"@type":"Organization","@id":"https:\/\/gruyerestories.com\/archive\/#organization","name":"The Stories of Le Gruy\u00e9re AOP","url":"https:\/\/gruyerestories.com\/archive\/","logo":{"@type":"ImageObject","inLanguage":"en-US","@id":"https:\/\/gruyerestories.com\/archive\/#\/schema\/logo\/image\/","url":"https:\/\/gruyerestories.com\/archive\/wp-content\/uploads\/2020\/04\/le-gruyere-logo.svg","contentUrl":"https:\/\/gruyerestories.com\/archive\/wp-content\/uploads\/2020\/04\/le-gruyere-logo.svg","width":1,"height":1,"caption":"The Stories of Le Gruy\u00e9re AOP"},"image":{"@id":"https:\/\/gruyerestories.com\/archive\/#\/schema\/logo\/image\/"}}]}},"_links":{"self":[{"href":"https:\/\/gruyerestories.com\/archive\/wp-json\/wp\/v2\/pages\/530"}],"collection":[{"href":"https:\/\/gruyerestories.com\/archive\/wp-json\/wp\/v2\/pages"}],"about":[{"href":"https:\/\/gruyerestories.com\/archive\/wp-json\/wp\/v2\/types\/page"}],"author":[{"embeddable":true,"href":"https:\/\/gruyerestories.com\/archive\/wp-json\/wp\/v2\/users\/1"}],"replies":[{"embeddable":true,"href":"https:\/\/gruyerestories.com\/archive\/wp-json\/wp\/v2\/comments?post=530"}],"version-history":[{"count":9,"href":"https:\/\/gruyerestories.com\/archive\/wp-json\/wp\/v2\/pages\/530\/revisions"}],"predecessor-version":[{"id":1277,"href":"https:\/\/gruyerestories.com\/archive\/wp-json\/wp\/v2\/pages\/530\/revisions\/1277"}],"wp:attachment":[{"href":"https:\/\/gruyerestories.com\/archive\/wp-json\/wp\/v2\/media?parent=530"}],"curies":[{"name":"wp","href":"https:\/\/api.w.org\/{rel}","templated":true}]}}