{"id":1682,"date":"2021-10-14T15:46:40","date_gmt":"2021-10-14T12:46:40","guid":{"rendered":"https:\/\/gruyerestories.com\/archive\/?page_id=1682"},"modified":"2021-10-14T15:46:40","modified_gmt":"2021-10-14T12:46:40","slug":"risotto-med-sopp","status":"publish","type":"page","link":"https:\/\/gruyerestories.com\/archive\/no\/risotto-med-sopp\/","title":{"rendered":"Risotto med sopp"},"content":{"rendered":"<p>[et_pb_section fb_built=&#8221;1&#8243; custom_padding_last_edited=&#8221;on|phone&#8221; admin_label=&#8221;Section&#8221; module_id=&#8221;reseptiheader&#8221; _builder_version=&#8221;4.9.7&#8243; background_color=&#8221;#343434&#8243; background_color_gradient_direction=&#8221;248deg&#8221; background_enable_image=&#8221;off&#8221; background_size=&#8221;contain&#8221; background_position=&#8221;bottom_center&#8221; custom_padding=&#8221;109px|||||&#8221; custom_padding_tablet=&#8221;60px||||false|false&#8221; custom_padding_phone=&#8221;30px||||false|false&#8221; da_popup_slug=&#8221;reseptiheader&#8221; da_disable_devices=&#8221;off|off|off&#8221; global_colors_info=&#8221;{}&#8221; da_is_popup=&#8221;off&#8221; da_exit_intent=&#8221;off&#8221; da_has_close=&#8221;on&#8221; da_alt_close=&#8221;off&#8221; da_dark_close=&#8221;off&#8221; da_not_modal=&#8221;on&#8221; da_is_singular=&#8221;off&#8221; da_with_loader=&#8221;off&#8221; da_has_shadow=&#8221;on&#8221;][et_pb_row column_structure=&#8221;1_2,1_2&#8243; make_equal=&#8221;on&#8221; custom_padding_last_edited=&#8221;on|phone&#8221; _builder_version=&#8221;4.4.2&#8243; custom_padding=&#8221;49px||0px|||&#8221; custom_padding_tablet=&#8221;||0px||false|false&#8221; custom_padding_phone=&#8221;&#8221; global_colors_info=&#8221;{}&#8221;][et_pb_column type=&#8221;1_2&#8243; _builder_version=&#8221;4.4.2&#8243; animation_style=&#8221;slide&#8221; animation_direction=&#8221;left&#8221; custom_css_main_element=&#8221;margin:auto;&#8221; global_colors_info=&#8221;{}&#8221;][et_pb_post_title meta=&#8221;off&#8221; featured_image=&#8221;off&#8221; _builder_version=&#8221;4.4.2&#8243; title_text_color=&#8221;#ffe0bc&#8221; title_font_size=&#8221;56px&#8221; text_orientation=&#8221;right&#8221; custom_margin=&#8221;-40px||5px||false|false&#8221; custom_margin_tablet=&#8221;&#8221; custom_margin_phone=&#8221;&#8221; custom_margin_last_edited=&#8221;on|phone&#8221; title_text_align_tablet=&#8221;center&#8221; title_text_align_phone=&#8221;&#8221; title_text_align_last_edited=&#8221;on|phone&#8221; title_font_size_tablet=&#8221;50px&#8221; title_font_size_phone=&#8221;31px&#8221; title_font_size_last_edited=&#8221;on|desktop&#8221; global_colors_info=&#8221;{}&#8221;][\/et_pb_post_title][et_pb_text _builder_version=&#8221;4.10.5&#8243; text_orientation=&#8221;right&#8221; background_layout=&#8221;dark&#8221; custom_margin=&#8221;||21px|||&#8221; hover_enabled=&#8221;0&#8243; text_orientation_tablet=&#8221;center&#8221; text_orientation_phone=&#8221;&#8221; text_orientation_last_edited=&#8221;on|phone&#8221; global_colors_info=&#8221;{}&#8221; sticky_enabled=&#8221;0&#8243;]<\/p>\n<h4>av Petter B\u00e4cklund<\/h4>\n<p>[\/et_pb_text][\/et_pb_column][et_pb_column type=&#8221;1_2&#8243; _builder_version=&#8221;4.4.2&#8243; global_colors_info=&#8221;{}&#8221;][et_pb_post_title title=&#8221;off&#8221; meta=&#8221;off&#8221; _builder_version=&#8221;4.4.2&#8243; position_origin_a=&#8221;center_center&#8221; vertical_offset=&#8221;-137px&#8221; width=&#8221;100%&#8221; custom_margin=&#8221;-30px||||false|false&#8221; custom_margin_tablet=&#8221;0px||||false|false&#8221; custom_margin_phone=&#8221;&#8221; custom_margin_last_edited=&#8221;on|phone&#8221; animation_style=&#8221;slide&#8221; animation_direction=&#8221;right&#8221; box_shadow_style=&#8221;preset3&#8243; global_colors_info=&#8221;{}&#8221;][\/et_pb_post_title][\/et_pb_column][\/et_pb_row][\/et_pb_section][et_pb_section fb_built=&#8221;1&#8243; admin_label=&#8221;Section&#8221; module_id=&#8221;resepticontent&#8221; _builder_version=&#8221;4.9.7&#8243; use_background_color_gradient=&#8221;on&#8221; background_color_gradient_start=&#8221;#ddd6c2&#8243; background_color_gradient_end=&#8221;#ffffff&#8221; custom_padding=&#8221;0px|||||&#8221; da_popup_slug=&#8221;resepticontent&#8221; da_disable_devices=&#8221;off|off|off&#8221; global_colors_info=&#8221;{}&#8221; da_is_popup=&#8221;off&#8221; da_exit_intent=&#8221;off&#8221; da_has_close=&#8221;on&#8221; da_alt_close=&#8221;off&#8221; da_dark_close=&#8221;off&#8221; da_not_modal=&#8221;on&#8221; da_is_singular=&#8221;off&#8221; da_with_loader=&#8221;off&#8221; da_has_shadow=&#8221;on&#8221;][et_pb_row column_structure=&#8221;1_2,1_2&#8243; _builder_version=&#8221;4.4.2&#8243; animation_style=&#8221;fade&#8221; global_colors_info=&#8221;{}&#8221;][et_pb_column type=&#8221;1_2&#8243; _builder_version=&#8221;4.4.2&#8243; global_colors_info=&#8221;{}&#8221;][et_pb_text _builder_version=&#8221;4.10.5&#8243; text_orientation=&#8221;right&#8221; custom_padding=&#8221;||20px|||&#8221; hover_enabled=&#8221;0&#8243; text_orientation_tablet=&#8221;left&#8221; text_orientation_phone=&#8221;&#8221; text_orientation_last_edited=&#8221;on|tablet&#8221; global_colors_info=&#8221;{}&#8221; sticky_enabled=&#8221;0&#8243;]<\/p>\n<h4>Ingredienser:<\/h4>\n<p>1 hvitl\u00f8kfedd<br \/>\n3 sjalottl\u00f8k<br \/>\n3 ss olivenolje<br \/>\n3 dl arborioris<br \/>\n2 dl hvitvin<br \/>\n9 dl soppbuljong<br \/>\n150 g skogsopp<br \/>\n20 g t\u00f8rkede kantareller<br \/>\n(eller 200 g ferske)<br \/>\n75 g sm\u00f8r<br \/>\n3 dl revet Le Gruy\u00e8re AOP<br \/>\nsalt og nykvernet svart pepper<br \/>\n3 blader svartk\u00e5l<br \/>\n2 kvister rosmarin[\/et_pb_text][\/et_pb_column][et_pb_column type=&#8221;1_2&#8243; _builder_version=&#8221;4.4.2&#8243; global_colors_info=&#8221;{}&#8221;][et_pb_text _builder_version=&#8221;4.10.5&#8243; hover_enabled=&#8221;0&#8243; text_orientation_tablet=&#8221;left&#8221; text_orientation_phone=&#8221;&#8221; text_orientation_last_edited=&#8221;on|tablet&#8221; global_colors_info=&#8221;{}&#8221; sticky_enabled=&#8221;0&#8243;]<\/p>\n<h4>Tilbereding:<\/h4>\n<p>Skj\u00e6r ut stengelen p\u00e5 svartk\u00e5len og t\u00f8rk den i ovnen ved 100 \u00b0C i omtrent en time. Ta dem ut n\u00e5r de er spr\u00f8, men ikke brent.<\/p>\n<p>Skrell og finhakk hvitl\u00f8ken og sjalottl\u00f8ken.<br \/>\nKok opp buljongen og hold den varm.<\/p>\n<p>Bruk en kjele med tykk bunn. Stek hvitl\u00f8ken og sjalottl\u00f8ken forsiktig i olivenoljen s\u00e5 de ikke f\u00e5r farge. Tilsett risen, \u00f8k temperaturen og stek til den er blank. Hell p\u00e5 vinen og la den koke inn.<\/p>\n<p>Under stadig omr\u00f8ring, fortynner du deretter risottoen med buljongen. Start med 3-4 dl og ta deretter 1 dl om gangen ettersom risen absorberer buljongen.<\/p>\n<p>Kok p\u00e5 svak varme og r\u00f8r ofte. Risen er klar etter omtrent 15-20 minutter (tyggemotstand).<\/p>\n<p>Rens og skj\u00e6r soppen i skiver. Stek den i 50 g sm\u00f8r og smak til med salt og pepper. R\u00f8r soppen inn i risen og tilsett revet Gruy\u00e8re AOP.<\/p>\n<p>Server umiddelbart og topp med et par biter sm\u00f8r, revet Gruy\u00e8re AOP, svartk\u00e5len, noen blader rosmarin og litt av den stekte soppen. Nyt med f.eks. et glass Chardonnay.[\/et_pb_text][\/et_pb_column][\/et_pb_row][et_pb_row _builder_version=&#8221;4.4.2&#8243; width=&#8221;100%&#8221; max_width=&#8221;433px&#8221; animation_style=&#8221;slide&#8221; global_colors_info=&#8221;{}&#8221;][et_pb_column type=&#8221;4_4&#8243; _builder_version=&#8221;4.4.2&#8243; global_colors_info=&#8221;{}&#8221;][et_pb_image src=&#8221;https:\/\/gruyerestories.com\/archive\/wp-content\/uploads\/2021\/10\/petter_backlund-1.jpg&#8221; align=&#8221;center&#8221; _builder_version=&#8221;4.4.2&#8243; width=&#8221;34%&#8221; module_alignment=&#8221;center&#8221; custom_margin=&#8221;||13px|||&#8221; border_radii=&#8221;on|100%|100%|100%|100%&#8221; border_width_all=&#8221;3px&#8221; border_color_all=&#8221;#ffe0bc&#8221; box_shadow_style=&#8221;preset3&#8243; global_colors_info=&#8221;{}&#8221;][\/et_pb_image][et_pb_text _builder_version=&#8221;4.4.2&#8243; text_text_color=&#8221;#242424&#8243; text_font_size=&#8221;19px&#8221; text_orientation=&#8221;center&#8221; custom_padding=&#8221;||23px|||&#8221; global_colors_info=&#8221;{}&#8221;]<a href=\"https:\/\/www.instagram.com\/petter_backlund\/\" target=\"_blank\" rel=\"noopener noreferrer\">@petter_backlund<\/a>[\/et_pb_text][et_pb_image src=&#8221;https:\/\/gruyerestories.com\/archive\/wp-content\/uploads\/2021\/10\/3-1.jpg&#8221; title_text=&#8221;3&#8243; align=&#8221;center&#8221; _builder_version=&#8221;4.4.7&#8243; box_shadow_style=&#8221;preset3&#8243; global_colors_info=&#8221;{}&#8221;][\/et_pb_image][\/et_pb_column][\/et_pb_row][\/et_pb_section]<\/p>\n","protected":false},"excerpt":{"rendered":"<p>av Petter B\u00e4cklundIngredienser: 1 hvitl\u00f8kfedd 3 sjalottl\u00f8k 3 ss olivenolje 3 dl arborioris 2 dl hvitvin 9 dl soppbuljong 150 g skogsopp 20 g t\u00f8rkede kantareller (eller 200 g ferske) 75 g sm\u00f8r 3 dl revet Le Gruy\u00e8re AOP salt og nykvernet svart pepper 3 blader svartk\u00e5l 2 kvister rosmarinTilbereding: Skj\u00e6r ut stengelen p\u00e5 svartk\u00e5len [&hellip;]<\/p>\n","protected":false},"author":1,"featured_media":226,"parent":0,"menu_order":0,"comment_status":"closed","ping_status":"closed","template":"","meta":{"_et_pb_use_builder":"on","_et_pb_old_content":"","_et_gb_content_width":""},"yoast_head":"<!-- This site is optimized with the Yoast SEO plugin v20.6 - https:\/\/yoast.com\/wordpress\/plugins\/seo\/ -->\n<title>Risotto med sopp - The Stories of Le Gruy\u00e9re AOP<\/title>\n<meta name=\"robots\" content=\"index, follow, max-snippet:-1, max-image-preview:large, max-video-preview:-1\" \/>\n<link rel=\"canonical\" href=\"https:\/\/gruyerestories.com\/archive\/no\/risotto-med-sopp\/\" \/>\n<meta property=\"og:locale\" content=\"en_US\" \/>\n<meta property=\"og:type\" content=\"article\" \/>\n<meta property=\"og:title\" content=\"Risotto med sopp - The Stories of Le Gruy\u00e9re AOP\" \/>\n<meta property=\"og:description\" content=\"av Petter B\u00e4cklundIngredienser: 1 hvitl\u00f8kfedd 3 sjalottl\u00f8k 3 ss olivenolje 3 dl arborioris 2 dl hvitvin 9 dl soppbuljong 150 g skogsopp 20 g t\u00f8rkede kantareller (eller 200 g ferske) 75 g sm\u00f8r 3 dl revet Le Gruy\u00e8re AOP salt og nykvernet svart pepper 3 blader svartk\u00e5l 2 kvister rosmarinTilbereding: Skj\u00e6r ut stengelen p\u00e5 svartk\u00e5len [&hellip;]\" \/>\n<meta property=\"og:url\" content=\"https:\/\/gruyerestories.com\/archive\/no\/risotto-med-sopp\/\" \/>\n<meta property=\"og:site_name\" content=\"The Stories of Le Gruy\u00e9re AOP\" \/>\n<meta property=\"og:image\" content=\"https:\/\/gruyerestories.com\/archive\/wp-content\/uploads\/2020\/04\/risotto-metsasienilla-ja-juustolla-full.jpg\" \/>\n\t<meta property=\"og:image:width\" content=\"600\" \/>\n\t<meta property=\"og:image:height\" content=\"798\" \/>\n\t<meta property=\"og:image:type\" content=\"image\/jpeg\" \/>\n<meta name=\"twitter:card\" content=\"summary_large_image\" \/>\n<meta name=\"twitter:label1\" content=\"Est. reading time\" \/>\n\t<meta name=\"twitter:data1\" content=\"5 minutes\" \/>\n<script type=\"application\/ld+json\" class=\"yoast-schema-graph\">{\"@context\":\"https:\/\/schema.org\",\"@graph\":[{\"@type\":\"WebPage\",\"@id\":\"https:\/\/gruyerestories.com\/archive\/no\/risotto-med-sopp\/\",\"url\":\"https:\/\/gruyerestories.com\/archive\/no\/risotto-med-sopp\/\",\"name\":\"Risotto med sopp - The Stories of Le Gruy\u00e9re AOP\",\"isPartOf\":{\"@id\":\"https:\/\/gruyerestories.com\/archive\/#website\"},\"datePublished\":\"2021-10-14T12:46:40+00:00\",\"dateModified\":\"2021-10-14T12:46:40+00:00\",\"breadcrumb\":{\"@id\":\"https:\/\/gruyerestories.com\/archive\/no\/risotto-med-sopp\/#breadcrumb\"},\"inLanguage\":\"en-US\",\"potentialAction\":[{\"@type\":\"ReadAction\",\"target\":[\"https:\/\/gruyerestories.com\/archive\/no\/risotto-med-sopp\/\"]}]},{\"@type\":\"BreadcrumbList\",\"@id\":\"https:\/\/gruyerestories.com\/archive\/no\/risotto-med-sopp\/#breadcrumb\",\"itemListElement\":[{\"@type\":\"ListItem\",\"position\":1,\"name\":\"Home\",\"item\":\"https:\/\/gruyerestories.com\/archive\/\"},{\"@type\":\"ListItem\",\"position\":2,\"name\":\"Risotto med sopp\"}]},{\"@type\":\"WebSite\",\"@id\":\"https:\/\/gruyerestories.com\/archive\/#website\",\"url\":\"https:\/\/gruyerestories.com\/archive\/\",\"name\":\"The Stories of Le Gruy\u00e9re AOP\",\"description\":\"Share your story about Le Gruy\u00e8re AOP for a chance to win!\",\"publisher\":{\"@id\":\"https:\/\/gruyerestories.com\/archive\/#organization\"},\"potentialAction\":[{\"@type\":\"SearchAction\",\"target\":{\"@type\":\"EntryPoint\",\"urlTemplate\":\"https:\/\/gruyerestories.com\/archive\/?s={search_term_string}\"},\"query-input\":\"required name=search_term_string\"}],\"inLanguage\":\"en-US\"},{\"@type\":\"Organization\",\"@id\":\"https:\/\/gruyerestories.com\/archive\/#organization\",\"name\":\"The Stories of Le Gruy\u00e9re AOP\",\"url\":\"https:\/\/gruyerestories.com\/archive\/\",\"logo\":{\"@type\":\"ImageObject\",\"inLanguage\":\"en-US\",\"@id\":\"https:\/\/gruyerestories.com\/archive\/#\/schema\/logo\/image\/\",\"url\":\"https:\/\/gruyerestories.com\/archive\/wp-content\/uploads\/2020\/04\/le-gruyere-logo.svg\",\"contentUrl\":\"https:\/\/gruyerestories.com\/archive\/wp-content\/uploads\/2020\/04\/le-gruyere-logo.svg\",\"width\":1,\"height\":1,\"caption\":\"The Stories of Le Gruy\u00e9re AOP\"},\"image\":{\"@id\":\"https:\/\/gruyerestories.com\/archive\/#\/schema\/logo\/image\/\"}}]}<\/script>\n<!-- \/ Yoast SEO plugin. -->","yoast_head_json":{"title":"Risotto med sopp - The Stories of Le Gruy\u00e9re AOP","robots":{"index":"index","follow":"follow","max-snippet":"max-snippet:-1","max-image-preview":"max-image-preview:large","max-video-preview":"max-video-preview:-1"},"canonical":"https:\/\/gruyerestories.com\/archive\/no\/risotto-med-sopp\/","og_locale":"en_US","og_type":"article","og_title":"Risotto med sopp - The Stories of Le Gruy\u00e9re AOP","og_description":"av Petter B\u00e4cklundIngredienser: 1 hvitl\u00f8kfedd 3 sjalottl\u00f8k 3 ss olivenolje 3 dl arborioris 2 dl hvitvin 9 dl soppbuljong 150 g skogsopp 20 g t\u00f8rkede kantareller (eller 200 g ferske) 75 g sm\u00f8r 3 dl revet Le Gruy\u00e8re AOP salt og nykvernet svart pepper 3 blader svartk\u00e5l 2 kvister rosmarinTilbereding: Skj\u00e6r ut stengelen p\u00e5 svartk\u00e5len [&hellip;]","og_url":"https:\/\/gruyerestories.com\/archive\/no\/risotto-med-sopp\/","og_site_name":"The Stories of Le Gruy\u00e9re AOP","og_image":[{"width":600,"height":798,"url":"https:\/\/gruyerestories.com\/archive\/wp-content\/uploads\/2020\/04\/risotto-metsasienilla-ja-juustolla-full.jpg","type":"image\/jpeg"}],"twitter_card":"summary_large_image","twitter_misc":{"Est. reading time":"5 minutes"},"schema":{"@context":"https:\/\/schema.org","@graph":[{"@type":"WebPage","@id":"https:\/\/gruyerestories.com\/archive\/no\/risotto-med-sopp\/","url":"https:\/\/gruyerestories.com\/archive\/no\/risotto-med-sopp\/","name":"Risotto med sopp - The Stories of Le Gruy\u00e9re AOP","isPartOf":{"@id":"https:\/\/gruyerestories.com\/archive\/#website"},"datePublished":"2021-10-14T12:46:40+00:00","dateModified":"2021-10-14T12:46:40+00:00","breadcrumb":{"@id":"https:\/\/gruyerestories.com\/archive\/no\/risotto-med-sopp\/#breadcrumb"},"inLanguage":"en-US","potentialAction":[{"@type":"ReadAction","target":["https:\/\/gruyerestories.com\/archive\/no\/risotto-med-sopp\/"]}]},{"@type":"BreadcrumbList","@id":"https:\/\/gruyerestories.com\/archive\/no\/risotto-med-sopp\/#breadcrumb","itemListElement":[{"@type":"ListItem","position":1,"name":"Home","item":"https:\/\/gruyerestories.com\/archive\/"},{"@type":"ListItem","position":2,"name":"Risotto med sopp"}]},{"@type":"WebSite","@id":"https:\/\/gruyerestories.com\/archive\/#website","url":"https:\/\/gruyerestories.com\/archive\/","name":"The Stories of Le Gruy\u00e9re AOP","description":"Share your story about Le Gruy\u00e8re AOP for a chance to win!","publisher":{"@id":"https:\/\/gruyerestories.com\/archive\/#organization"},"potentialAction":[{"@type":"SearchAction","target":{"@type":"EntryPoint","urlTemplate":"https:\/\/gruyerestories.com\/archive\/?s={search_term_string}"},"query-input":"required name=search_term_string"}],"inLanguage":"en-US"},{"@type":"Organization","@id":"https:\/\/gruyerestories.com\/archive\/#organization","name":"The Stories of Le Gruy\u00e9re AOP","url":"https:\/\/gruyerestories.com\/archive\/","logo":{"@type":"ImageObject","inLanguage":"en-US","@id":"https:\/\/gruyerestories.com\/archive\/#\/schema\/logo\/image\/","url":"https:\/\/gruyerestories.com\/archive\/wp-content\/uploads\/2020\/04\/le-gruyere-logo.svg","contentUrl":"https:\/\/gruyerestories.com\/archive\/wp-content\/uploads\/2020\/04\/le-gruyere-logo.svg","width":1,"height":1,"caption":"The Stories of Le Gruy\u00e9re AOP"},"image":{"@id":"https:\/\/gruyerestories.com\/archive\/#\/schema\/logo\/image\/"}}]}},"_links":{"self":[{"href":"https:\/\/gruyerestories.com\/archive\/wp-json\/wp\/v2\/pages\/1682"}],"collection":[{"href":"https:\/\/gruyerestories.com\/archive\/wp-json\/wp\/v2\/pages"}],"about":[{"href":"https:\/\/gruyerestories.com\/archive\/wp-json\/wp\/v2\/types\/page"}],"author":[{"embeddable":true,"href":"https:\/\/gruyerestories.com\/archive\/wp-json\/wp\/v2\/users\/1"}],"replies":[{"embeddable":true,"href":"https:\/\/gruyerestories.com\/archive\/wp-json\/wp\/v2\/comments?post=1682"}],"version-history":[{"count":2,"href":"https:\/\/gruyerestories.com\/archive\/wp-json\/wp\/v2\/pages\/1682\/revisions"}],"predecessor-version":[{"id":1685,"href":"https:\/\/gruyerestories.com\/archive\/wp-json\/wp\/v2\/pages\/1682\/revisions\/1685"}],"wp:featuredmedia":[{"embeddable":true,"href":"https:\/\/gruyerestories.com\/archive\/wp-json\/wp\/v2\/media\/226"}],"wp:attachment":[{"href":"https:\/\/gruyerestories.com\/archive\/wp-json\/wp\/v2\/media?parent=1682"}],"curies":[{"name":"wp","href":"https:\/\/api.w.org\/{rel}","templated":true}]}}