{"id":1205,"date":"2021-09-02T14:34:15","date_gmt":"2021-09-02T11:34:15","guid":{"rendered":"https:\/\/gruyerestories.com\/archive\/?page_id=1205"},"modified":"2021-09-02T14:36:44","modified_gmt":"2021-09-02T11:36:44","slug":"pizzat-le-gruyere-aop-kuorrutuksella","status":"publish","type":"page","link":"https:\/\/gruyerestories.com\/archive\/fi\/pizzat-le-gruyere-aop-kuorrutuksella\/","title":{"rendered":"Pizza Tarte Flamb\u00e9e"},"content":{"rendered":"<p>[et_pb_section fb_built=&#8221;1&#8243; custom_padding_last_edited=&#8221;on|phone&#8221; admin_label=&#8221;Section&#8221; module_id=&#8221;reseptiheader&#8221; _builder_version=&#8221;4.9.7&#8243; background_color=&#8221;#343434&#8243; background_color_gradient_direction=&#8221;248deg&#8221; background_enable_image=&#8221;off&#8221; background_size=&#8221;contain&#8221; background_position=&#8221;bottom_center&#8221; custom_padding=&#8221;109px|||||&#8221; custom_padding_tablet=&#8221;60px||||false|false&#8221; custom_padding_phone=&#8221;30px||||false|false&#8221; da_popup_slug=&#8221;reseptiheader&#8221; da_disable_devices=&#8221;off|off|off&#8221; global_colors_info=&#8221;{}&#8221; da_is_popup=&#8221;off&#8221; da_exit_intent=&#8221;off&#8221; da_has_close=&#8221;on&#8221; da_alt_close=&#8221;off&#8221; da_dark_close=&#8221;off&#8221; da_not_modal=&#8221;on&#8221; da_is_singular=&#8221;off&#8221; da_with_loader=&#8221;off&#8221; da_has_shadow=&#8221;on&#8221;][et_pb_row column_structure=&#8221;1_2,1_2&#8243; make_equal=&#8221;on&#8221; custom_padding_last_edited=&#8221;on|phone&#8221; _builder_version=&#8221;4.4.2&#8243; custom_padding=&#8221;49px||0px|||&#8221; custom_padding_tablet=&#8221;||0px||false|false&#8221; custom_padding_phone=&#8221;&#8221; global_colors_info=&#8221;{}&#8221;][et_pb_column type=&#8221;1_2&#8243; _builder_version=&#8221;4.4.2&#8243; animation_style=&#8221;slide&#8221; animation_direction=&#8221;left&#8221; custom_css_main_element=&#8221;margin:auto;&#8221; global_colors_info=&#8221;{}&#8221;][et_pb_post_title meta=&#8221;off&#8221; featured_image=&#8221;off&#8221; _builder_version=&#8221;4.4.2&#8243; title_text_color=&#8221;#ffe0bc&#8221; title_font_size=&#8221;56px&#8221; text_orientation=&#8221;right&#8221; custom_margin=&#8221;-40px||5px||false|false&#8221; custom_margin_tablet=&#8221;&#8221; custom_margin_phone=&#8221;&#8221; custom_margin_last_edited=&#8221;on|phone&#8221; title_text_align_tablet=&#8221;center&#8221; title_text_align_phone=&#8221;&#8221; title_text_align_last_edited=&#8221;on|phone&#8221; title_font_size_tablet=&#8221;50px&#8221; title_font_size_phone=&#8221;31px&#8221; title_font_size_last_edited=&#8221;on|desktop&#8221; global_colors_info=&#8221;{}&#8221;][\/et_pb_post_title][et_pb_text _builder_version=&#8221;4.4.2&#8243; text_orientation=&#8221;right&#8221; background_layout=&#8221;dark&#8221; custom_margin=&#8221;||21px|||&#8221; text_orientation_tablet=&#8221;center&#8221; text_orientation_phone=&#8221;&#8221; text_orientation_last_edited=&#8221;on|phone&#8221; global_colors_info=&#8221;{}&#8221;]<\/p>\n<h4>by Petter B\u00e4cklund<\/h4>\n<p>[\/et_pb_text][\/et_pb_column][et_pb_column type=&#8221;1_2&#8243; _builder_version=&#8221;4.4.2&#8243; global_colors_info=&#8221;{}&#8221;][et_pb_post_title title=&#8221;off&#8221; meta=&#8221;off&#8221; _builder_version=&#8221;4.4.2&#8243; position_origin_a=&#8221;center_center&#8221; vertical_offset=&#8221;-137px&#8221; width=&#8221;100%&#8221; custom_margin=&#8221;-30px||||false|false&#8221; custom_margin_tablet=&#8221;0px||||false|false&#8221; custom_margin_phone=&#8221;&#8221; custom_margin_last_edited=&#8221;on|phone&#8221; animation_style=&#8221;slide&#8221; animation_direction=&#8221;right&#8221; box_shadow_style=&#8221;preset3&#8243; global_colors_info=&#8221;{}&#8221;][\/et_pb_post_title][\/et_pb_column][\/et_pb_row][\/et_pb_section][et_pb_section fb_built=&#8221;1&#8243; admin_label=&#8221;Section&#8221; module_id=&#8221;resepticontent&#8221; _builder_version=&#8221;4.9.7&#8243; use_background_color_gradient=&#8221;on&#8221; background_color_gradient_start=&#8221;#ddd6c2&#8243; background_color_gradient_end=&#8221;#ffffff&#8221; custom_padding=&#8221;0px|||||&#8221; da_popup_slug=&#8221;resepticontent&#8221; da_disable_devices=&#8221;off|off|off&#8221; global_colors_info=&#8221;{}&#8221; da_is_popup=&#8221;off&#8221; da_exit_intent=&#8221;off&#8221; da_has_close=&#8221;on&#8221; da_alt_close=&#8221;off&#8221; da_dark_close=&#8221;off&#8221; da_not_modal=&#8221;on&#8221; da_is_singular=&#8221;off&#8221; da_with_loader=&#8221;off&#8221; da_has_shadow=&#8221;on&#8221;][et_pb_row column_structure=&#8221;1_2,1_2&#8243; _builder_version=&#8221;4.4.2&#8243; animation_style=&#8221;fade&#8221; global_colors_info=&#8221;{}&#8221;][et_pb_column type=&#8221;1_2&#8243; _builder_version=&#8221;4.4.2&#8243; global_colors_info=&#8221;{}&#8221;][et_pb_text _builder_version=&#8221;4.10.5&#8243; text_orientation=&#8221;right&#8221; custom_padding=&#8221;||20px|||&#8221; text_orientation_tablet=&#8221;left&#8221; text_orientation_phone=&#8221;&#8221; text_orientation_last_edited=&#8221;on|tablet&#8221; global_colors_info=&#8221;{}&#8221;]<\/p>\n<h4>Ainekset:<\/h4>\n<p>(Noin kahdeksan kappaletta)<br \/>\n25 g tuoretta hiivaa<br \/>\n2 \u00bd dl vett\u00e4<br \/>\n2 rkl oliivi\u00f6ljy\u00e4<br \/>\n7 dl vehn\u00e4jauhoja<br \/>\n\u00bd tl suolaa<br \/>\n200 g Gruy\u00e8re AOP -juustoa<br \/>\n3 perunaa<br \/>\nTuoretta rosmariinia<br \/>\n3 valkosipulinkyntt\u00e4<br \/>\n50 g manteleita<br \/>\n500 g romantica-tomaatteja<br \/>\nOliivi\u00f6ljy\u00e4[\/et_pb_text][\/et_pb_column][et_pb_column type=&#8221;1_2&#8243; _builder_version=&#8221;4.4.2&#8243; global_colors_info=&#8221;{}&#8221;][et_pb_text _builder_version=&#8221;4.10.5&#8243; text_orientation_tablet=&#8221;left&#8221; text_orientation_phone=&#8221;&#8221; text_orientation_last_edited=&#8221;on|tablet&#8221; global_colors_info=&#8221;{}&#8221;]<\/p>\n<h4>Valmistus:<\/h4>\n<p>Valmista perinteinen pizzataikina. Kuumenna uuni 250 \u00b0C:n l\u00e4mp\u00f6tilaan ja aseta uuniritil\u00e4 keski-tasolle, kun taikina lep\u00e4\u00e4.<\/p>\n<p>Peit\u00e4 romantica-tomaatit oliivi\u00f6ljyll\u00e4 pieness\u00e4 pannussa ja paista uunissa noin tunnin ajan.<\/p>\n<p>Viipaloi perunat ohuiksi mandoliinilla, raasta juusto, pilko mantelit karkeasti ja viipaloi valkosipuli ohuiksi siivuiksi.<\/p>\n<p>Kumoa taikina jauhotetulle pinnalle ja vaivaa yhden minuutin ajan, kunnes taikina on tasainen ja joustava. (Jauhota k\u00e4tesi tarvittaessa, jotta taikina ei tartu kiinni.)<\/p>\n<p>Kauli taikina ja siirr\u00e4 se leivinpaperilla p\u00e4\u00e4llystetylle uunipellille.<\/p>\n<p>Ripottele pizzojen p\u00e4\u00e4lle oliivi\u00f6ljy\u00e4 ja lis\u00e4\u00e4 sitten loput t\u00e4yteaineet, paitsi mantelit ja tomaatit, jotka voit lis\u00e4t\u00e4 j\u00e4lkik\u00e4teen.<\/p>\n<p>Paista kunnes pinta alkaa ruskistua ja reunat ovat kullanruskeat ja rapeat. Lis\u00e4\u00e4 mantelit ja tomaatit ja nauti heti.[\/et_pb_text][\/et_pb_column][\/et_pb_row][et_pb_row _builder_version=&#8221;4.4.2&#8243; width=&#8221;100%&#8221; max_width=&#8221;433px&#8221; animation_style=&#8221;slide&#8221; global_colors_info=&#8221;{}&#8221;][et_pb_column type=&#8221;4_4&#8243; _builder_version=&#8221;4.4.2&#8243; global_colors_info=&#8221;{}&#8221;][et_pb_image src=&#8221;https:\/\/gruyerestories.com\/archive\/wp-content\/uploads\/2020\/04\/petter_backlund.jpg&#8221; align=&#8221;center&#8221; _builder_version=&#8221;4.4.2&#8243; width=&#8221;34%&#8221; module_alignment=&#8221;center&#8221; custom_margin=&#8221;||13px|||&#8221; border_radii=&#8221;on|100%|100%|100%|100%&#8221; border_width_all=&#8221;3px&#8221; border_color_all=&#8221;#ffe0bc&#8221; box_shadow_style=&#8221;preset3&#8243; global_colors_info=&#8221;{}&#8221;][\/et_pb_image][et_pb_text _builder_version=&#8221;4.4.2&#8243; text_text_color=&#8221;#242424&#8243; text_font_size=&#8221;19px&#8221; text_orientation=&#8221;center&#8221; custom_margin=&#8221;||25px|||&#8221; global_colors_info=&#8221;{}&#8221;]<a href=\"https:\/\/www.instagram.com\/petter_backlund\/\" target=\"_blank\" rel=\"noopener noreferrer\">@petter_backlund<\/a>[\/et_pb_text][et_pb_image src=&#8221;https:\/\/gruyerestories.com\/archive\/wp-content\/uploads\/2020\/04\/1.jpg&#8221; align=&#8221;center&#8221; _builder_version=&#8221;4.4.2&#8243; box_shadow_style=&#8221;preset3&#8243; global_colors_info=&#8221;{}&#8221;][\/et_pb_image][\/et_pb_column][\/et_pb_row][\/et_pb_section]<\/p>\n","protected":false},"excerpt":{"rendered":"<p>by Petter B\u00e4cklundAinekset: (Noin kahdeksan kappaletta) 25 g tuoretta hiivaa 2 \u00bd dl vett\u00e4 2 rkl oliivi\u00f6ljy\u00e4 7 dl vehn\u00e4jauhoja \u00bd tl suolaa 200 g Gruy\u00e8re AOP -juustoa 3 perunaa Tuoretta rosmariinia 3 valkosipulinkyntt\u00e4 50 g manteleita 500 g romantica-tomaatteja Oliivi\u00f6ljy\u00e4Valmistus: Valmista perinteinen pizzataikina. Kuumenna uuni 250 \u00b0C:n l\u00e4mp\u00f6tilaan ja aseta uuniritil\u00e4 keski-tasolle, kun taikina [&hellip;]<\/p>\n","protected":false},"author":1,"featured_media":140,"parent":0,"menu_order":0,"comment_status":"closed","ping_status":"closed","template":"","meta":{"_et_pb_use_builder":"on","_et_pb_old_content":"","_et_gb_content_width":""},"yoast_head":"<!-- This site is optimized with the Yoast SEO plugin v20.6 - https:\/\/yoast.com\/wordpress\/plugins\/seo\/ -->\n<title>Pizza Tarte Flamb\u00e9e - The Stories of Le Gruy\u00e9re AOP<\/title>\n<meta name=\"robots\" content=\"index, follow, max-snippet:-1, max-image-preview:large, max-video-preview:-1\" \/>\n<link rel=\"canonical\" href=\"https:\/\/gruyerestories.com\/archive\/fi\/pizzat-le-gruyere-aop-kuorrutuksella\/\" \/>\n<meta property=\"og:locale\" content=\"en_US\" \/>\n<meta property=\"og:type\" content=\"article\" \/>\n<meta property=\"og:title\" content=\"Pizza Tarte Flamb\u00e9e - The Stories of Le Gruy\u00e9re AOP\" \/>\n<meta property=\"og:description\" content=\"by Petter B\u00e4cklundAinekset: (Noin kahdeksan kappaletta) 25 g tuoretta hiivaa 2 \u00bd dl vett\u00e4 2 rkl oliivi\u00f6ljy\u00e4 7 dl vehn\u00e4jauhoja \u00bd tl suolaa 200 g Gruy\u00e8re AOP -juustoa 3 perunaa Tuoretta rosmariinia 3 valkosipulinkyntt\u00e4 50 g manteleita 500 g romantica-tomaatteja Oliivi\u00f6ljy\u00e4Valmistus: Valmista perinteinen pizzataikina. Kuumenna uuni 250 \u00b0C:n l\u00e4mp\u00f6tilaan ja aseta uuniritil\u00e4 keski-tasolle, kun taikina [&hellip;]\" \/>\n<meta property=\"og:url\" content=\"https:\/\/gruyerestories.com\/archive\/fi\/pizzat-le-gruyere-aop-kuorrutuksella\/\" \/>\n<meta property=\"og:site_name\" content=\"The Stories of Le Gruy\u00e9re AOP\" \/>\n<meta property=\"article:modified_time\" content=\"2021-09-02T11:36:44+00:00\" \/>\n<meta property=\"og:image\" content=\"https:\/\/gruyerestories.com\/archive\/wp-content\/uploads\/2020\/04\/pizza-tarte-flambee2.jpg\" \/>\n\t<meta property=\"og:image:width\" content=\"600\" \/>\n\t<meta property=\"og:image:height\" content=\"798\" \/>\n\t<meta property=\"og:image:type\" content=\"image\/jpeg\" \/>\n<meta name=\"twitter:card\" content=\"summary_large_image\" \/>\n<meta name=\"twitter:label1\" content=\"Est. reading time\" \/>\n\t<meta name=\"twitter:data1\" content=\"2 minutes\" \/>\n<script type=\"application\/ld+json\" class=\"yoast-schema-graph\">{\"@context\":\"https:\/\/schema.org\",\"@graph\":[{\"@type\":\"WebPage\",\"@id\":\"https:\/\/gruyerestories.com\/archive\/fi\/pizzat-le-gruyere-aop-kuorrutuksella\/\",\"url\":\"https:\/\/gruyerestories.com\/archive\/fi\/pizzat-le-gruyere-aop-kuorrutuksella\/\",\"name\":\"Pizza Tarte Flamb\u00e9e - The Stories of Le Gruy\u00e9re AOP\",\"isPartOf\":{\"@id\":\"https:\/\/gruyerestories.com\/archive\/#website\"},\"datePublished\":\"2021-09-02T11:34:15+00:00\",\"dateModified\":\"2021-09-02T11:36:44+00:00\",\"breadcrumb\":{\"@id\":\"https:\/\/gruyerestories.com\/archive\/fi\/pizzat-le-gruyere-aop-kuorrutuksella\/#breadcrumb\"},\"inLanguage\":\"en-US\",\"potentialAction\":[{\"@type\":\"ReadAction\",\"target\":[\"https:\/\/gruyerestories.com\/archive\/fi\/pizzat-le-gruyere-aop-kuorrutuksella\/\"]}]},{\"@type\":\"BreadcrumbList\",\"@id\":\"https:\/\/gruyerestories.com\/archive\/fi\/pizzat-le-gruyere-aop-kuorrutuksella\/#breadcrumb\",\"itemListElement\":[{\"@type\":\"ListItem\",\"position\":1,\"name\":\"Home\",\"item\":\"https:\/\/gruyerestories.com\/archive\/\"},{\"@type\":\"ListItem\",\"position\":2,\"name\":\"Pizza Tarte Flamb\u00e9e\"}]},{\"@type\":\"WebSite\",\"@id\":\"https:\/\/gruyerestories.com\/archive\/#website\",\"url\":\"https:\/\/gruyerestories.com\/archive\/\",\"name\":\"The Stories of Le Gruy\u00e9re AOP\",\"description\":\"Share your story about Le Gruy\u00e8re AOP for a chance to win!\",\"publisher\":{\"@id\":\"https:\/\/gruyerestories.com\/archive\/#organization\"},\"potentialAction\":[{\"@type\":\"SearchAction\",\"target\":{\"@type\":\"EntryPoint\",\"urlTemplate\":\"https:\/\/gruyerestories.com\/archive\/?s={search_term_string}\"},\"query-input\":\"required name=search_term_string\"}],\"inLanguage\":\"en-US\"},{\"@type\":\"Organization\",\"@id\":\"https:\/\/gruyerestories.com\/archive\/#organization\",\"name\":\"The Stories of Le Gruy\u00e9re AOP\",\"url\":\"https:\/\/gruyerestories.com\/archive\/\",\"logo\":{\"@type\":\"ImageObject\",\"inLanguage\":\"en-US\",\"@id\":\"https:\/\/gruyerestories.com\/archive\/#\/schema\/logo\/image\/\",\"url\":\"https:\/\/gruyerestories.com\/archive\/wp-content\/uploads\/2020\/04\/le-gruyere-logo.svg\",\"contentUrl\":\"https:\/\/gruyerestories.com\/archive\/wp-content\/uploads\/2020\/04\/le-gruyere-logo.svg\",\"width\":1,\"height\":1,\"caption\":\"The Stories of Le Gruy\u00e9re AOP\"},\"image\":{\"@id\":\"https:\/\/gruyerestories.com\/archive\/#\/schema\/logo\/image\/\"}}]}<\/script>\n<!-- \/ Yoast SEO plugin. -->","yoast_head_json":{"title":"Pizza Tarte Flamb\u00e9e - The Stories of Le Gruy\u00e9re AOP","robots":{"index":"index","follow":"follow","max-snippet":"max-snippet:-1","max-image-preview":"max-image-preview:large","max-video-preview":"max-video-preview:-1"},"canonical":"https:\/\/gruyerestories.com\/archive\/fi\/pizzat-le-gruyere-aop-kuorrutuksella\/","og_locale":"en_US","og_type":"article","og_title":"Pizza Tarte Flamb\u00e9e - The Stories of Le Gruy\u00e9re AOP","og_description":"by Petter B\u00e4cklundAinekset: (Noin kahdeksan kappaletta) 25 g tuoretta hiivaa 2 \u00bd dl vett\u00e4 2 rkl oliivi\u00f6ljy\u00e4 7 dl vehn\u00e4jauhoja \u00bd tl suolaa 200 g Gruy\u00e8re AOP -juustoa 3 perunaa Tuoretta rosmariinia 3 valkosipulinkyntt\u00e4 50 g manteleita 500 g romantica-tomaatteja Oliivi\u00f6ljy\u00e4Valmistus: Valmista perinteinen pizzataikina. Kuumenna uuni 250 \u00b0C:n l\u00e4mp\u00f6tilaan ja aseta uuniritil\u00e4 keski-tasolle, kun taikina [&hellip;]","og_url":"https:\/\/gruyerestories.com\/archive\/fi\/pizzat-le-gruyere-aop-kuorrutuksella\/","og_site_name":"The Stories of Le Gruy\u00e9re AOP","article_modified_time":"2021-09-02T11:36:44+00:00","og_image":[{"width":600,"height":798,"url":"https:\/\/gruyerestories.com\/archive\/wp-content\/uploads\/2020\/04\/pizza-tarte-flambee2.jpg","type":"image\/jpeg"}],"twitter_card":"summary_large_image","twitter_misc":{"Est. reading time":"2 minutes"},"schema":{"@context":"https:\/\/schema.org","@graph":[{"@type":"WebPage","@id":"https:\/\/gruyerestories.com\/archive\/fi\/pizzat-le-gruyere-aop-kuorrutuksella\/","url":"https:\/\/gruyerestories.com\/archive\/fi\/pizzat-le-gruyere-aop-kuorrutuksella\/","name":"Pizza Tarte Flamb\u00e9e - The Stories of Le Gruy\u00e9re AOP","isPartOf":{"@id":"https:\/\/gruyerestories.com\/archive\/#website"},"datePublished":"2021-09-02T11:34:15+00:00","dateModified":"2021-09-02T11:36:44+00:00","breadcrumb":{"@id":"https:\/\/gruyerestories.com\/archive\/fi\/pizzat-le-gruyere-aop-kuorrutuksella\/#breadcrumb"},"inLanguage":"en-US","potentialAction":[{"@type":"ReadAction","target":["https:\/\/gruyerestories.com\/archive\/fi\/pizzat-le-gruyere-aop-kuorrutuksella\/"]}]},{"@type":"BreadcrumbList","@id":"https:\/\/gruyerestories.com\/archive\/fi\/pizzat-le-gruyere-aop-kuorrutuksella\/#breadcrumb","itemListElement":[{"@type":"ListItem","position":1,"name":"Home","item":"https:\/\/gruyerestories.com\/archive\/"},{"@type":"ListItem","position":2,"name":"Pizza Tarte Flamb\u00e9e"}]},{"@type":"WebSite","@id":"https:\/\/gruyerestories.com\/archive\/#website","url":"https:\/\/gruyerestories.com\/archive\/","name":"The Stories of Le Gruy\u00e9re AOP","description":"Share your story about Le Gruy\u00e8re AOP for a chance to win!","publisher":{"@id":"https:\/\/gruyerestories.com\/archive\/#organization"},"potentialAction":[{"@type":"SearchAction","target":{"@type":"EntryPoint","urlTemplate":"https:\/\/gruyerestories.com\/archive\/?s={search_term_string}"},"query-input":"required name=search_term_string"}],"inLanguage":"en-US"},{"@type":"Organization","@id":"https:\/\/gruyerestories.com\/archive\/#organization","name":"The Stories of Le Gruy\u00e9re AOP","url":"https:\/\/gruyerestories.com\/archive\/","logo":{"@type":"ImageObject","inLanguage":"en-US","@id":"https:\/\/gruyerestories.com\/archive\/#\/schema\/logo\/image\/","url":"https:\/\/gruyerestories.com\/archive\/wp-content\/uploads\/2020\/04\/le-gruyere-logo.svg","contentUrl":"https:\/\/gruyerestories.com\/archive\/wp-content\/uploads\/2020\/04\/le-gruyere-logo.svg","width":1,"height":1,"caption":"The Stories of Le Gruy\u00e9re AOP"},"image":{"@id":"https:\/\/gruyerestories.com\/archive\/#\/schema\/logo\/image\/"}}]}},"_links":{"self":[{"href":"https:\/\/gruyerestories.com\/archive\/wp-json\/wp\/v2\/pages\/1205"}],"collection":[{"href":"https:\/\/gruyerestories.com\/archive\/wp-json\/wp\/v2\/pages"}],"about":[{"href":"https:\/\/gruyerestories.com\/archive\/wp-json\/wp\/v2\/types\/page"}],"author":[{"embeddable":true,"href":"https:\/\/gruyerestories.com\/archive\/wp-json\/wp\/v2\/users\/1"}],"replies":[{"embeddable":true,"href":"https:\/\/gruyerestories.com\/archive\/wp-json\/wp\/v2\/comments?post=1205"}],"version-history":[{"count":4,"href":"https:\/\/gruyerestories.com\/archive\/wp-json\/wp\/v2\/pages\/1205\/revisions"}],"predecessor-version":[{"id":1211,"href":"https:\/\/gruyerestories.com\/archive\/wp-json\/wp\/v2\/pages\/1205\/revisions\/1211"}],"wp:featuredmedia":[{"embeddable":true,"href":"https:\/\/gruyerestories.com\/archive\/wp-json\/wp\/v2\/media\/140"}],"wp:attachment":[{"href":"https:\/\/gruyerestories.com\/archive\/wp-json\/wp\/v2\/media?parent=1205"}],"curies":[{"name":"wp","href":"https:\/\/api.w.org\/{rel}","templated":true}]}}